{"id":5984,"date":"2022-03-18T15:14:42","date_gmt":"2022-03-18T21:14:42","guid":{"rendered":"https:\/\/pangeatacticalandoutdoors.com\/?post_type=product&#038;p=5984"},"modified":"2024-09-05T12:49:13","modified_gmt":"2024-09-05T17:49:13","slug":"ap-mascarillas-media-cara-dp-600","status":"publish","type":"product","link":"https:\/\/pangeatacticalandoutdoors.com\/index.php\/producto\/ap-mascarillas-media-cara-dp-600\/","title":{"rendered":"AP MASCARILLAS-MEDIA CARA DP 602"},"content":{"rendered":"<ul>\n<li>La pieza facial de la serie Develop PLUS 200 es de bajo mantenimiento, cubre medio rostro y est\u00e1 disponible en talla mediana.<\/li>\n<li>Por sus caracter\u00edsticas anat\u00f3micas como todos los productos de la marca AP\u00ae ajustan perfectamente a la mayor\u00eda de los rostros evitando fugas al interior.<\/li>\n<li>Por su dise\u00f1o permite ser utilizada con otros equipos de protecci\u00f3n personal.<\/li>\n<li>Sus grandes v\u00e1lvulas de inhalaci\u00f3n y exhalaci\u00f3n ayudan a disminuir la resistencia a la respiraci\u00f3n.<\/li>\n<li>Sus entradas son tipo \u201cbayoneta o de media vuelta\u201d, lo que la hace compatible con diferentes marcas.<\/li>\n<li>Cuenta con refacciones de todas sus partes.<\/li>\n<li>Totalmente ligera.<\/li>\n<\/ul>\n<p><strong>MATERIALES:<\/strong><\/p>\n<ul>\n<li>Pieza facial: Pol\u00edmero sint\u00e9tico<\/li>\n<li>Color: AP &#8211; S600<\/li>\n<li>Bandas el\u00e1sticas: Elast\u00f3mero textil<\/li>\n<li>V\u00e1lvulas: L\u00e1tex<\/li>\n<li>Arn\u00e9s y antifaz: Polipropileno<\/li>\n<\/ul>\n<p><strong>LIMITACIONES DE USO:<\/strong><\/p>\n<ul>\n<li>No usar en ambientes cuya concentraci\u00f3n<\/li>\n<li>de contaminantes, supere 10 veces el LMPE.<\/li>\n<li>No usar en atmosferas cuyo contenido de<\/li>\n<li>ox\u00edgeno sea menor a 19.5%, ni en atmosferas<\/li>\n<li>inmediatamente peligrosas para la vida y salud<\/li>\n<li>(IDLH \/ IPVS).<\/li>\n<li>Nota: entrado tipo bayoneta<\/li>\n<li>Contamos tambi\u00e9n con Pre filtros y retenedores.<\/li>\n<\/ul>\n","protected":false},"excerpt":{"rendered":"<p>La pieza facial de la serie Develop PLUS 200 es de bajo mantenimiento, cubre medio rostro y est\u00e1 disponible en talla mediana. Por sus caracter\u00edsticas anat\u00f3micas como todos los productos de la marca AP\u00ae ajustan perfectamente a la mayor\u00eda de los rostros evitando fugas al interior. Por su dise\u00f1o permite ser utilizada con otros equipos &hellip;<\/p>\n<p class=\"read-more\"> <a class=\"\" href=\"https:\/\/pangeatacticalandoutdoors.com\/index.php\/producto\/ap-mascarillas-media-cara-dp-600\/\"> <span class=\"screen-reader-text\">AP MASCARILLAS-MEDIA CARA DP 602<\/span> Leer m\u00e1s &raquo;<\/a><\/p>\n","protected":false},"featured_media":5985,"comment_status":"open","ping_status":"closed","template":"","meta":{"site-sidebar-layout":"default","site-content-layout":"default","ast-global-header-display":"","ast-main-header-display":"","ast-hfb-above-header-display":"","ast-hfb-below-header-display":"","ast-hfb-mobile-header-display":"","site-post-title":"","ast-breadcrumbs-content":"","ast-featured-img":"","footer-sml-layout":"","theme-transparent-header-meta":"default","adv-header-id-meta":"","stick-header-meta":"","header-above-stick-meta":"","header-main-stick-meta":"","header-below-stick-meta":""},"product_cat":[337,87],"product_tag":[],"class_list":["post-5984","product","type-product","status-publish","has-post-thumbnail","hentry","product_cat-proteccion-respiratoria","product_cat-ropa"],"jetpack_sharing_enabled":true,"_links":{"self":[{"href":"https:\/\/pangeatacticalandoutdoors.com\/index.php\/wp-json\/wp\/v2\/product\/5984","targetHints":{"allow":["GET"]}}],"collection":[{"href":"https:\/\/pangeatacticalandoutdoors.com\/index.php\/wp-json\/wp\/v2\/product"}],"about":[{"href":"https:\/\/pangeatacticalandoutdoors.com\/index.php\/wp-json\/wp\/v2\/types\/product"}],"replies":[{"embeddable":true,"href":"https:\/\/pangeatacticalandoutdoors.com\/index.php\/wp-json\/wp\/v2\/comments?post=5984"}],"wp:featuredmedia":[{"embeddable":true,"href":"https:\/\/pangeatacticalandoutdoors.com\/index.php\/wp-json\/wp\/v2\/media\/5985"}],"wp:attachment":[{"href":"https:\/\/pangeatacticalandoutdoors.com\/index.php\/wp-json\/wp\/v2\/media?parent=5984"}],"wp:term":[{"taxonomy":"product_cat","embeddable":true,"href":"https:\/\/pangeatacticalandoutdoors.com\/index.php\/wp-json\/wp\/v2\/product_cat?post=5984"},{"taxonomy":"product_tag","embeddable":true,"href":"https:\/\/pangeatacticalandoutdoors.com\/index.php\/wp-json\/wp\/v2\/product_tag?post=5984"}],"curies":[{"name":"wp","href":"https:\/\/api.w.org\/{rel}","templated":true}]}}