{"id":5978,"date":"2022-03-18T15:00:20","date_gmt":"2022-03-18T21:00:20","guid":{"rendered":"https:\/\/pangeatacticalandoutdoors.com\/?post_type=product&#038;p=5978"},"modified":"2022-03-18T15:00:20","modified_gmt":"2022-03-18T21:00:20","slug":"ap-mascarillas-cartucho-d109-mercurio-cloro","status":"publish","type":"product","link":"https:\/\/pangeatacticalandoutdoors.com\/index.php\/producto\/ap-mascarillas-cartucho-d109-mercurio-cloro\/","title":{"rendered":"AP MASCARILLAS-CARTUCHO D109 MERCURIO\/CLORO"},"content":{"rendered":"<p style=\"text-align: justify;\"><em><span style=\"color: #333333;\">Mercurio con LMPE-PPT menor a 0.05 mg\/m\u00b3 en 8 horas, gas Cloro con LMPE-PPT\u00a0<\/span><span style=\"color: #333333;\">menor a 3 mg\/m\u00b3 en 8 horas y Part\u00edculas y Neblinas toxicas con LMPE-PPT para 8hrs no\u00a0<\/span><span style=\"color: #333333;\">menor a 0.05 mg\/m\u00b3. (NOM-010-STPS-2000)<\/span><\/em><\/p>\n<p style=\"text-align: justify;\"><strong><span style=\"color: #333333;\">LIMITACIONES:<\/span><\/strong><\/p>\n<ul>\n<li style=\"text-align: justify;\"><span style=\"color: #333333;\">Atm\u00f3sferas con una concentraci\u00f3n mayor a lo marcado por la regulaci\u00f3n vigente.<\/span><\/li>\n<li style=\"text-align: justify;\"><span style=\"color: #333333;\">No debe usarse en atm\u00f3sferas con\u00a0<\/span><span style=\"color: #333333;\">menos del 19.5% de Oxigeno.<\/span><\/li>\n<\/ul>\n","protected":false},"excerpt":{"rendered":"<p>Mercurio con LMPE-PPT menor a 0.05 mg\/m\u00b3 en 8 horas, gas Cloro con LMPE-PPT\u00a0menor a 3 mg\/m\u00b3 en 8 horas y Part\u00edculas y Neblinas toxicas con LMPE-PPT para 8hrs no\u00a0menor a 0.05 mg\/m\u00b3. (NOM-010-STPS-2000) LIMITACIONES: Atm\u00f3sferas con una concentraci\u00f3n mayor a lo marcado por la regulaci\u00f3n vigente. No debe usarse en atm\u00f3sferas con\u00a0menos del 19.5% &hellip;<\/p>\n<p class=\"read-more\"> <a class=\"\" href=\"https:\/\/pangeatacticalandoutdoors.com\/index.php\/producto\/ap-mascarillas-cartucho-d109-mercurio-cloro\/\"> <span class=\"screen-reader-text\">AP MASCARILLAS-CARTUCHO D109 MERCURIO\/CLORO<\/span> Leer m\u00e1s &raquo;<\/a><\/p>\n","protected":false},"featured_media":5979,"comment_status":"open","ping_status":"closed","template":"","meta":{"site-sidebar-layout":"default","site-content-layout":"default","ast-global-header-display":"","ast-main-header-display":"","ast-hfb-above-header-display":"","ast-hfb-below-header-display":"","ast-hfb-mobile-header-display":"","site-post-title":"","ast-breadcrumbs-content":"","ast-featured-img":"","footer-sml-layout":"","theme-transparent-header-meta":"default","adv-header-id-meta":"","stick-header-meta":"","header-above-stick-meta":"","header-main-stick-meta":"","header-below-stick-meta":""},"product_cat":[337,87],"product_tag":[],"class_list":["post-5978","product","type-product","status-publish","has-post-thumbnail","hentry","product_cat-proteccion-respiratoria","product_cat-ropa"],"jetpack_sharing_enabled":true,"_links":{"self":[{"href":"https:\/\/pangeatacticalandoutdoors.com\/index.php\/wp-json\/wp\/v2\/product\/5978","targetHints":{"allow":["GET"]}}],"collection":[{"href":"https:\/\/pangeatacticalandoutdoors.com\/index.php\/wp-json\/wp\/v2\/product"}],"about":[{"href":"https:\/\/pangeatacticalandoutdoors.com\/index.php\/wp-json\/wp\/v2\/types\/product"}],"replies":[{"embeddable":true,"href":"https:\/\/pangeatacticalandoutdoors.com\/index.php\/wp-json\/wp\/v2\/comments?post=5978"}],"wp:featuredmedia":[{"embeddable":true,"href":"https:\/\/pangeatacticalandoutdoors.com\/index.php\/wp-json\/wp\/v2\/media\/5979"}],"wp:attachment":[{"href":"https:\/\/pangeatacticalandoutdoors.com\/index.php\/wp-json\/wp\/v2\/media?parent=5978"}],"wp:term":[{"taxonomy":"product_cat","embeddable":true,"href":"https:\/\/pangeatacticalandoutdoors.com\/index.php\/wp-json\/wp\/v2\/product_cat?post=5978"},{"taxonomy":"product_tag","embeddable":true,"href":"https:\/\/pangeatacticalandoutdoors.com\/index.php\/wp-json\/wp\/v2\/product_tag?post=5978"}],"curies":[{"name":"wp","href":"https:\/\/api.w.org\/{rel}","templated":true}]}}