{"id":5975,"date":"2022-03-18T14:55:39","date_gmt":"2022-03-18T20:55:39","guid":{"rendered":"https:\/\/pangeatacticalandoutdoors.com\/?post_type=product&#038;p=5975"},"modified":"2022-04-26T14:17:24","modified_gmt":"2022-04-26T19:17:24","slug":"ap-mascarillas-cartucho-d106-multigas","status":"publish","type":"product","link":"https:\/\/pangeatacticalandoutdoors.com\/index.php\/producto\/ap-mascarillas-cartucho-d106-multigas\/","title":{"rendered":"AP MASCARILLAS-CARTUCHO D106 MULTIGAS"},"content":{"rendered":"<p><em>Es un cartucho dise\u00f1ado para protecci\u00f3n respiratoria en atmosferas conteniendo una concentraci\u00f3n no mayor a 1000 ppm de Vapores Org\u00e1nicos, altamente microporoso para oxidar compuestos org\u00e1nicos cuya volatilidad no los hace absorbibles para un carb\u00f3n est\u00e1ndar, entre estos est\u00e1n los Aldeh\u00eddos, Alcoholes, Alquenos y Alquinos.<\/em><\/p>\n<p><strong>CARACTER\u00cdSTICAS:<\/strong><\/p>\n<p>\u2022 F\u00e1cil colocaci\u00f3n.<\/p>\n<p>\u2022 No afecta la visibilidad del usuario.<\/p>\n<p>\u2022 Trae integrado un filtro para part\u00edculas y neblinas sin aceite con una eficiencia del 95%.<\/p>\n<p>\u2022 Le puede ser adaptado un retenedor para pre filtro.<\/p>\n<p>\u2022 Entrada tipo bayoneta.<\/p>\n<p>\u2022 Ligero y durable.<\/p>\n<p>\u2022 Excelente relaci\u00f3n COSTO \u2013 EFICIENCIA.<\/p>\n<p>\u2022 Compatible con otras marcas.<\/p>\n<p><strong>APLICACIONES<\/strong><\/p>\n<p>Formaldehido, Aldeh\u00eddos, Alcoholes, Alquenos, Alquinos, Venteos, Amoniaco \/ Metilamina, Fluoruro de Hidrogeno. Part\u00edculas y Neblinas toxicas con LMPE-PPT para 8hrs no menor a 0.05 mg\/m\u00b3. (NOM-010- STPS-2000)<\/p>\n<p><strong>LIMITACIONES<\/strong><\/p>\n<p>Atm\u00f3sferas con una concentraci\u00f3n mayor a lo marcado por la regulaci\u00f3n vigente (1000 ppm VO). No debe usarse en atmosferas con menos del 19.5% de Ox\u00edgeno.<\/p>\n","protected":false},"excerpt":{"rendered":"<p>Es un cartucho dise\u00f1ado para protecci\u00f3n respiratoria en atmosferas conteniendo una concentraci\u00f3n no mayor a 1000 ppm de Vapores Org\u00e1nicos, altamente microporoso para oxidar compuestos org\u00e1nicos cuya volatilidad no los hace absorbibles para un carb\u00f3n est\u00e1ndar, entre estos est\u00e1n los Aldeh\u00eddos, Alcoholes, Alquenos y Alquinos. CARACTER\u00cdSTICAS: \u2022 F\u00e1cil colocaci\u00f3n. \u2022 No afecta la visibilidad del &hellip;<\/p>\n<p class=\"read-more\"> <a class=\"\" href=\"https:\/\/pangeatacticalandoutdoors.com\/index.php\/producto\/ap-mascarillas-cartucho-d106-multigas\/\"> <span class=\"screen-reader-text\">AP MASCARILLAS-CARTUCHO D106 MULTIGAS<\/span> Leer m\u00e1s &raquo;<\/a><\/p>\n","protected":false},"featured_media":5976,"comment_status":"open","ping_status":"closed","template":"","meta":{"site-sidebar-layout":"default","site-content-layout":"default","ast-global-header-display":"","ast-main-header-display":"","ast-hfb-above-header-display":"","ast-hfb-below-header-display":"","ast-hfb-mobile-header-display":"","site-post-title":"","ast-breadcrumbs-content":"","ast-featured-img":"","footer-sml-layout":"","theme-transparent-header-meta":"default","adv-header-id-meta":"","stick-header-meta":"","header-above-stick-meta":"","header-main-stick-meta":"","header-below-stick-meta":""},"product_cat":[337,87],"product_tag":[],"class_list":["post-5975","product","type-product","status-publish","has-post-thumbnail","hentry","product_cat-proteccion-respiratoria","product_cat-ropa"],"jetpack_sharing_enabled":true,"_links":{"self":[{"href":"https:\/\/pangeatacticalandoutdoors.com\/index.php\/wp-json\/wp\/v2\/product\/5975","targetHints":{"allow":["GET"]}}],"collection":[{"href":"https:\/\/pangeatacticalandoutdoors.com\/index.php\/wp-json\/wp\/v2\/product"}],"about":[{"href":"https:\/\/pangeatacticalandoutdoors.com\/index.php\/wp-json\/wp\/v2\/types\/product"}],"replies":[{"embeddable":true,"href":"https:\/\/pangeatacticalandoutdoors.com\/index.php\/wp-json\/wp\/v2\/comments?post=5975"}],"wp:featuredmedia":[{"embeddable":true,"href":"https:\/\/pangeatacticalandoutdoors.com\/index.php\/wp-json\/wp\/v2\/media\/5976"}],"wp:attachment":[{"href":"https:\/\/pangeatacticalandoutdoors.com\/index.php\/wp-json\/wp\/v2\/media?parent=5975"}],"wp:term":[{"taxonomy":"product_cat","embeddable":true,"href":"https:\/\/pangeatacticalandoutdoors.com\/index.php\/wp-json\/wp\/v2\/product_cat?post=5975"},{"taxonomy":"product_tag","embeddable":true,"href":"https:\/\/pangeatacticalandoutdoors.com\/index.php\/wp-json\/wp\/v2\/product_tag?post=5975"}],"curies":[{"name":"wp","href":"https:\/\/api.w.org\/{rel}","templated":true}]}}