{"id":5971,"date":"2022-03-18T14:45:23","date_gmt":"2022-03-18T20:45:23","guid":{"rendered":"https:\/\/pangeatacticalandoutdoors.com\/?post_type=product&#038;p=5971"},"modified":"2026-04-27T13:29:30","modified_gmt":"2026-04-27T19:29:30","slug":"ap-mascarillas-cartucho-d103-vapores-organicos-gases-acidos","status":"publish","type":"product","link":"https:\/\/pangeatacticalandoutdoors.com\/index.php\/producto\/ap-mascarillas-cartucho-d103-vapores-organicos-gases-acidos\/","title":{"rendered":"AP MASCARILLAS-CARTUCHO D103 VAPORES ORG\u00c1NICOS\/GASES \u00c1CIDOS"},"content":{"rendered":"<p><em>Es un cartucho dise\u00f1ado para protecci\u00f3n respiratoria en atmosferas conteniendo una concentraci\u00f3n no mayor a 1000 ppm de Vapores Org\u00e1nicos, 10 ppm de cloro, 50 ppm de Acido Clorh\u00eddrico, 50 ppm de di\u00f3xido de Azufre.<\/em><\/p>\n<p><strong>CARACTER\u00cdSTICAS:<\/strong><\/p>\n<ul>\n<li>F\u00e1cil colocaci\u00f3n.<\/li>\n<li>No afecta la visibilidad del usuario.<\/li>\n<li>Trae integrado un filtro para part\u00edculas y neblinas sin aceite con una eficiencia del 95%.<\/li>\n<li>Le puede ser adaptado un retenedor para pre filtro.<\/li>\n<li>Entrada tipo bayoneta.<\/li>\n<li>Ligero y durable.<\/li>\n<li>Excelente relaci\u00f3n COSTO \u2013 EFICIENCIA.<\/li>\n<li>Compatible con otras marcas.<\/li>\n<li>CAPACIDAD DE ADSORCION DEL CARBON ACTIVADO<\/li>\n<li>Retiene:<\/li>\n<li>Todo tipo de vapores y gases \u00e1cidos.<\/li>\n<li>Todo tipo de vapores y gases org\u00e1nicos cuyo peso molecular sea mayor a 60.<\/li>\n<\/ul>\n<p><strong>APLICACIONES<\/strong><\/p>\n<p>Algunos Vapores Org\u00e1nicos, Cloro, Cloruro de Hidrogeno, Sulfuro de Hidrogeno (escape), Di\u00f3xido de Azufre, etc. Part\u00edculas y Neblinas toxicas con LMPE-PPT para 8hrs no menor a 0.05 mg\/m\u00b3. (NOM-010- STPS-2000)<\/p>\n<p><strong>LIMITACIONES<\/strong><\/p>\n<p>Atm\u00f3sferas con una concentraci\u00f3n mayor a 1000 ppm de VO, 10 ppm de cloro, 50 ppm de Acido Clorh\u00eddrico, 50 ppm de di\u00f3xido de Azufre. No debe usarse en atm\u00f3sferas con menos del 19.5% de Ox\u00edgeno.<\/p>\n","protected":false},"excerpt":{"rendered":"<p>Es un cartucho dise\u00f1ado para protecci\u00f3n respiratoria en atmosferas conteniendo una concentraci\u00f3n no mayor a 1000 ppm de Vapores Org\u00e1nicos, 10 ppm de cloro, 50 ppm de Acido Clorh\u00eddrico, 50 ppm de di\u00f3xido de Azufre. CARACTER\u00cdSTICAS: F\u00e1cil colocaci\u00f3n. No afecta la visibilidad del usuario. Trae integrado un filtro para part\u00edculas y neblinas sin aceite con &hellip;<\/p>\n<p class=\"read-more\"> <a class=\"\" href=\"https:\/\/pangeatacticalandoutdoors.com\/index.php\/producto\/ap-mascarillas-cartucho-d103-vapores-organicos-gases-acidos\/\"> <span class=\"screen-reader-text\">AP MASCARILLAS-CARTUCHO D103 VAPORES ORG\u00c1NICOS\/GASES \u00c1CIDOS<\/span> Leer m\u00e1s &raquo;<\/a><\/p>\n","protected":false},"featured_media":5972,"comment_status":"open","ping_status":"closed","template":"","meta":{"site-sidebar-layout":"default","site-content-layout":"default","ast-global-header-display":"","ast-main-header-display":"","ast-hfb-above-header-display":"","ast-hfb-below-header-display":"","ast-hfb-mobile-header-display":"","site-post-title":"","ast-breadcrumbs-content":"","ast-featured-img":"","footer-sml-layout":"","theme-transparent-header-meta":"default","adv-header-id-meta":"","stick-header-meta":"","header-above-stick-meta":"","header-main-stick-meta":"","header-below-stick-meta":""},"product_cat":[337,87],"product_tag":[],"class_list":["post-5971","product","type-product","status-publish","has-post-thumbnail","hentry","product_cat-proteccion-respiratoria","product_cat-ropa"],"jetpack_sharing_enabled":true,"_links":{"self":[{"href":"https:\/\/pangeatacticalandoutdoors.com\/index.php\/wp-json\/wp\/v2\/product\/5971","targetHints":{"allow":["GET"]}}],"collection":[{"href":"https:\/\/pangeatacticalandoutdoors.com\/index.php\/wp-json\/wp\/v2\/product"}],"about":[{"href":"https:\/\/pangeatacticalandoutdoors.com\/index.php\/wp-json\/wp\/v2\/types\/product"}],"replies":[{"embeddable":true,"href":"https:\/\/pangeatacticalandoutdoors.com\/index.php\/wp-json\/wp\/v2\/comments?post=5971"}],"wp:featuredmedia":[{"embeddable":true,"href":"https:\/\/pangeatacticalandoutdoors.com\/index.php\/wp-json\/wp\/v2\/media\/5972"}],"wp:attachment":[{"href":"https:\/\/pangeatacticalandoutdoors.com\/index.php\/wp-json\/wp\/v2\/media?parent=5971"}],"wp:term":[{"taxonomy":"product_cat","embeddable":true,"href":"https:\/\/pangeatacticalandoutdoors.com\/index.php\/wp-json\/wp\/v2\/product_cat?post=5971"},{"taxonomy":"product_tag","embeddable":true,"href":"https:\/\/pangeatacticalandoutdoors.com\/index.php\/wp-json\/wp\/v2\/product_tag?post=5971"}],"curies":[{"name":"wp","href":"https:\/\/api.w.org\/{rel}","templated":true}]}}