{"id":5963,"date":"2022-03-18T14:09:17","date_gmt":"2022-03-18T20:09:17","guid":{"rendered":"https:\/\/pangeatacticalandoutdoors.com\/?post_type=product&#038;p=5963"},"modified":"2022-03-18T14:09:18","modified_gmt":"2022-03-18T20:09:18","slug":"ap-mascarillas-cartucho-d101-vapores-organicos","status":"publish","type":"product","link":"https:\/\/pangeatacticalandoutdoors.com\/index.php\/producto\/ap-mascarillas-cartucho-d101-vapores-organicos\/","title":{"rendered":"AP MASCARILLAS-CARTUCHO D101 VAPORES ORG\u00c1NICOS"},"content":{"rendered":"<p><em>Es un cartucho dise\u00f1ado para protecci\u00f3n respiratoria en atmosferas conteniendo una concentraci\u00f3n no mayor a 1000 ppm de Vapores Org\u00e1nicos.<\/em><\/p>\n<p><strong>CARACTER\u00cdSTICAS:<\/strong><\/p>\n<p>\u2022 F\u00e1cil colocaci\u00f3n.<\/p>\n<p>\u2022 No afecta la visibilidad del usuario.<\/p>\n<p>\u2022 Trae integrado un filtro para part\u00edculas y neblinas sin aceite con una eficiencia del 95%.<\/p>\n<p>\u2022 Le puede ser adaptado un retenedor para pre filtro.<\/p>\n<p>\u2022 Entrada tipo bayoneta.<\/p>\n<p>\u2022 Ligero y durable.<\/p>\n<p>\u2022 Excelente relaci\u00f3n COSTO \u2013 EFICIENCIA.<\/p>\n<p>\u2022 Compatible con otras marcas.<\/p>\n<p><strong>APLICACIONES<\/strong><\/p>\n<p>Acetona, Acetaldeh\u00eddo, Di sulfuro, Alcohol, Bromuro, Formaldehido, Benceno, Metanol, Vapor, Petr\u00f3leo, Fenol, Isocianatos, etc. Part\u00edculas y Neblinas toxicas con LMPE-PPT para 8hrs no menor a 0.05 mg\/m\u00b3. (NOM-010-STPS-2000)<\/p>\n<p><strong>LIMITACIONES<\/strong><\/p>\n<p>Atmosferas con una concentraci\u00f3n mayor a 1000 ppm de VO. No debe usarse en atmosferas con menos del 19.5% de Oxigeno.<\/p>\n<p>CAPACIDAD DE ADSORCION DEL CARBON ACTIVADO<\/p>\n<p>De los contaminantes listados, algunos son compuestos qu\u00edmicos espec\u00edficos. Otros representan una clase de compuestos y otros son mezclas de composici\u00f3n variable. La capacidad del carb\u00f3n activado para olores, var\u00eda con la concentraci\u00f3n de los mismos, as\u00ed como con la humedad y la temperatura del aire.<\/p>\n<p>A = Alta capacidad (el carb\u00f3n retiene 20% a 50% de su propio peso).<\/p>\n<p>B = Capacidad satisfactoria (retiene 10% a 25% de su peso).<\/p>\n<p>C = Capacidad suficiente para dar un buen servicio bajo condiciones de operaci\u00f3n particulares, cosa que debe analizarse.<\/p>\n<p>D = Baja capacidad. El carb\u00f3n activado no da un servicio adecuado bajo condiciones de operaci\u00f3n ordinarias.<\/p>\n<p>*= Un carb\u00f3n impregnado con cierta sustancia aumenta sensiblemente la capacidad de adsorci\u00f3n de este compuesto.<\/p>\n","protected":false},"excerpt":{"rendered":"<p>Es un cartucho dise\u00f1ado para protecci\u00f3n respiratoria en atmosferas conteniendo una concentraci\u00f3n no mayor a 1000 ppm de Vapores Org\u00e1nicos. CARACTER\u00cdSTICAS: \u2022 F\u00e1cil colocaci\u00f3n. \u2022 No afecta la visibilidad del usuario. \u2022 Trae integrado un filtro para part\u00edculas y neblinas sin aceite con una eficiencia del 95%. \u2022 Le puede ser adaptado un retenedor para &hellip;<\/p>\n<p class=\"read-more\"> <a class=\"\" href=\"https:\/\/pangeatacticalandoutdoors.com\/index.php\/producto\/ap-mascarillas-cartucho-d101-vapores-organicos\/\"> <span class=\"screen-reader-text\">AP MASCARILLAS-CARTUCHO D101 VAPORES ORG\u00c1NICOS<\/span> Leer m\u00e1s &raquo;<\/a><\/p>\n","protected":false},"featured_media":5964,"comment_status":"open","ping_status":"closed","template":"","meta":{"site-sidebar-layout":"default","site-content-layout":"default","ast-global-header-display":"","ast-main-header-display":"","ast-hfb-above-header-display":"","ast-hfb-below-header-display":"","ast-hfb-mobile-header-display":"","site-post-title":"","ast-breadcrumbs-content":"","ast-featured-img":"","footer-sml-layout":"","theme-transparent-header-meta":"default","adv-header-id-meta":"","stick-header-meta":"","header-above-stick-meta":"","header-main-stick-meta":"","header-below-stick-meta":""},"product_cat":[337,87],"product_tag":[],"class_list":["post-5963","product","type-product","status-publish","has-post-thumbnail","hentry","product_cat-proteccion-respiratoria","product_cat-ropa"],"jetpack_sharing_enabled":true,"_links":{"self":[{"href":"https:\/\/pangeatacticalandoutdoors.com\/index.php\/wp-json\/wp\/v2\/product\/5963","targetHints":{"allow":["GET"]}}],"collection":[{"href":"https:\/\/pangeatacticalandoutdoors.com\/index.php\/wp-json\/wp\/v2\/product"}],"about":[{"href":"https:\/\/pangeatacticalandoutdoors.com\/index.php\/wp-json\/wp\/v2\/types\/product"}],"replies":[{"embeddable":true,"href":"https:\/\/pangeatacticalandoutdoors.com\/index.php\/wp-json\/wp\/v2\/comments?post=5963"}],"wp:featuredmedia":[{"embeddable":true,"href":"https:\/\/pangeatacticalandoutdoors.com\/index.php\/wp-json\/wp\/v2\/media\/5964"}],"wp:attachment":[{"href":"https:\/\/pangeatacticalandoutdoors.com\/index.php\/wp-json\/wp\/v2\/media?parent=5963"}],"wp:term":[{"taxonomy":"product_cat","embeddable":true,"href":"https:\/\/pangeatacticalandoutdoors.com\/index.php\/wp-json\/wp\/v2\/product_cat?post=5963"},{"taxonomy":"product_tag","embeddable":true,"href":"https:\/\/pangeatacticalandoutdoors.com\/index.php\/wp-json\/wp\/v2\/product_tag?post=5963"}],"curies":[{"name":"wp","href":"https:\/\/api.w.org\/{rel}","templated":true}]}}