{"id":5887,"date":"2022-03-09T12:31:59","date_gmt":"2022-03-09T18:31:59","guid":{"rendered":"https:\/\/pangeatacticalandoutdoors.com\/?post_type=product&#038;p=5887"},"modified":"2022-03-12T13:46:34","modified_gmt":"2022-03-12T19:46:34","slug":"5-11-bota-atac-2-0-8-inch-black","status":"publish","type":"product","link":"https:\/\/pangeatacticalandoutdoors.com\/index.php\/producto\/5-11-bota-atac-2-0-8-inch-black\/","title":{"rendered":"5.11-BOTA ATAC 2.0 8 INCH BLACK"},"content":{"rendered":"<p><em>La bota usada por el personal de seguridad p\u00fablica l\u00edder en el mundo, el 5.11 A.T.A.C., acaba de ser promovida. Es m\u00e1s liviano y m\u00e1s c\u00f3modo, pero mantiene su reputaci\u00f3n de resistencia y durabilidad. Una nueva leng\u00fceta de flujo de aire y una plantilla Ortholite de dur\u00f3metro doble de longitud completa funcionan para mantener sus pies frescos, secos y c\u00f3modos todo el d\u00eda, todos los d\u00edas. Otra nueva caracter\u00edstica, la zona de flexi\u00f3n del tal\u00f3n de Aquiles, brinda a una parte cr\u00edtica de su pie m\u00e1s rango de movimiento sin comprometer el soporte. La puntera de cuero de grano completo, la parte superior de nylon 840D y el sistema de mitigaci\u00f3n de golpes proporcionan el tipo de protecci\u00f3n resistente que necesita; mientras que el bolsillo del cuchillo mantiene a un importante aliado al alcance.<\/em><\/p>\n<p><span class=\"JsGRdQ\">Todas nuestras botas t\u00e1cticas <\/span><span class=\"JsGRdQ\">est\u00e1n elaboradas de <\/span><span class=\"JsGRdQ\">piel corte vacuno<\/span><span class=\"JsGRdQ\"> por lo tanto es importante <\/span><strong><span class=\"JsGRdQ\">NO sumergirlas en agua y NO exponerlas directamente al calor.<\/span><\/strong><\/p>\n<p><em><strong><span class=\"JsGRdQ\">IMPORTANTE: No se har\u00e1n devoluciones en calzado maltratado por exceso de agua o expuesto al calor.<\/span><\/strong><\/em><\/p>\n","protected":false},"excerpt":{"rendered":"<p>La bota usada por el personal de seguridad p\u00fablica l\u00edder en el mundo, el 5.11 A.T.A.C., acaba de ser promovida. Es m\u00e1s liviano y m\u00e1s c\u00f3modo, pero mantiene su reputaci\u00f3n de resistencia y durabilidad. Una nueva leng\u00fceta de flujo de aire y una plantilla Ortholite de dur\u00f3metro doble de longitud completa funcionan para mantener sus &hellip;<\/p>\n<p class=\"read-more\"> <a class=\"\" href=\"https:\/\/pangeatacticalandoutdoors.com\/index.php\/producto\/5-11-bota-atac-2-0-8-inch-black\/\"> <span class=\"screen-reader-text\">5.11-BOTA ATAC 2.0 8 INCH BLACK<\/span> Leer m\u00e1s &raquo;<\/a><\/p>\n","protected":false},"featured_media":5888,"comment_status":"open","ping_status":"closed","template":"","meta":{"site-sidebar-layout":"default","site-content-layout":"default","ast-global-header-display":"","ast-main-header-display":"","ast-hfb-above-header-display":"","ast-hfb-below-header-display":"","ast-hfb-mobile-header-display":"","site-post-title":"","ast-breadcrumbs-content":"","ast-featured-img":"","footer-sml-layout":"","theme-transparent-header-meta":"default","adv-header-id-meta":"","stick-header-meta":"","header-above-stick-meta":"","header-main-stick-meta":"","header-below-stick-meta":""},"product_cat":[139,87],"product_tag":[],"class_list":["post-5887","product","type-product","status-publish","has-post-thumbnail","hentry","product_cat-botas","product_cat-ropa"],"jetpack_sharing_enabled":true,"_links":{"self":[{"href":"https:\/\/pangeatacticalandoutdoors.com\/index.php\/wp-json\/wp\/v2\/product\/5887","targetHints":{"allow":["GET"]}}],"collection":[{"href":"https:\/\/pangeatacticalandoutdoors.com\/index.php\/wp-json\/wp\/v2\/product"}],"about":[{"href":"https:\/\/pangeatacticalandoutdoors.com\/index.php\/wp-json\/wp\/v2\/types\/product"}],"replies":[{"embeddable":true,"href":"https:\/\/pangeatacticalandoutdoors.com\/index.php\/wp-json\/wp\/v2\/comments?post=5887"}],"wp:featuredmedia":[{"embeddable":true,"href":"https:\/\/pangeatacticalandoutdoors.com\/index.php\/wp-json\/wp\/v2\/media\/5888"}],"wp:attachment":[{"href":"https:\/\/pangeatacticalandoutdoors.com\/index.php\/wp-json\/wp\/v2\/media?parent=5887"}],"wp:term":[{"taxonomy":"product_cat","embeddable":true,"href":"https:\/\/pangeatacticalandoutdoors.com\/index.php\/wp-json\/wp\/v2\/product_cat?post=5887"},{"taxonomy":"product_tag","embeddable":true,"href":"https:\/\/pangeatacticalandoutdoors.com\/index.php\/wp-json\/wp\/v2\/product_tag?post=5887"}],"curies":[{"name":"wp","href":"https:\/\/api.w.org\/{rel}","templated":true}]}}