{"id":5874,"date":"2022-03-01T12:54:40","date_gmt":"2022-03-01T18:54:40","guid":{"rendered":"https:\/\/pangeatacticalandoutdoors.com\/?post_type=product&#038;p=5874"},"modified":"2022-08-17T18:34:10","modified_gmt":"2022-08-17T23:34:10","slug":"atman-pantalon-kali-hombre-2","status":"publish","type":"product","link":"https:\/\/pangeatacticalandoutdoors.com\/index.php\/producto\/atman-pantalon-kali-hombre-2\/","title":{"rendered":"ATMAN-PANTAL\u00d3N KALI HOMBRE"},"content":{"rendered":"<p>Si lo que buscas es un\u00a0<strong>pantal\u00f3n outdoor<\/strong>\u00a0TERCERA CAPA impermeable suave y que al mismo tiempo mantenga el calor en tu cuerpo, este es la\u00a0opci\u00f3n, pues la\u00a0funci\u00f3n principal del tejido de esta prenda es conservar el calor de tu cuerpo al mismo tiempo que no\u00a0permitir\u00e1 que te mojes ni con la\u00a0nieve, tejido de prestaciones superiores, ideal para utilizar en climas adversos, lugares\u00a0h\u00famedos donde hay nieve o lluvias. Si lo tuyo es el outdoor este es un excelente\u00a0pantal\u00f3n para protegerte en tus salidas a la monta\u00f1a, la\u00a0aventura al aire libre en tus campamentos y escaladas.<\/p>\n<p>Cuenta con dos bolsas amplias con cierre\u00a0<strong>YKK<\/strong> para mayor seguridad de tus art\u00edculos. Obt\u00e9n m\u00e1s.<\/p>\n<p><strong>GARANT\u00cdA DE POR VIDA.<\/strong><\/p>\n","protected":false},"excerpt":{"rendered":"<p>Si lo que buscas es un\u00a0pantal\u00f3n outdoor\u00a0TERCERA CAPA impermeable suave y que al mismo tiempo mantenga el calor en tu cuerpo, este es la\u00a0opci\u00f3n, pues la\u00a0funci\u00f3n principal del tejido de esta prenda es conservar el calor de tu cuerpo al mismo tiempo que no\u00a0permitir\u00e1 que te mojes ni con la\u00a0nieve, tejido de prestaciones superiores, ideal &hellip;<\/p>\n<p class=\"read-more\"> <a class=\"\" href=\"https:\/\/pangeatacticalandoutdoors.com\/index.php\/producto\/atman-pantalon-kali-hombre-2\/\"> <span class=\"screen-reader-text\">ATMAN-PANTAL\u00d3N KALI HOMBRE<\/span> Leer m\u00e1s &raquo;<\/a><\/p>\n","protected":false},"featured_media":5867,"comment_status":"open","ping_status":"closed","template":"","meta":{"site-sidebar-layout":"default","site-content-layout":"default","ast-global-header-display":"","ast-main-header-display":"","ast-hfb-above-header-display":"","ast-hfb-below-header-display":"","ast-hfb-mobile-header-display":"","site-post-title":"","ast-breadcrumbs-content":"","ast-featured-img":"","footer-sml-layout":"","theme-transparent-header-meta":"default","adv-header-id-meta":"","stick-header-meta":"","header-above-stick-meta":"","header-main-stick-meta":"","header-below-stick-meta":""},"product_cat":[88,133],"product_tag":[],"class_list":["post-5874","product","type-product","status-publish","has-post-thumbnail","hentry","product_cat-campismo","product_cat-pantalones"],"jetpack_sharing_enabled":true,"_links":{"self":[{"href":"https:\/\/pangeatacticalandoutdoors.com\/index.php\/wp-json\/wp\/v2\/product\/5874","targetHints":{"allow":["GET"]}}],"collection":[{"href":"https:\/\/pangeatacticalandoutdoors.com\/index.php\/wp-json\/wp\/v2\/product"}],"about":[{"href":"https:\/\/pangeatacticalandoutdoors.com\/index.php\/wp-json\/wp\/v2\/types\/product"}],"replies":[{"embeddable":true,"href":"https:\/\/pangeatacticalandoutdoors.com\/index.php\/wp-json\/wp\/v2\/comments?post=5874"}],"wp:featuredmedia":[{"embeddable":true,"href":"https:\/\/pangeatacticalandoutdoors.com\/index.php\/wp-json\/wp\/v2\/media\/5867"}],"wp:attachment":[{"href":"https:\/\/pangeatacticalandoutdoors.com\/index.php\/wp-json\/wp\/v2\/media?parent=5874"}],"wp:term":[{"taxonomy":"product_cat","embeddable":true,"href":"https:\/\/pangeatacticalandoutdoors.com\/index.php\/wp-json\/wp\/v2\/product_cat?post=5874"},{"taxonomy":"product_tag","embeddable":true,"href":"https:\/\/pangeatacticalandoutdoors.com\/index.php\/wp-json\/wp\/v2\/product_tag?post=5874"}],"curies":[{"name":"wp","href":"https:\/\/api.w.org\/{rel}","templated":true}]}}