{"id":5834,"date":"2022-02-26T12:07:03","date_gmt":"2022-02-26T18:07:03","guid":{"rendered":"https:\/\/pangeatacticalandoutdoors.com\/?post_type=product&#038;p=5834"},"modified":"2026-03-09T09:52:49","modified_gmt":"2026-03-09T15:52:49","slug":"bd-guantes-midweight-wooltech","status":"publish","type":"product","link":"https:\/\/pangeatacticalandoutdoors.com\/index.php\/producto\/bd-guantes-midweight-wooltech\/","title":{"rendered":"BD-GUANTES MIDWEIGHT WOOLTECH"},"content":{"rendered":"<p><em>Confeccionados con una combinaci\u00f3n de vell\u00f3n y tecnolog\u00eda NuYarn (utilizando las propiedades de rendimiento natural de la lana Merino, hemos dise\u00f1ado este tejido para que sea m\u00e1s fuerte, m\u00e1s c\u00e1lido y se seque m\u00e1s r\u00e1pido), los guantes Black Diamond MidWeight WoolTech ofrecen la combinaci\u00f3n \u00f3ptima de calidez y durabilidad.\u00a0El tejido altamente transpirable neutraliza el olor y a\u00edsla incluso cuando est\u00e1 mojado, y los parches de cuero de cabra en la palma brindan un agarre seguro.\u00a0El material digital en los dedos pulgar e \u00edndice permite la funcionalidad de pantalla t\u00e1ctil con guantes.<\/em><\/p>\n<h6>CARACTER\u00cdSTICAS:<\/h6>\n<ul>\n<li>210 g de lana merino NuYarn para lograr un equilibrio entre calidez y durabilidad<\/li>\n<li>52 % lana merina\/42 % poli\u00e9ster\/6 % nailon<\/li>\n<li>La mezcla de lana merino NuYarn es m\u00e1s ligera, m\u00e1s resistente y se seca cinco veces m\u00e1s r\u00e1pido<\/li>\n<li>Parche en palma de piel de cabra<\/li>\n<li>El pulgar y el \u00edndice digitales de cuero permiten el uso de pantallas t\u00e1ctiles con guantes<\/li>\n<\/ul>\n","protected":false},"excerpt":{"rendered":"<p>Confeccionados con una combinaci\u00f3n de vell\u00f3n y tecnolog\u00eda NuYarn (utilizando las propiedades de rendimiento natural de la lana Merino, hemos dise\u00f1ado este tejido para que sea m\u00e1s fuerte, m\u00e1s c\u00e1lido y se seque m\u00e1s r\u00e1pido), los guantes Black Diamond MidWeight WoolTech ofrecen la combinaci\u00f3n \u00f3ptima de calidez y durabilidad.\u00a0El tejido altamente transpirable neutraliza el olor &hellip;<\/p>\n<p class=\"read-more\"> <a class=\"\" href=\"https:\/\/pangeatacticalandoutdoors.com\/index.php\/producto\/bd-guantes-midweight-wooltech\/\"> <span class=\"screen-reader-text\">BD-GUANTES MIDWEIGHT WOOLTECH<\/span> Leer m\u00e1s &raquo;<\/a><\/p>\n","protected":false},"featured_media":5835,"comment_status":"open","ping_status":"closed","template":"","meta":{"site-sidebar-layout":"default","site-content-layout":"default","ast-global-header-display":"","ast-main-header-display":"","ast-hfb-above-header-display":"","ast-hfb-below-header-display":"","ast-hfb-mobile-header-display":"","site-post-title":"","ast-breadcrumbs-content":"","ast-featured-img":"","footer-sml-layout":"","theme-transparent-header-meta":"default","adv-header-id-meta":"","stick-header-meta":"","header-above-stick-meta":"","header-main-stick-meta":"","header-below-stick-meta":""},"product_cat":[143,88],"product_tag":[],"class_list":["post-5834","product","type-product","status-publish","has-post-thumbnail","hentry","product_cat-guantes","product_cat-campismo"],"jetpack_sharing_enabled":true,"_links":{"self":[{"href":"https:\/\/pangeatacticalandoutdoors.com\/index.php\/wp-json\/wp\/v2\/product\/5834","targetHints":{"allow":["GET"]}}],"collection":[{"href":"https:\/\/pangeatacticalandoutdoors.com\/index.php\/wp-json\/wp\/v2\/product"}],"about":[{"href":"https:\/\/pangeatacticalandoutdoors.com\/index.php\/wp-json\/wp\/v2\/types\/product"}],"replies":[{"embeddable":true,"href":"https:\/\/pangeatacticalandoutdoors.com\/index.php\/wp-json\/wp\/v2\/comments?post=5834"}],"wp:featuredmedia":[{"embeddable":true,"href":"https:\/\/pangeatacticalandoutdoors.com\/index.php\/wp-json\/wp\/v2\/media\/5835"}],"wp:attachment":[{"href":"https:\/\/pangeatacticalandoutdoors.com\/index.php\/wp-json\/wp\/v2\/media?parent=5834"}],"wp:term":[{"taxonomy":"product_cat","embeddable":true,"href":"https:\/\/pangeatacticalandoutdoors.com\/index.php\/wp-json\/wp\/v2\/product_cat?post=5834"},{"taxonomy":"product_tag","embeddable":true,"href":"https:\/\/pangeatacticalandoutdoors.com\/index.php\/wp-json\/wp\/v2\/product_tag?post=5834"}],"curies":[{"name":"wp","href":"https:\/\/api.w.org\/{rel}","templated":true}]}}