{"id":5718,"date":"2022-02-15T13:37:32","date_gmt":"2022-02-15T19:37:32","guid":{"rendered":"https:\/\/pangeatacticalandoutdoors.com\/?post_type=product&#038;p=5718"},"modified":"2022-12-22T15:56:29","modified_gmt":"2022-12-22T21:56:29","slug":"guia-de-boulder-de-mineral-del-chico","status":"publish","type":"product","link":"https:\/\/pangeatacticalandoutdoors.com\/index.php\/producto\/guia-de-boulder-de-mineral-del-chico\/","title":{"rendered":"GU\u00cdA DE BOULDER DE MINERAL DEL CHICO"},"content":{"rendered":"<p><em>Escalar en Mineral del Chico es de lo mejor para practicar la escalada en boulder cerca de la ciudad de M\u00e9xico (CDMX ) M\u00e1s de 400 problemas de V0 a V15 en 13 diferentes sectores de todo el bosque. Recuerda siempre cuidar de nuestro medio ambiente y respetar la naturaleza.<\/em><\/p>\n<h6>CARACTER\u00cdSTICAS:<\/h6>\n<p>&nbsp;<\/p>\n<p>Mineral del Chico, Hidalgo, M\u00e9xico\u00a0es ciertamente el lugar donde naci\u00f3 la escalada en M\u00e9xico y d\u00f3nde ahora la revoluci\u00f3n del boulder ha tomado m\u00e1s forma. Esta\u00a0gu\u00eda de boulder en Mineral del Chico\u00a0es la m\u00e1s completa a la fecha.<\/p>\n<h6>CARACTER\u00cdSTICAS:<\/h6>\n<ul>\n<li>Historia,\u00a0<strong>Acceso<\/strong>, Mapas, Clima, Flora Fauna de Mineral del Chico, M\u00e9xico.<\/li>\n<li><b>Reglas y Recomendaciones\u00a0<\/b>de la zona.<\/li>\n<li><strong>Tips<\/strong>\u00a0para acampar y comprar comida.<\/li>\n<li><strong>Fotos<\/strong>\u00a0del lugar y de las<strong>\u00a0rutas marcadas<\/strong>.<\/li>\n<li><strong>Nombre y grado<\/strong>\u00a0de 400 boulders inre\u00edbles en todo Mineral del Chico.<\/li>\n<li><strong>Revela algunas de los bolders y sectores considerados secretos.<\/strong><\/li>\n<\/ul>\n<p><strong>Authors:<\/strong>\u00a0Santiago Rodriguez<br \/>\n<strong>Published:<\/strong>\u00a0Doble D\u00edgito\u00a0 \u00a0|\u00a0\u00a0<strong>Pages:<\/strong>\u00a0154\u00a0 \u00a0|\u00a0 \u00a0<strong>Format:<\/strong>\u00a017 x 23 cm\u00a0 \u00a0|\u00a0 \u00a0<strong>First edition:\u00a0<\/strong>Diciembre 2019<\/p>\n<p>&nbsp;<\/p>\n","protected":false},"excerpt":{"rendered":"<p>Escalar en Mineral del Chico es de lo mejor para practicar la escalada en boulder cerca de la ciudad de M\u00e9xico (CDMX ) M\u00e1s de 400 problemas de V0 a V15 en 13 diferentes sectores de todo el bosque. Recuerda siempre cuidar de nuestro medio ambiente y respetar la naturaleza. CARACTER\u00cdSTICAS: &nbsp; Mineral del Chico, &hellip;<\/p>\n<p class=\"read-more\"> <a class=\"\" href=\"https:\/\/pangeatacticalandoutdoors.com\/index.php\/producto\/guia-de-boulder-de-mineral-del-chico\/\"> <span class=\"screen-reader-text\">GU\u00cdA DE BOULDER DE MINERAL DEL CHICO<\/span> Leer m\u00e1s &raquo;<\/a><\/p>\n","protected":false},"featured_media":5724,"comment_status":"open","ping_status":"closed","template":"","meta":{"site-sidebar-layout":"default","site-content-layout":"default","ast-global-header-display":"","ast-main-header-display":"","ast-hfb-above-header-display":"","ast-hfb-below-header-display":"","ast-hfb-mobile-header-display":"","site-post-title":"","ast-breadcrumbs-content":"","ast-featured-img":"","footer-sml-layout":"","theme-transparent-header-meta":"default","adv-header-id-meta":"","stick-header-meta":"","header-above-stick-meta":"","header-main-stick-meta":"","header-below-stick-meta":""},"product_cat":[90,290],"product_tag":[],"class_list":["post-5718","product","type-product","status-publish","has-post-thumbnail","hentry","product_cat-accesorios","product_cat-escalada"],"jetpack_sharing_enabled":true,"_links":{"self":[{"href":"https:\/\/pangeatacticalandoutdoors.com\/index.php\/wp-json\/wp\/v2\/product\/5718","targetHints":{"allow":["GET"]}}],"collection":[{"href":"https:\/\/pangeatacticalandoutdoors.com\/index.php\/wp-json\/wp\/v2\/product"}],"about":[{"href":"https:\/\/pangeatacticalandoutdoors.com\/index.php\/wp-json\/wp\/v2\/types\/product"}],"replies":[{"embeddable":true,"href":"https:\/\/pangeatacticalandoutdoors.com\/index.php\/wp-json\/wp\/v2\/comments?post=5718"}],"wp:featuredmedia":[{"embeddable":true,"href":"https:\/\/pangeatacticalandoutdoors.com\/index.php\/wp-json\/wp\/v2\/media\/5724"}],"wp:attachment":[{"href":"https:\/\/pangeatacticalandoutdoors.com\/index.php\/wp-json\/wp\/v2\/media?parent=5718"}],"wp:term":[{"taxonomy":"product_cat","embeddable":true,"href":"https:\/\/pangeatacticalandoutdoors.com\/index.php\/wp-json\/wp\/v2\/product_cat?post=5718"},{"taxonomy":"product_tag","embeddable":true,"href":"https:\/\/pangeatacticalandoutdoors.com\/index.php\/wp-json\/wp\/v2\/product_tag?post=5718"}],"curies":[{"name":"wp","href":"https:\/\/api.w.org\/{rel}","templated":true}]}}