{"id":5608,"date":"2022-02-02T15:57:04","date_gmt":"2022-02-02T21:57:04","guid":{"rendered":"https:\/\/pangeatacticalandoutdoors.com\/?post_type=product&#038;p=5608"},"modified":"2026-03-09T12:07:32","modified_gmt":"2026-03-09T18:07:32","slug":"maja-camisa-coleccion-cortes","status":"publish","type":"product","link":"https:\/\/pangeatacticalandoutdoors.com\/index.php\/producto\/maja-camisa-coleccion-cortes\/","title":{"rendered":"MAJA-CAMISA COLECCI\u00d3N CORT\u00c9S"},"content":{"rendered":"<p><em>Una colecci\u00f3n muy especial inspirada en nuestros peces favoritos, para usar de d\u00eda o de noche.<\/em><\/p>\n<p><em>Dise\u00f1o con estampado del isologo Maja y tibur\u00f3n en color azul marino con fondo en color turquesa.<\/em><\/p>\n","protected":false},"excerpt":{"rendered":"<p>Una colecci\u00f3n muy especial inspirada en nuestros peces favoritos, para usar de d\u00eda o de noche. Dise\u00f1o con estampado del isologo Maja y tibur\u00f3n en color azul marino con fondo en color turquesa.<\/p>\n","protected":false},"featured_media":5609,"comment_status":"open","ping_status":"closed","template":"","meta":{"site-sidebar-layout":"default","site-content-layout":"default","ast-global-header-display":"","ast-main-header-display":"","ast-hfb-above-header-display":"","ast-hfb-below-header-display":"","ast-hfb-mobile-header-display":"","site-post-title":"","ast-breadcrumbs-content":"","ast-featured-img":"","footer-sml-layout":"","theme-transparent-header-meta":"default","adv-header-id-meta":"","stick-header-meta":"","header-above-stick-meta":"","header-main-stick-meta":"","header-below-stick-meta":""},"product_cat":[132,88],"product_tag":[],"class_list":["post-5608","product","type-product","status-publish","has-post-thumbnail","hentry","product_cat-camisas","product_cat-campismo"],"jetpack_sharing_enabled":true,"_links":{"self":[{"href":"https:\/\/pangeatacticalandoutdoors.com\/index.php\/wp-json\/wp\/v2\/product\/5608","targetHints":{"allow":["GET"]}}],"collection":[{"href":"https:\/\/pangeatacticalandoutdoors.com\/index.php\/wp-json\/wp\/v2\/product"}],"about":[{"href":"https:\/\/pangeatacticalandoutdoors.com\/index.php\/wp-json\/wp\/v2\/types\/product"}],"replies":[{"embeddable":true,"href":"https:\/\/pangeatacticalandoutdoors.com\/index.php\/wp-json\/wp\/v2\/comments?post=5608"}],"wp:featuredmedia":[{"embeddable":true,"href":"https:\/\/pangeatacticalandoutdoors.com\/index.php\/wp-json\/wp\/v2\/media\/5609"}],"wp:attachment":[{"href":"https:\/\/pangeatacticalandoutdoors.com\/index.php\/wp-json\/wp\/v2\/media?parent=5608"}],"wp:term":[{"taxonomy":"product_cat","embeddable":true,"href":"https:\/\/pangeatacticalandoutdoors.com\/index.php\/wp-json\/wp\/v2\/product_cat?post=5608"},{"taxonomy":"product_tag","embeddable":true,"href":"https:\/\/pangeatacticalandoutdoors.com\/index.php\/wp-json\/wp\/v2\/product_tag?post=5608"}],"curies":[{"name":"wp","href":"https:\/\/api.w.org\/{rel}","templated":true}]}}