{"id":5582,"date":"2022-02-01T14:35:30","date_gmt":"2022-02-01T20:35:30","guid":{"rendered":"https:\/\/pangeatacticalandoutdoors.com\/?post_type=product&#038;p=5582"},"modified":"2023-11-10T14:30:57","modified_gmt":"2023-11-10T20:30:57","slug":"realy-tech-prueba-rapida-antigeno-covid-19-pieza","status":"publish","type":"product","link":"https:\/\/pangeatacticalandoutdoors.com\/index.php\/producto\/realy-tech-prueba-rapida-antigeno-covid-19-pieza\/","title":{"rendered":"REALY TECH-PRUEBA R\u00c1PIDA ANT\u00cdGENO COVID-19 (PIEZA)"},"content":{"rendered":"<p><strong>Prueba R\u00e1pida Ant\u00edgeno Realy Tech COVID-19 \u2013 <\/strong><strong>No. de cat\u00e1logo COFEPRIS: K511416D<\/strong><br \/>\nEl dispositivo de prueba r\u00e1pida Novel Coronavirus (SARS-COV.2) Antigen Rapid Test Cassette es un inmunoensayo de flujo lateral altamente sensible para detectar el ant\u00edgeno del virus SARS-CoV-2. Se espera el resultado definitivo de 10 a 20 minutos. Su aplicaci\u00f3n es de forma nasal.<\/p>\n<p>Sensibilidad (+): 92.51%<br \/>\nEspecificidad (-): 98.98%<br \/>\n*Informaci\u00f3n proporcionada por el fabricante.<\/p>\n<p><strong>NOVEL CORONAVIRUS (SARS-COV-2) ANTIGEN RAPID TEST CASSETTE es una de las pruebas certificadas y\u00a0aprobadas por COFEPRIS\u00a0en M\u00e9xico.<\/strong>\u00a0<a href=\"https:\/\/www.gob.mx\/cofepris\/acciones-y-programas\/pruebas-autorizadas-para-covid-19?state=published\" target=\"_blank\" rel=\"noopener noreferrer\">Comprueba la informaci\u00f3n aqu\u00ed.<\/a><\/p>\n<p>&nbsp;<\/p>\n<p><strong>Contenido del Kit:<\/strong><\/p>\n<ul>\n<li>Tarjetas de prueba.<\/li>\n<li>Reactivo para pruebas.<\/li>\n<li>Hisopo est\u00e9ril.<\/li>\n<li>Material extra de aplicaci\u00f3n.<\/li>\n<li>Pieza de inserto.<\/li>\n<\/ul>\n","protected":false},"excerpt":{"rendered":"<p>Prueba R\u00e1pida Ant\u00edgeno Realy Tech COVID-19 \u2013 No. de cat\u00e1logo COFEPRIS: K511416D El dispositivo de prueba r\u00e1pida Novel Coronavirus (SARS-COV.2) Antigen Rapid Test Cassette es un inmunoensayo de flujo lateral altamente sensible para detectar el ant\u00edgeno del virus SARS-CoV-2. Se espera el resultado definitivo de 10 a 20 minutos. Su aplicaci\u00f3n es de forma nasal. &hellip;<\/p>\n<p class=\"read-more\"> <a class=\"\" href=\"https:\/\/pangeatacticalandoutdoors.com\/index.php\/producto\/realy-tech-prueba-rapida-antigeno-covid-19-pieza\/\"> <span class=\"screen-reader-text\">REALY TECH-PRUEBA R\u00c1PIDA ANT\u00cdGENO COVID-19 (PIEZA)<\/span> Leer m\u00e1s &raquo;<\/a><\/p>\n","protected":false},"featured_media":5583,"comment_status":"open","ping_status":"closed","template":"","meta":{"site-sidebar-layout":"default","site-content-layout":"default","ast-global-header-display":"","ast-main-header-display":"","ast-hfb-above-header-display":"","ast-hfb-below-header-display":"","ast-hfb-mobile-header-display":"","site-post-title":"","ast-breadcrumbs-content":"","ast-featured-img":"","footer-sml-layout":"","theme-transparent-header-meta":"default","adv-header-id-meta":"","stick-header-meta":"","header-above-stick-meta":"","header-main-stick-meta":"","header-below-stick-meta":""},"product_cat":[90,371],"product_tag":[],"class_list":["post-5582","product","type-product","status-publish","has-post-thumbnail","hentry","product_cat-accesorios","product_cat-pruebas-covid19"],"jetpack_sharing_enabled":true,"_links":{"self":[{"href":"https:\/\/pangeatacticalandoutdoors.com\/index.php\/wp-json\/wp\/v2\/product\/5582","targetHints":{"allow":["GET"]}}],"collection":[{"href":"https:\/\/pangeatacticalandoutdoors.com\/index.php\/wp-json\/wp\/v2\/product"}],"about":[{"href":"https:\/\/pangeatacticalandoutdoors.com\/index.php\/wp-json\/wp\/v2\/types\/product"}],"replies":[{"embeddable":true,"href":"https:\/\/pangeatacticalandoutdoors.com\/index.php\/wp-json\/wp\/v2\/comments?post=5582"}],"wp:featuredmedia":[{"embeddable":true,"href":"https:\/\/pangeatacticalandoutdoors.com\/index.php\/wp-json\/wp\/v2\/media\/5583"}],"wp:attachment":[{"href":"https:\/\/pangeatacticalandoutdoors.com\/index.php\/wp-json\/wp\/v2\/media?parent=5582"}],"wp:term":[{"taxonomy":"product_cat","embeddable":true,"href":"https:\/\/pangeatacticalandoutdoors.com\/index.php\/wp-json\/wp\/v2\/product_cat?post=5582"},{"taxonomy":"product_tag","embeddable":true,"href":"https:\/\/pangeatacticalandoutdoors.com\/index.php\/wp-json\/wp\/v2\/product_tag?post=5582"}],"curies":[{"name":"wp","href":"https:\/\/api.w.org\/{rel}","templated":true}]}}