{"id":5572,"date":"2022-02-01T13:18:10","date_gmt":"2022-02-01T19:18:10","guid":{"rendered":"https:\/\/pangeatacticalandoutdoors.com\/?post_type=product&#038;p=5572"},"modified":"2024-02-26T16:33:31","modified_gmt":"2024-02-26T22:33:31","slug":"maja-camiseta-performance-aquadrip","status":"publish","type":"product","link":"https:\/\/pangeatacticalandoutdoors.com\/index.php\/producto\/maja-camiseta-performance-aquadrip\/","title":{"rendered":"MAJA-CAMISETA PERFORMANCE AQUADRIP"},"content":{"rendered":"<p><em>Una camiseta que te brinda total libertad de movimiento por lo que estar\u00e1s c\u00f3modo en todo momento y protegido de los rayos UV mientras disfrutas tus actividades favoritas.<\/em><\/p>\n<p><em>Dise\u00f1o con nuestro estampado \u201c<strong>Aquadrip<\/strong>\u201d inspirado en el efecto de la luz del sol reflejada en el mar de cort\u00e9s.<\/em><\/p>\n<h6>CARACTER\u00cdSTICAS:<\/h6>\n<ul>\n<li>Protecci\u00f3n UV.<\/li>\n<li>Tela estirable.<\/li>\n<li>Protecci\u00f3n impermeable.<\/li>\n<\/ul>\n","protected":false},"excerpt":{"rendered":"<p>Una camiseta que te brinda total libertad de movimiento por lo que estar\u00e1s c\u00f3modo en todo momento y protegido de los rayos UV mientras disfrutas tus actividades favoritas. Dise\u00f1o con nuestro estampado \u201cAquadrip\u201d inspirado en el efecto de la luz del sol reflejada en el mar de cort\u00e9s. CARACTER\u00cdSTICAS: Protecci\u00f3n UV. Tela estirable. Protecci\u00f3n impermeable.<\/p>\n","protected":false},"featured_media":5573,"comment_status":"open","ping_status":"closed","template":"","meta":{"site-sidebar-layout":"default","site-content-layout":"default","ast-global-header-display":"","ast-main-header-display":"","ast-hfb-above-header-display":"","ast-hfb-below-header-display":"","ast-hfb-mobile-header-display":"","site-post-title":"","ast-breadcrumbs-content":"","ast-featured-img":"","footer-sml-layout":"","theme-transparent-header-meta":"default","adv-header-id-meta":"","stick-header-meta":"","header-above-stick-meta":"","header-main-stick-meta":"","header-below-stick-meta":""},"product_cat":[230,88],"product_tag":[],"class_list":["post-5572","product","type-product","status-publish","has-post-thumbnail","hentry","product_cat-blusa-deportiva","product_cat-campismo"],"jetpack_sharing_enabled":true,"_links":{"self":[{"href":"https:\/\/pangeatacticalandoutdoors.com\/index.php\/wp-json\/wp\/v2\/product\/5572","targetHints":{"allow":["GET"]}}],"collection":[{"href":"https:\/\/pangeatacticalandoutdoors.com\/index.php\/wp-json\/wp\/v2\/product"}],"about":[{"href":"https:\/\/pangeatacticalandoutdoors.com\/index.php\/wp-json\/wp\/v2\/types\/product"}],"replies":[{"embeddable":true,"href":"https:\/\/pangeatacticalandoutdoors.com\/index.php\/wp-json\/wp\/v2\/comments?post=5572"}],"wp:featuredmedia":[{"embeddable":true,"href":"https:\/\/pangeatacticalandoutdoors.com\/index.php\/wp-json\/wp\/v2\/media\/5573"}],"wp:attachment":[{"href":"https:\/\/pangeatacticalandoutdoors.com\/index.php\/wp-json\/wp\/v2\/media?parent=5572"}],"wp:term":[{"taxonomy":"product_cat","embeddable":true,"href":"https:\/\/pangeatacticalandoutdoors.com\/index.php\/wp-json\/wp\/v2\/product_cat?post=5572"},{"taxonomy":"product_tag","embeddable":true,"href":"https:\/\/pangeatacticalandoutdoors.com\/index.php\/wp-json\/wp\/v2\/product_tag?post=5572"}],"curies":[{"name":"wp","href":"https:\/\/api.w.org\/{rel}","templated":true}]}}