{"id":5567,"date":"2022-01-29T14:51:50","date_gmt":"2022-01-29T20:51:50","guid":{"rendered":"https:\/\/pangeatacticalandoutdoors.com\/?post_type=product&#038;p=5567"},"modified":"2026-03-09T11:37:49","modified_gmt":"2026-03-09T17:37:49","slug":"maja-camiseta-rosa-logo-vigia","status":"publish","type":"product","link":"https:\/\/pangeatacticalandoutdoors.com\/index.php\/producto\/maja-camiseta-rosa-logo-vigia\/","title":{"rendered":"MAJA-CAMISETA ROSA LOGO VIGIA"},"content":{"rendered":"<p><em>Porta el emblema de nuestra camiseta inspirada en el Cerro del Vig\u00eda ubicado en Cabo San Lucas. Los colores est\u00e1n inspirados en el amanecer que colorea con tintes \u00fanicos este paisaje de La Baja Mexicana.<\/em><\/p>\n<h6>CARACTER\u00cdSTICAS:<\/h6>\n<ul>\n<li>100% algod\u00f3n.<\/li>\n<li>Color rosa.<\/li>\n<li>Manga corta<\/li>\n<li>Cuello redondo.<\/li>\n<li>Emblema Cerro del Vig\u00eda en el pecho de lado izquierdo con relieve 3D.<\/li>\n<li>Logotipo Maja\u00ae en la espalda.<\/li>\n<\/ul>\n","protected":false},"excerpt":{"rendered":"<p>Porta el emblema de nuestra camiseta inspirada en el Cerro del Vig\u00eda ubicado en Cabo San Lucas. Los colores est\u00e1n inspirados en el amanecer que colorea con tintes \u00fanicos este paisaje de La Baja Mexicana. CARACTER\u00cdSTICAS: 100% algod\u00f3n. Color rosa. Manga corta Cuello redondo. Emblema Cerro del Vig\u00eda en el pecho de lado izquierdo con &hellip;<\/p>\n<p class=\"read-more\"> <a class=\"\" href=\"https:\/\/pangeatacticalandoutdoors.com\/index.php\/producto\/maja-camiseta-rosa-logo-vigia\/\"> <span class=\"screen-reader-text\">MAJA-CAMISETA ROSA LOGO VIGIA<\/span> Leer m\u00e1s &raquo;<\/a><\/p>\n","protected":false},"featured_media":5568,"comment_status":"open","ping_status":"closed","template":"","meta":{"site-sidebar-layout":"default","site-content-layout":"default","ast-global-header-display":"","ast-main-header-display":"","ast-hfb-above-header-display":"","ast-hfb-below-header-display":"","ast-hfb-mobile-header-display":"","site-post-title":"","ast-breadcrumbs-content":"","ast-featured-img":"","footer-sml-layout":"","theme-transparent-header-meta":"default","adv-header-id-meta":"","stick-header-meta":"","header-above-stick-meta":"","header-main-stick-meta":"","header-below-stick-meta":""},"product_cat":[230,88],"product_tag":[],"class_list":["post-5567","product","type-product","status-publish","has-post-thumbnail","hentry","product_cat-blusa-deportiva","product_cat-campismo"],"jetpack_sharing_enabled":true,"_links":{"self":[{"href":"https:\/\/pangeatacticalandoutdoors.com\/index.php\/wp-json\/wp\/v2\/product\/5567","targetHints":{"allow":["GET"]}}],"collection":[{"href":"https:\/\/pangeatacticalandoutdoors.com\/index.php\/wp-json\/wp\/v2\/product"}],"about":[{"href":"https:\/\/pangeatacticalandoutdoors.com\/index.php\/wp-json\/wp\/v2\/types\/product"}],"replies":[{"embeddable":true,"href":"https:\/\/pangeatacticalandoutdoors.com\/index.php\/wp-json\/wp\/v2\/comments?post=5567"}],"wp:featuredmedia":[{"embeddable":true,"href":"https:\/\/pangeatacticalandoutdoors.com\/index.php\/wp-json\/wp\/v2\/media\/5568"}],"wp:attachment":[{"href":"https:\/\/pangeatacticalandoutdoors.com\/index.php\/wp-json\/wp\/v2\/media?parent=5567"}],"wp:term":[{"taxonomy":"product_cat","embeddable":true,"href":"https:\/\/pangeatacticalandoutdoors.com\/index.php\/wp-json\/wp\/v2\/product_cat?post=5567"},{"taxonomy":"product_tag","embeddable":true,"href":"https:\/\/pangeatacticalandoutdoors.com\/index.php\/wp-json\/wp\/v2\/product_tag?post=5567"}],"curies":[{"name":"wp","href":"https:\/\/api.w.org\/{rel}","templated":true}]}}