{"id":5529,"date":"2022-01-28T14:25:47","date_gmt":"2022-01-28T20:25:47","guid":{"rendered":"https:\/\/pangeatacticalandoutdoors.com\/?post_type=product&#038;p=5529"},"modified":"2022-12-13T17:23:11","modified_gmt":"2022-12-13T23:23:11","slug":"maja-rompevientos-dorado","status":"publish","type":"product","link":"https:\/\/pangeatacticalandoutdoors.com\/index.php\/producto\/maja-rompevientos-dorado\/","title":{"rendered":"MAJA-ROMPEVIENTOS DORADO"},"content":{"rendered":"<p><em>Un rompevientos para cualquier ocasi\u00f3n y del mar a la monta\u00f1a.<\/em><\/p>\n<p><em>Es una prenda ligera, fresca y c\u00f3moda ideal para tus d\u00edas de aventura.<\/em><\/p>\n<p><em>Dise\u00f1o con nuestro patr\u00f3n \u201c<strong>Dorado<\/strong>\u201d inspirado en una mezcla de la nostalgia de los zarapes mexicanos y los memorables atardeceres de \u201cLa Baja\u201d.<\/em><\/p>\n<h6>CARACTER\u00cdSTICAS:<\/h6>\n<ul>\n<li>Protecci\u00f3n UV.<\/li>\n<li>Repelente al agua.<\/li>\n<\/ul>\n","protected":false},"excerpt":{"rendered":"<p>Un rompevientos para cualquier ocasi\u00f3n y del mar a la monta\u00f1a. Es una prenda ligera, fresca y c\u00f3moda ideal para tus d\u00edas de aventura. Dise\u00f1o con nuestro patr\u00f3n \u201cDorado\u201d inspirado en una mezcla de la nostalgia de los zarapes mexicanos y los memorables atardeceres de \u201cLa Baja\u201d. CARACTER\u00cdSTICAS: Protecci\u00f3n UV. Repelente al agua.<\/p>\n","protected":false},"featured_media":5530,"comment_status":"open","ping_status":"closed","template":"","meta":{"site-sidebar-layout":"default","site-content-layout":"default","ast-global-header-display":"","ast-main-header-display":"","ast-hfb-above-header-display":"","ast-hfb-below-header-display":"","ast-hfb-mobile-header-display":"","site-post-title":"","ast-breadcrumbs-content":"","ast-featured-img":"","footer-sml-layout":"","theme-transparent-header-meta":"default","adv-header-id-meta":"","stick-header-meta":"","header-above-stick-meta":"","header-main-stick-meta":"","header-below-stick-meta":""},"product_cat":[136,88],"product_tag":[],"class_list":["post-5529","product","type-product","status-publish","has-post-thumbnail","hentry","product_cat-chamarras-y-chaquetas","product_cat-campismo"],"jetpack_sharing_enabled":true,"_links":{"self":[{"href":"https:\/\/pangeatacticalandoutdoors.com\/index.php\/wp-json\/wp\/v2\/product\/5529","targetHints":{"allow":["GET"]}}],"collection":[{"href":"https:\/\/pangeatacticalandoutdoors.com\/index.php\/wp-json\/wp\/v2\/product"}],"about":[{"href":"https:\/\/pangeatacticalandoutdoors.com\/index.php\/wp-json\/wp\/v2\/types\/product"}],"replies":[{"embeddable":true,"href":"https:\/\/pangeatacticalandoutdoors.com\/index.php\/wp-json\/wp\/v2\/comments?post=5529"}],"wp:featuredmedia":[{"embeddable":true,"href":"https:\/\/pangeatacticalandoutdoors.com\/index.php\/wp-json\/wp\/v2\/media\/5530"}],"wp:attachment":[{"href":"https:\/\/pangeatacticalandoutdoors.com\/index.php\/wp-json\/wp\/v2\/media?parent=5529"}],"wp:term":[{"taxonomy":"product_cat","embeddable":true,"href":"https:\/\/pangeatacticalandoutdoors.com\/index.php\/wp-json\/wp\/v2\/product_cat?post=5529"},{"taxonomy":"product_tag","embeddable":true,"href":"https:\/\/pangeatacticalandoutdoors.com\/index.php\/wp-json\/wp\/v2\/product_tag?post=5529"}],"curies":[{"name":"wp","href":"https:\/\/api.w.org\/{rel}","templated":true}]}}