{"id":5516,"date":"2022-01-26T17:56:03","date_gmt":"2022-01-26T23:56:03","guid":{"rendered":"https:\/\/pangeatacticalandoutdoors.com\/?post_type=product&#038;p=5516"},"modified":"2022-05-24T13:33:34","modified_gmt":"2022-05-24T18:33:34","slug":"ap-mascarillas-cara-completa-dp16021530","status":"publish","type":"product","link":"https:\/\/pangeatacticalandoutdoors.com\/index.php\/producto\/ap-mascarillas-cara-completa-dp16021530\/","title":{"rendered":"AP MASCARILLAS-CARA COMPLETA DP16021530"},"content":{"rendered":"<p style=\"text-align: justify;\"><em>El respirador Fullface o cara completa brinda una excelente y efectiva protecci\u00f3n cuando se usa de acuerdo con las instrucciones de colocaci\u00f3n y se utilizan los criterios de selecci\u00f3n adecuados para filtros y cartuchos. Es liviano y posee un buen balance de peso al ser usado con filtros y\/o cartuchos.<\/em><\/p>\n<p><strong><span style=\"color: #000000;\">CARACTER\u00cdSTICAS:<\/span><\/strong><\/p>\n<ul>\n<li style=\"text-align: justify;\">Est\u00e1 dise\u00f1ado para proporcionar flexibilidad en sus usuarios en ambientes de trabajo extremos. Con tecnolog\u00eda para entregar la comodidad m\u00e1xima con un amplio campo visual, es un respirador muy liviano, con copa nasal y cuerpo en elast\u00f3mero termopl\u00e1stico y un visor (lente) que permite un campo visual superior a otros respiradores. Es totalmente hipo alerg\u00e9nico.<\/li>\n<li style=\"text-align: justify;\">Posee una v\u00e1lvula de exhalaci\u00f3n que ayuda a reducir el calor y la acumulaci\u00f3n de humedad dentro de la pieza facial. Protege las v\u00edas respiratorias y completa esta con la protecci\u00f3n facial, de los diferentes agentes contaminantes que se encuentran en un ambiente laboral.<\/li>\n<li style=\"text-align: justify;\">Contiene un arn\u00e9s con sujeci\u00f3n de 4 puntos para su ajuste lo que permite que este logre a ser excelente y seguro, haciendo el respirador m\u00e1s c\u00f3modo en la cabeza reduciendo los puntos de presi\u00f3n y tiraje de cabello.<\/li>\n<li style=\"text-align: justify;\">Tambi\u00e9n se puede usar con sistema de l\u00ednea de aire.<\/li>\n<li style=\"text-align: justify;\">Este producto puede utilizarse con diferentes tipos de cartuchos y filtros; las entradas son de tipo bayoneta o de media vuelta por lo cual los cartuchos pueden ser insertados f\u00e1cil y r\u00e1pidamente en el porta filtros.<\/li>\n<\/ul>\n<p style=\"text-align: justify;\"><strong>LIMITACIONES DE USO:<\/strong>\u00a0 NO USAR en ambiente cuya concentraci\u00f3n de contaminantes supere 10 veces el LMPE. NO USAR en atm\u00f3sferas cuyo contenido de ox\u00edgeno sea menor a 19.5%, ni en atm\u00f3sferas inmediatamente peligrosas para la vida y salud (IDLH).<\/p>\n<p style=\"text-align: justify;\"><strong>MATERIALES:\u00a0<\/strong><\/p>\n<p style=\"text-align: justify;\">Pieza facial\u00a0 \u00a0 \u00a0 \u00a0 \u00a0 \u00a0 \u00a0 \u00a0 \u00a0Polibarbonato \/ Silic\u00f3n<\/p>\n<p style=\"text-align: justify;\">Color\u00a0 \u00a0 \u00a0 \u00a0 \u00a0 \u00a0 \u00a0 \u00a0 \u00a0 \u00a0 \u00a0 \u00a0 \u00a0 \u00a0 \u00a0Gris<\/p>\n<p style=\"text-align: justify;\">Bandas el\u00e1sticas\u00a0 \u00a0 \u00a0 \u00a0L\u00e1tex<\/p>\n<p style=\"text-align: justify;\">V\u00e1lvulas\u00a0 \u00a0 \u00a0 \u00a0 \u00a0 \u00a0 \u00a0 \u00a0 \u00a0 \u00a0 \u00a0 \u00a0TPE<\/p>\n","protected":false},"excerpt":{"rendered":"<p>El respirador Fullface o cara completa brinda una excelente y efectiva protecci\u00f3n cuando se usa de acuerdo con las instrucciones de colocaci\u00f3n y se utilizan los criterios de selecci\u00f3n adecuados para filtros y cartuchos. Es liviano y posee un buen balance de peso al ser usado con filtros y\/o cartuchos. CARACTER\u00cdSTICAS: Est\u00e1 dise\u00f1ado para proporcionar &hellip;<\/p>\n<p class=\"read-more\"> <a class=\"\" href=\"https:\/\/pangeatacticalandoutdoors.com\/index.php\/producto\/ap-mascarillas-cara-completa-dp16021530\/\"> <span class=\"screen-reader-text\">AP MASCARILLAS-CARA COMPLETA DP16021530<\/span> Leer m\u00e1s &raquo;<\/a><\/p>\n","protected":false},"featured_media":6698,"comment_status":"open","ping_status":"closed","template":"","meta":{"site-sidebar-layout":"default","site-content-layout":"default","ast-global-header-display":"","ast-main-header-display":"","ast-hfb-above-header-display":"","ast-hfb-below-header-display":"","ast-hfb-mobile-header-display":"","site-post-title":"","ast-breadcrumbs-content":"","ast-featured-img":"","footer-sml-layout":"","theme-transparent-header-meta":"default","adv-header-id-meta":"","stick-header-meta":"","header-above-stick-meta":"","header-main-stick-meta":"","header-below-stick-meta":""},"product_cat":[90,337],"product_tag":[],"class_list":["post-5516","product","type-product","status-publish","has-post-thumbnail","hentry","product_cat-accesorios","product_cat-proteccion-respiratoria"],"jetpack_sharing_enabled":true,"_links":{"self":[{"href":"https:\/\/pangeatacticalandoutdoors.com\/index.php\/wp-json\/wp\/v2\/product\/5516","targetHints":{"allow":["GET"]}}],"collection":[{"href":"https:\/\/pangeatacticalandoutdoors.com\/index.php\/wp-json\/wp\/v2\/product"}],"about":[{"href":"https:\/\/pangeatacticalandoutdoors.com\/index.php\/wp-json\/wp\/v2\/types\/product"}],"replies":[{"embeddable":true,"href":"https:\/\/pangeatacticalandoutdoors.com\/index.php\/wp-json\/wp\/v2\/comments?post=5516"}],"wp:featuredmedia":[{"embeddable":true,"href":"https:\/\/pangeatacticalandoutdoors.com\/index.php\/wp-json\/wp\/v2\/media\/6698"}],"wp:attachment":[{"href":"https:\/\/pangeatacticalandoutdoors.com\/index.php\/wp-json\/wp\/v2\/media?parent=5516"}],"wp:term":[{"taxonomy":"product_cat","embeddable":true,"href":"https:\/\/pangeatacticalandoutdoors.com\/index.php\/wp-json\/wp\/v2\/product_cat?post=5516"},{"taxonomy":"product_tag","embeddable":true,"href":"https:\/\/pangeatacticalandoutdoors.com\/index.php\/wp-json\/wp\/v2\/product_tag?post=5516"}],"curies":[{"name":"wp","href":"https:\/\/api.w.org\/{rel}","templated":true}]}}