{"id":5453,"date":"2022-01-22T13:09:22","date_gmt":"2022-01-22T19:09:22","guid":{"rendered":"https:\/\/pangeatacticalandoutdoors.com\/?post_type=product&#038;p=5453"},"modified":"2026-03-09T11:34:10","modified_gmt":"2026-03-09T17:34:10","slug":"maja-camisa-outdoor-signature-manga-larga","status":"publish","type":"product","link":"https:\/\/pangeatacticalandoutdoors.com\/index.php\/producto\/maja-camisa-outdoor-signature-manga-larga\/","title":{"rendered":"MAJA-CAMISA OUTDOOR SIGNATURE MANGA LARGA"},"content":{"rendered":"<p><em>Una camisa con toda la tecnolog\u00eda para realizar las actividades que m\u00e1s te gustan. Estudiamos el corte y tela para darte la mayor comodidad durante tu desempe\u00f1o.<\/em><\/p>\n<h6>CARACTER\u00cdSTICAS:<\/h6>\n<ul>\n<li>Tela anti desgarro.<\/li>\n<li>Estiramiento en 4 v\u00edas.<\/li>\n<li>Aberturas de ventilaci\u00f3n.<\/li>\n<li>Protecci\u00f3n rayos UV UPF 50+.<\/li>\n<li>Acabado resistente al agua.<\/li>\n<\/ul>\n","protected":false},"excerpt":{"rendered":"<p>Una camisa con toda la tecnolog\u00eda para realizar las actividades que m\u00e1s te gustan. Estudiamos el corte y tela para darte la mayor comodidad durante tu desempe\u00f1o. CARACTER\u00cdSTICAS: Tela anti desgarro. Estiramiento en 4 v\u00edas. Aberturas de ventilaci\u00f3n. Protecci\u00f3n rayos UV UPF 50+. Acabado resistente al agua.<\/p>\n","protected":false},"featured_media":5446,"comment_status":"open","ping_status":"closed","template":"","meta":{"site-sidebar-layout":"default","site-content-layout":"default","ast-global-header-display":"","ast-main-header-display":"","ast-hfb-above-header-display":"","ast-hfb-below-header-display":"","ast-hfb-mobile-header-display":"","site-post-title":"","ast-breadcrumbs-content":"","ast-featured-img":"","footer-sml-layout":"","theme-transparent-header-meta":"default","adv-header-id-meta":"","stick-header-meta":"","header-above-stick-meta":"","header-main-stick-meta":"","header-below-stick-meta":""},"product_cat":[132,88],"product_tag":[],"class_list":["post-5453","product","type-product","status-publish","has-post-thumbnail","hentry","product_cat-camisas","product_cat-campismo"],"jetpack_sharing_enabled":true,"_links":{"self":[{"href":"https:\/\/pangeatacticalandoutdoors.com\/index.php\/wp-json\/wp\/v2\/product\/5453","targetHints":{"allow":["GET"]}}],"collection":[{"href":"https:\/\/pangeatacticalandoutdoors.com\/index.php\/wp-json\/wp\/v2\/product"}],"about":[{"href":"https:\/\/pangeatacticalandoutdoors.com\/index.php\/wp-json\/wp\/v2\/types\/product"}],"replies":[{"embeddable":true,"href":"https:\/\/pangeatacticalandoutdoors.com\/index.php\/wp-json\/wp\/v2\/comments?post=5453"}],"wp:featuredmedia":[{"embeddable":true,"href":"https:\/\/pangeatacticalandoutdoors.com\/index.php\/wp-json\/wp\/v2\/media\/5446"}],"wp:attachment":[{"href":"https:\/\/pangeatacticalandoutdoors.com\/index.php\/wp-json\/wp\/v2\/media?parent=5453"}],"wp:term":[{"taxonomy":"product_cat","embeddable":true,"href":"https:\/\/pangeatacticalandoutdoors.com\/index.php\/wp-json\/wp\/v2\/product_cat?post=5453"},{"taxonomy":"product_tag","embeddable":true,"href":"https:\/\/pangeatacticalandoutdoors.com\/index.php\/wp-json\/wp\/v2\/product_tag?post=5453"}],"curies":[{"name":"wp","href":"https:\/\/api.w.org\/{rel}","templated":true}]}}