{"id":5399,"date":"2022-01-14T16:25:44","date_gmt":"2022-01-14T22:25:44","guid":{"rendered":"https:\/\/pangeatacticalandoutdoors.com\/?post_type=product&#038;p=5399"},"modified":"2026-02-16T12:13:51","modified_gmt":"2026-02-16T18:13:51","slug":"petzl-bandi-magnesera-redonda","status":"publish","type":"product","link":"https:\/\/pangeatacticalandoutdoors.com\/index.php\/producto\/petzl-bandi-magnesera-redonda\/","title":{"rendered":"PETZL-BANDI MAGNESERA REDONDA"},"content":{"rendered":"<h1 class=\"productTitle\">BANDI<\/h1>\n<p class=\"productSubtitle\"><em>Bolsa para magnesio de forma redonda<\/em><\/p>\n<div class=\"productCaracteristiquesPosition inlineblock\">\n<p class=\"productCaracteristiques inlineblock\"><em>La bolsa para magnesio BANDI tiene la forma redonda con una gran abertura para poder introducir toda la mano. Su tejido ligero se mantiene bien con una mochila o cuando se est\u00e1 apoyado en la pared. El sistema de cierre es pr\u00e1ctico gracias al ce\u00f1ido central de cord\u00f3n y tanka. Se puede abrir con una sola mano, en caso de olvidar abrirla antes de empezar a escalar.<\/em><\/p>\n<h6>CARACTER\u00cdSTICAS:<\/h6>\n<div class=\"list\">\n<ul>\n<li>Forma redonda para permitir la entrada de toda la mano.<\/li>\n<li>Ribete semirr\u00edgido para mantener la forma de la bolsa.<\/li>\n<li>Cierre de la bolsa con tejido que impide que el magnesio se escape durante el transporte.<\/li>\n<li>Portacepillo textil para sujetar mejor todo tipo de cepillos.<\/li>\n<li>Forro cosido en el fondo de la bolsa para evitar el volteo cuando se retira la mano.<\/li>\n<li>Materiales: nil\u00f3n y poli\u00e9ster<\/li>\n<li>Peso: 75 g<\/li>\n<\/ul>\n<\/div>\n<div class=\"list\"><\/div>\n<\/div>\n","protected":false},"excerpt":{"rendered":"<p>BANDI Bolsa para magnesio de forma redonda La bolsa para magnesio BANDI tiene la forma redonda con una gran abertura para poder introducir toda la mano. Su tejido ligero se mantiene bien con una mochila o cuando se est\u00e1 apoyado en la pared. El sistema de cierre es pr\u00e1ctico gracias al ce\u00f1ido central de cord\u00f3n &hellip;<\/p>\n<p class=\"read-more\"> <a class=\"\" href=\"https:\/\/pangeatacticalandoutdoors.com\/index.php\/producto\/petzl-bandi-magnesera-redonda\/\"> <span class=\"screen-reader-text\">PETZL-BANDI MAGNESERA REDONDA<\/span> Leer m\u00e1s &raquo;<\/a><\/p>\n","protected":false},"featured_media":5406,"comment_status":"open","ping_status":"closed","template":"","meta":{"site-sidebar-layout":"default","site-content-layout":"default","ast-global-header-display":"","ast-main-header-display":"","ast-hfb-above-header-display":"","ast-hfb-below-header-display":"","ast-hfb-mobile-header-display":"","site-post-title":"","ast-breadcrumbs-content":"","ast-featured-img":"","footer-sml-layout":"","theme-transparent-header-meta":"default","adv-header-id-meta":"","stick-header-meta":"","header-above-stick-meta":"","header-main-stick-meta":"","header-below-stick-meta":""},"product_cat":[307,88],"product_tag":[],"class_list":["post-5399","product","type-product","status-publish","has-post-thumbnail","hentry","product_cat-magnesia","product_cat-campismo"],"jetpack_sharing_enabled":true,"_links":{"self":[{"href":"https:\/\/pangeatacticalandoutdoors.com\/index.php\/wp-json\/wp\/v2\/product\/5399","targetHints":{"allow":["GET"]}}],"collection":[{"href":"https:\/\/pangeatacticalandoutdoors.com\/index.php\/wp-json\/wp\/v2\/product"}],"about":[{"href":"https:\/\/pangeatacticalandoutdoors.com\/index.php\/wp-json\/wp\/v2\/types\/product"}],"replies":[{"embeddable":true,"href":"https:\/\/pangeatacticalandoutdoors.com\/index.php\/wp-json\/wp\/v2\/comments?post=5399"}],"wp:featuredmedia":[{"embeddable":true,"href":"https:\/\/pangeatacticalandoutdoors.com\/index.php\/wp-json\/wp\/v2\/media\/5406"}],"wp:attachment":[{"href":"https:\/\/pangeatacticalandoutdoors.com\/index.php\/wp-json\/wp\/v2\/media?parent=5399"}],"wp:term":[{"taxonomy":"product_cat","embeddable":true,"href":"https:\/\/pangeatacticalandoutdoors.com\/index.php\/wp-json\/wp\/v2\/product_cat?post=5399"},{"taxonomy":"product_tag","embeddable":true,"href":"https:\/\/pangeatacticalandoutdoors.com\/index.php\/wp-json\/wp\/v2\/product_tag?post=5399"}],"curies":[{"name":"wp","href":"https:\/\/api.w.org\/{rel}","templated":true}]}}