{"id":5396,"date":"2022-01-14T14:54:52","date_gmt":"2022-01-14T20:54:52","guid":{"rendered":"https:\/\/pangeatacticalandoutdoors.com\/?post_type=product&#038;p=5396"},"modified":"2022-11-18T17:38:32","modified_gmt":"2022-11-18T23:38:32","slug":"petzl-kliff-bolsa-para-escalada-deportiva","status":"publish","type":"product","link":"https:\/\/pangeatacticalandoutdoors.com\/index.php\/producto\/petzl-kliff-bolsa-para-escalada-deportiva\/","title":{"rendered":"PETZL-KLIFF BOLSA PARA ESCALADA DEPORTIVA"},"content":{"rendered":"<h1 class=\"productTitle\">KLIFF<\/h1>\n<p class=\"productSubtitle\"><em>Bolsa para cuerda para escalada deportiva en pared<\/em><\/p>\n<div class=\"productCaracteristiquesPosition inlineblock\">\n<p class=\"productCaracteristiques inlineblock\"><em>\u00a1Para pasar una buena jornada en la roca! La KLIFF te permite transportar hasta 100 m de cuerda, as\u00ed como el material de escalada necesario para tu progresi\u00f3n: arn\u00e9s, pies de gato, cintas&#8230; Su sistema de abertura situado en la espalda te permitir\u00e1 acceder r\u00e1pidamente a tu material. Su lona amovible permite delimitar un espacio limpio para la cuerda. Sus tirantes acolchados y ajustables te permiten transportar confortablemente tus pertenencias hasta pie de v\u00eda.<\/em><\/p>\n<h6>CARACTER\u00cdSTICAS:<\/h6>\n<\/div>\n<div class=\"list\">\n<ul>\n<li>Bolsa para cuerda completa, dise\u00f1ada para la escalada deportiva en pared:<br \/>\n&#8211; Gran capacidad de 36 litros, que permite llevar hasta 100 m de cuerda o una cuerda doble, as\u00ed como todo el material de escalada (arn\u00e9s, cintas expr\u00e9s, pies de gato&#8230;).<br \/>\n&#8211; Tejido exterior robusto, resistente a la abrasi\u00f3n.<\/li>\n<li>Pr\u00e1ctica y f\u00e1cil de utilizar:<br \/>\n&#8211; Gran abertura mediante cremallera y cierre en la espalda, para proteger la parte dorsal del contacto con el suelo y evitar que se ensucie.<br \/>\n&#8211; Acceso r\u00e1pido al material cuando la bolsa se coloca en el suelo.<br \/>\n&#8211; Lona de protecci\u00f3n separable que permite disponer de un espacio limpio para la cuerda de 140 x 140 cm.<br \/>\n&#8211; Asas en las cuatro esquinas de la lona, con dos de color para identificar las puntas de la cuerda.<br \/>\n&#8211; Facilidad para guardar la cuerda, gracias a las dos asas en el interior de la bolsa.<br \/>\n&#8211; Un bolsillo con cremallera que ofrece un acceso r\u00e1pido a la rese\u00f1a, tel\u00e9fono, llaves&#8230;<br \/>\n&#8211; Un asa para llevar la bolsa en la mano.<\/li>\n<li>Se lleva confortablemente durante las marchas de aproximaci\u00f3n:<br \/>\n&#8211; Tirantes acolchados, flexibles y regulables.<br \/>\n&#8211; Cinta pectoral para mantener los tirantes en posici\u00f3n.<\/li>\n<li>Capacidad: 36 litros<\/li>\n<li>Peso: 750 g<\/li>\n<li>Materiales: tejidos y cintas de poli\u00e9ster, gancho de aluminio<\/li>\n<\/ul>\n<\/div>\n<div class=\"list\"><\/div>\n","protected":false},"excerpt":{"rendered":"<p>KLIFF Bolsa para cuerda para escalada deportiva en pared \u00a1Para pasar una buena jornada en la roca! La KLIFF te permite transportar hasta 100 m de cuerda, as\u00ed como el material de escalada necesario para tu progresi\u00f3n: arn\u00e9s, pies de gato, cintas&#8230; Su sistema de abertura situado en la espalda te permitir\u00e1 acceder r\u00e1pidamente a &hellip;<\/p>\n<p class=\"read-more\"> <a class=\"\" href=\"https:\/\/pangeatacticalandoutdoors.com\/index.php\/producto\/petzl-kliff-bolsa-para-escalada-deportiva\/\"> <span class=\"screen-reader-text\">PETZL-KLIFF BOLSA PARA ESCALADA DEPORTIVA<\/span> Leer m\u00e1s &raquo;<\/a><\/p>\n","protected":false},"featured_media":5268,"comment_status":"open","ping_status":"closed","template":"","meta":{"site-sidebar-layout":"default","site-content-layout":"default","ast-global-header-display":"","ast-main-header-display":"","ast-hfb-above-header-display":"","ast-hfb-below-header-display":"","ast-hfb-mobile-header-display":"","site-post-title":"","ast-breadcrumbs-content":"","ast-featured-img":"","footer-sml-layout":"","theme-transparent-header-meta":"default","adv-header-id-meta":"","stick-header-meta":"","header-above-stick-meta":"","header-main-stick-meta":"","header-below-stick-meta":""},"product_cat":[172,88],"product_tag":[],"class_list":["post-5396","product","type-product","status-publish","has-post-thumbnail","hentry","product_cat-mosquetones","product_cat-campismo"],"jetpack_sharing_enabled":true,"_links":{"self":[{"href":"https:\/\/pangeatacticalandoutdoors.com\/index.php\/wp-json\/wp\/v2\/product\/5396","targetHints":{"allow":["GET"]}}],"collection":[{"href":"https:\/\/pangeatacticalandoutdoors.com\/index.php\/wp-json\/wp\/v2\/product"}],"about":[{"href":"https:\/\/pangeatacticalandoutdoors.com\/index.php\/wp-json\/wp\/v2\/types\/product"}],"replies":[{"embeddable":true,"href":"https:\/\/pangeatacticalandoutdoors.com\/index.php\/wp-json\/wp\/v2\/comments?post=5396"}],"wp:featuredmedia":[{"embeddable":true,"href":"https:\/\/pangeatacticalandoutdoors.com\/index.php\/wp-json\/wp\/v2\/media\/5268"}],"wp:attachment":[{"href":"https:\/\/pangeatacticalandoutdoors.com\/index.php\/wp-json\/wp\/v2\/media?parent=5396"}],"wp:term":[{"taxonomy":"product_cat","embeddable":true,"href":"https:\/\/pangeatacticalandoutdoors.com\/index.php\/wp-json\/wp\/v2\/product_cat?post=5396"},{"taxonomy":"product_tag","embeddable":true,"href":"https:\/\/pangeatacticalandoutdoors.com\/index.php\/wp-json\/wp\/v2\/product_tag?post=5396"}],"curies":[{"name":"wp","href":"https:\/\/api.w.org\/{rel}","templated":true}]}}