{"id":5394,"date":"2022-01-14T14:20:32","date_gmt":"2022-01-14T20:20:32","guid":{"rendered":"https:\/\/pangeatacticalandoutdoors.com\/?post_type=product&#038;p=5394"},"modified":"2026-02-16T12:16:31","modified_gmt":"2026-02-16T18:16:31","slug":"petzl-oxan-mosqueton-oval-con-seguro-de-rosca","status":"publish","type":"product","link":"https:\/\/pangeatacticalandoutdoors.com\/index.php\/producto\/petzl-oxan-mosqueton-oval-con-seguro-de-rosca\/","title":{"rendered":"PETZL-OXAN MOSQUET\u00d3N OVAL CON SEGURO DE ROSCA"},"content":{"rendered":"<h1 class=\"productTitle\">OXAN<\/h1>\n<p class=\"productSubtitle\"><em>Mosquet\u00f3n oval de alta resistencia<\/em><\/p>\n<div class=\"productCaracteristiquesPosition inlineblock\">\n<p class=\"productCaracteristiques inlineblock\"><em>El OXAN es un mosquet\u00f3n de alta resistencia, de acero, destinado a una utilizaci\u00f3n en ambientes dif\u00edciles. La forma oval y sim\u00e9trica permite posicionar de forma \u00f3ptima el mosquet\u00f3n durante el montaje de anclajes o de la conexi\u00f3n a estructuras met\u00e1licas. Disponible en dos sistemas de bloqueo de seguridad: sistema autom\u00e1tico TRIACT-LOCK y sistema manual SCREW-LOCK. El OXAN TRIACT-LOCK est\u00e1 disponible en versiones europea e internacional. El OXAN se puede combinar con la barra CAPTIV para favorecer la solicitaci\u00f3n del mosquet\u00f3n seg\u00fan el eje mayor, limitar el riesgo de volteo y solidarizarlo con el aparato.<\/em><\/p>\n<h6>CARACTER\u00cdSTICAS:<\/h6>\n<ul>\n<li>Mosquet\u00f3n de alta resistencia, de acero, para utilizarlo en ambientes dif\u00edciles y especialmente adaptado para realizar anclajes o para conectarse a estructuras met\u00e1licas.<\/li>\n<li>Forma oval y sim\u00e9trica para posicionar los aparatos de forma \u00f3ptima.<\/li>\n<li>Se puede combinar con la barra CAPTIV para favorecer la solicitaci\u00f3n del mosquet\u00f3n seg\u00fan el eje mayor, solidarizarlo con el aparato y limitar el riesgo de volteo.<\/li>\n<li>Facilita las manipulaciones:<br \/>\n&#8211; Dise\u00f1o interior fluido que limita el riesgo de punto estable y facilita la rotaci\u00f3n del mosquet\u00f3n.<br \/>\n&#8211; Sistema Keylock para evitar cualquier enganche involuntario del mosquet\u00f3n.<\/li>\n<li>Perfil en H:<br \/>\n&#8211; Asegura una relaci\u00f3n resistencia\/ligereza \u00f3ptima.<br \/>\n&#8211; Protege los marcados de la abrasi\u00f3n.<\/li>\n<li>Disponible en dos versiones de sistema de bloqueo de seguridad:<br \/>\n&#8211; TRIACT-LOCK: bloqueo autom\u00e1tico con apertura de triple acci\u00f3n.<br \/>\n&#8211; SCREW-LOCK: bloqueo manual a rosca con indicador rojo visible cuando el mosquet\u00f3n no est\u00e1 bloqueado.<\/li>\n<li>Disponible en versiones europea e internacional.<\/li>\n<li>Disponible tambi\u00e9n en versi\u00f3n color negro.<\/li>\n<\/ul>\n<\/div>\n","protected":false},"excerpt":{"rendered":"<p>OXAN Mosquet\u00f3n oval de alta resistencia El OXAN es un mosquet\u00f3n de alta resistencia, de acero, destinado a una utilizaci\u00f3n en ambientes dif\u00edciles. La forma oval y sim\u00e9trica permite posicionar de forma \u00f3ptima el mosquet\u00f3n durante el montaje de anclajes o de la conexi\u00f3n a estructuras met\u00e1licas. Disponible en dos sistemas de bloqueo de seguridad: &hellip;<\/p>\n<p class=\"read-more\"> <a class=\"\" href=\"https:\/\/pangeatacticalandoutdoors.com\/index.php\/producto\/petzl-oxan-mosqueton-oval-con-seguro-de-rosca\/\"> <span class=\"screen-reader-text\">PETZL-OXAN MOSQUET\u00d3N OVAL CON SEGURO DE ROSCA<\/span> Leer m\u00e1s &raquo;<\/a><\/p>\n","protected":false},"featured_media":5258,"comment_status":"open","ping_status":"closed","template":"","meta":{"site-sidebar-layout":"default","site-content-layout":"default","ast-global-header-display":"","ast-main-header-display":"","ast-hfb-above-header-display":"","ast-hfb-below-header-display":"","ast-hfb-mobile-header-display":"","site-post-title":"","ast-breadcrumbs-content":"","ast-featured-img":"","footer-sml-layout":"","theme-transparent-header-meta":"default","adv-header-id-meta":"","stick-header-meta":"","header-above-stick-meta":"","header-main-stick-meta":"","header-below-stick-meta":""},"product_cat":[172,88],"product_tag":[],"class_list":["post-5394","product","type-product","status-publish","has-post-thumbnail","hentry","product_cat-mosquetones","product_cat-campismo"],"jetpack_sharing_enabled":true,"_links":{"self":[{"href":"https:\/\/pangeatacticalandoutdoors.com\/index.php\/wp-json\/wp\/v2\/product\/5394","targetHints":{"allow":["GET"]}}],"collection":[{"href":"https:\/\/pangeatacticalandoutdoors.com\/index.php\/wp-json\/wp\/v2\/product"}],"about":[{"href":"https:\/\/pangeatacticalandoutdoors.com\/index.php\/wp-json\/wp\/v2\/types\/product"}],"replies":[{"embeddable":true,"href":"https:\/\/pangeatacticalandoutdoors.com\/index.php\/wp-json\/wp\/v2\/comments?post=5394"}],"wp:featuredmedia":[{"embeddable":true,"href":"https:\/\/pangeatacticalandoutdoors.com\/index.php\/wp-json\/wp\/v2\/media\/5258"}],"wp:attachment":[{"href":"https:\/\/pangeatacticalandoutdoors.com\/index.php\/wp-json\/wp\/v2\/media?parent=5394"}],"wp:term":[{"taxonomy":"product_cat","embeddable":true,"href":"https:\/\/pangeatacticalandoutdoors.com\/index.php\/wp-json\/wp\/v2\/product_cat?post=5394"},{"taxonomy":"product_tag","embeddable":true,"href":"https:\/\/pangeatacticalandoutdoors.com\/index.php\/wp-json\/wp\/v2\/product_tag?post=5394"}],"curies":[{"name":"wp","href":"https:\/\/api.w.org\/{rel}","templated":true}]}}