{"id":5373,"date":"2022-01-13T14:29:59","date_gmt":"2022-01-13T20:29:59","guid":{"rendered":"https:\/\/pangeatacticalandoutdoors.com\/?post_type=product&#038;p=5373"},"modified":"2026-02-16T12:21:33","modified_gmt":"2026-02-16T18:21:33","slug":"petzl-omni-mosqueton-semicircular","status":"publish","type":"product","link":"https:\/\/pangeatacticalandoutdoors.com\/index.php\/producto\/petzl-omni-mosqueton-semicircular\/","title":{"rendered":"PETZL-OMNI MOSQUET\u00d3N SEMICIRCULAR"},"content":{"rendered":"<h1 class=\"productTitle\">OMNI<\/h1>\n<p class=\"productSubtitle\"><em>Mosquet\u00f3n semicircular para cerrar un arn\u00e9s<\/em><\/p>\n<div class=\"productCaracteristiquesPosition inlineblock\">\n<p class=\"productCaracteristiques inlineblock\"><em>Con su forma semicircular, el OMNI permite cerrar cualquier arn\u00e9s con dos puntos de enganche a unir. Tiene una resistencia de 15 kN sea cual sea el eje solicitado.<\/em><\/p>\n<h6>CARACTER\u00cdSTICAS:<\/h6>\n<div class=\"list\">\n<ul>\n<li>Dise\u00f1ado para ser solicitado en len tres direcciones.<\/li>\n<li>Sistema Keylock.<\/li>\n<li>Disponible con bloqueo manual (SCREW-LOCK) o autom\u00e1tico (TRIACT-LOCK).<\/li>\n<li>Materiales: aluminio<\/li>\n<li>Certificaciones: CE EN 362, CE EN 12275 tipo B y UIAA (s\u00f3lo M37 TL)<\/li>\n<\/ul>\n<\/div>\n<div class=\"list\"><\/div>\n<\/div>\n","protected":false},"excerpt":{"rendered":"<p>OMNI Mosquet\u00f3n semicircular para cerrar un arn\u00e9s Con su forma semicircular, el OMNI permite cerrar cualquier arn\u00e9s con dos puntos de enganche a unir. Tiene una resistencia de 15 kN sea cual sea el eje solicitado. CARACTER\u00cdSTICAS: Dise\u00f1ado para ser solicitado en len tres direcciones. Sistema Keylock. Disponible con bloqueo manual (SCREW-LOCK) o autom\u00e1tico (TRIACT-LOCK). &hellip;<\/p>\n<p class=\"read-more\"> <a class=\"\" href=\"https:\/\/pangeatacticalandoutdoors.com\/index.php\/producto\/petzl-omni-mosqueton-semicircular\/\"> <span class=\"screen-reader-text\">PETZL-OMNI MOSQUET\u00d3N SEMICIRCULAR<\/span> Leer m\u00e1s &raquo;<\/a><\/p>\n","protected":false},"featured_media":5257,"comment_status":"open","ping_status":"closed","template":"","meta":{"site-sidebar-layout":"default","site-content-layout":"default","ast-global-header-display":"","ast-main-header-display":"","ast-hfb-above-header-display":"","ast-hfb-below-header-display":"","ast-hfb-mobile-header-display":"","site-post-title":"","ast-breadcrumbs-content":"","ast-featured-img":"","footer-sml-layout":"","theme-transparent-header-meta":"default","adv-header-id-meta":"","stick-header-meta":"","header-above-stick-meta":"","header-main-stick-meta":"","header-below-stick-meta":""},"product_cat":[172,88],"product_tag":[],"class_list":["post-5373","product","type-product","status-publish","has-post-thumbnail","hentry","product_cat-mosquetones","product_cat-campismo"],"jetpack_sharing_enabled":true,"_links":{"self":[{"href":"https:\/\/pangeatacticalandoutdoors.com\/index.php\/wp-json\/wp\/v2\/product\/5373","targetHints":{"allow":["GET"]}}],"collection":[{"href":"https:\/\/pangeatacticalandoutdoors.com\/index.php\/wp-json\/wp\/v2\/product"}],"about":[{"href":"https:\/\/pangeatacticalandoutdoors.com\/index.php\/wp-json\/wp\/v2\/types\/product"}],"replies":[{"embeddable":true,"href":"https:\/\/pangeatacticalandoutdoors.com\/index.php\/wp-json\/wp\/v2\/comments?post=5373"}],"wp:featuredmedia":[{"embeddable":true,"href":"https:\/\/pangeatacticalandoutdoors.com\/index.php\/wp-json\/wp\/v2\/media\/5257"}],"wp:attachment":[{"href":"https:\/\/pangeatacticalandoutdoors.com\/index.php\/wp-json\/wp\/v2\/media?parent=5373"}],"wp:term":[{"taxonomy":"product_cat","embeddable":true,"href":"https:\/\/pangeatacticalandoutdoors.com\/index.php\/wp-json\/wp\/v2\/product_cat?post=5373"},{"taxonomy":"product_tag","embeddable":true,"href":"https:\/\/pangeatacticalandoutdoors.com\/index.php\/wp-json\/wp\/v2\/product_tag?post=5373"}],"curies":[{"name":"wp","href":"https:\/\/api.w.org\/{rel}","templated":true}]}}