{"id":5369,"date":"2022-01-13T13:52:48","date_gmt":"2022-01-13T19:52:48","guid":{"rendered":"https:\/\/pangeatacticalandoutdoors.com\/?post_type=product&#038;p=5369"},"modified":"2026-02-16T12:30:37","modified_gmt":"2026-02-16T18:30:37","slug":"petzl-amd-mosqueton-asimetrico-ligero","status":"publish","type":"product","link":"https:\/\/pangeatacticalandoutdoors.com\/index.php\/producto\/petzl-amd-mosqueton-asimetrico-ligero\/","title":{"rendered":"PETZL-AM&#8217;D MOSQUET\u00d3N ASIM\u00c9TRICO LIGERO"},"content":{"rendered":"<h1 class=\"productTitle\">Am\u2019D<\/h1>\n<p class=\"productSubtitle\"><em>Mosquet\u00f3n asim\u00e9trico ligero<\/em><\/p>\n<div class=\"productCaracteristiquesPosition inlineblock\">\n<p class=\"productCaracteristiques inlineblock\"><em>El mosquet\u00f3n ligero y asim\u00e9trico Am&#8217;D est\u00e1 fabricado con aluminio. Tiene una forma en D especialmente adecuada para la conexi\u00f3n de los diversos aparatos tipo descensores o elementos de amarre de sujeci\u00f3n. Su dise\u00f1o interior fluido y el sistema Keylock facilitan las manipulaciones. Est\u00e1 disponible en tres sistemas de bloqueo (sistema manual SCREW-LOCK y sistemas autom\u00e1ticos TWIST-LOCK y TRIACT-LOCK).<\/em><\/p>\n<h6>CARACTER\u00cdSTICAS:<\/h6>\n<div class=\"list\">\n<ul>\n<li>Mosquet\u00f3n de aluminio cuya ligereza reduce el peso del equipo transportado por el usuario.<\/li>\n<li>Forma en D especialmente adecuada para la conexi\u00f3n de los aparatos tipo descensor o elemento de amarre de sujeci\u00f3n.<\/li>\n<li>Facilita las manipulaciones:<br \/>\n&#8211; Dise\u00f1o interior fluido que limita el riesgo de punto estable y facilita la rotaci\u00f3n del mosquet\u00f3n.<br \/>\n&#8211; Sistema Keylock para evitar cualquier enganche involuntario del mosquet\u00f3n.<\/li>\n<li>Perfil en H:<br \/>\n&#8211; Asegura una relaci\u00f3n resistencia\/ligereza \u00f3ptima.<br \/>\n&#8211; Protege los marcados de la abrasi\u00f3n.<\/li>\n<li>Disponible en tres versiones de sistema de bloqueo de seguridad:<br \/>\n&#8211; SCREW-LOCK: bloqueo manual a rosca con indicador rojo visible cuando el mosquet\u00f3n no est\u00e1 bloqueado.<br \/>\n&#8211; TWIST-LOCK: bloqueo autom\u00e1tico con apertura de doble acci\u00f3n.<br \/>\n&#8211; TRIACT-LOCK: bloqueo autom\u00e1tico con apertura de triple acci\u00f3n.<\/li>\n<li>Se puede combinar con la barra CAPTIV para favorecer la solicitaci\u00f3n del mosquet\u00f3n seg\u00fan el eje mayor, solidarizarlo con el aparato y limitar el riesgo de volteo.<\/li>\n<li>Materiales: aluminio<\/li>\n<li>Certificaciones: CE EN 362, EAC, NFPA 1983 Technical Use<\/li>\n<\/ul>\n<\/div>\n<div class=\"list\"><\/div>\n<\/div>\n","protected":false},"excerpt":{"rendered":"<p>Am\u2019D Mosquet\u00f3n asim\u00e9trico ligero El mosquet\u00f3n ligero y asim\u00e9trico Am&#8217;D est\u00e1 fabricado con aluminio. Tiene una forma en D especialmente adecuada para la conexi\u00f3n de los diversos aparatos tipo descensores o elementos de amarre de sujeci\u00f3n. Su dise\u00f1o interior fluido y el sistema Keylock facilitan las manipulaciones. Est\u00e1 disponible en tres sistemas de bloqueo (sistema &hellip;<\/p>\n<p class=\"read-more\"> <a class=\"\" href=\"https:\/\/pangeatacticalandoutdoors.com\/index.php\/producto\/petzl-amd-mosqueton-asimetrico-ligero\/\"> <span class=\"screen-reader-text\">PETZL-AM&#8217;D MOSQUET\u00d3N ASIM\u00c9TRICO LIGERO<\/span> Leer m\u00e1s &raquo;<\/a><\/p>\n","protected":false},"featured_media":5371,"comment_status":"open","ping_status":"closed","template":"","meta":{"site-sidebar-layout":"default","site-content-layout":"default","ast-global-header-display":"","ast-main-header-display":"","ast-hfb-above-header-display":"","ast-hfb-below-header-display":"","ast-hfb-mobile-header-display":"","site-post-title":"","ast-breadcrumbs-content":"","ast-featured-img":"","footer-sml-layout":"","theme-transparent-header-meta":"default","adv-header-id-meta":"","stick-header-meta":"","header-above-stick-meta":"","header-main-stick-meta":"","header-below-stick-meta":""},"product_cat":[172,88],"product_tag":[],"class_list":["post-5369","product","type-product","status-publish","has-post-thumbnail","hentry","product_cat-mosquetones","product_cat-campismo"],"jetpack_sharing_enabled":true,"_links":{"self":[{"href":"https:\/\/pangeatacticalandoutdoors.com\/index.php\/wp-json\/wp\/v2\/product\/5369","targetHints":{"allow":["GET"]}}],"collection":[{"href":"https:\/\/pangeatacticalandoutdoors.com\/index.php\/wp-json\/wp\/v2\/product"}],"about":[{"href":"https:\/\/pangeatacticalandoutdoors.com\/index.php\/wp-json\/wp\/v2\/types\/product"}],"replies":[{"embeddable":true,"href":"https:\/\/pangeatacticalandoutdoors.com\/index.php\/wp-json\/wp\/v2\/comments?post=5369"}],"wp:featuredmedia":[{"embeddable":true,"href":"https:\/\/pangeatacticalandoutdoors.com\/index.php\/wp-json\/wp\/v2\/media\/5371"}],"wp:attachment":[{"href":"https:\/\/pangeatacticalandoutdoors.com\/index.php\/wp-json\/wp\/v2\/media?parent=5369"}],"wp:term":[{"taxonomy":"product_cat","embeddable":true,"href":"https:\/\/pangeatacticalandoutdoors.com\/index.php\/wp-json\/wp\/v2\/product_cat?post=5369"},{"taxonomy":"product_tag","embeddable":true,"href":"https:\/\/pangeatacticalandoutdoors.com\/index.php\/wp-json\/wp\/v2\/product_tag?post=5369"}],"curies":[{"name":"wp","href":"https:\/\/api.w.org\/{rel}","templated":true}]}}