{"id":5364,"date":"2022-01-13T13:39:26","date_gmt":"2022-01-13T19:39:26","guid":{"rendered":"https:\/\/pangeatacticalandoutdoors.com\/?post_type=product&#038;p=5364"},"modified":"2026-02-16T12:24:45","modified_gmt":"2026-02-16T18:24:45","slug":"petzl-pin-lock","status":"publish","type":"product","link":"https:\/\/pangeatacticalandoutdoors.com\/index.php\/producto\/petzl-pin-lock\/","title":{"rendered":"PETZL-PIN LOCK"},"content":{"rendered":"<h1 class=\"productTitle\">Am\u2019D PIN-LOCK<\/h1>\n<p class=\"productSubtitle\"><em>Mosquet\u00f3n de aluminio asim\u00e9trico, desbloqueable con un \u00fatil<\/em><\/p>\n<div class=\"productCaracteristiquesPosition inlineblock\">\n<p class=\"productCaracteristiques inlineblock\"><em>El mosquet\u00f3n de aluminio asim\u00e9trico Am&#8217;D PIN-LOCK est\u00e1 destinado para la utilizaci\u00f3n colectiva. Asegura la conexi\u00f3n del usuario gracias a su sistema de bloqueo PIN-LOCK, que \u00fanicamente puede ser abierto por el responsable gracias a un \u00fatil de desbloqueo espec\u00edfico. El Am&#8217;D PIN-LOCK se puede combinar con la barra CAPTIV para favorecer la solicitaci\u00f3n del mosquet\u00f3n seg\u00fan el eje mayor, limitar el riesgo de volteo y solidarizarlo con el aparato.<\/em><\/p>\n<h6>CARACTER\u00cdSTICAS:<\/h6>\n<div class=\"list\">\n<ul>\n<li>Mosquet\u00f3n para la utilizaci\u00f3n colectiva:<br \/>\n&#8211; Para cerrar un arn\u00e9s (combinado con la barra CAPTIV).<br \/>\n&#8211; Para conectar un dispositivo de l\u00ednea de seguridad continua.<\/li>\n<li>Asegura la conexi\u00f3n del usuario:<br \/>\n&#8211; Se puede combinar con la barra CAPTIV para favorecer la solicitaci\u00f3n del mosquet\u00f3n seg\u00fan el eje mayor, limitar el riesgo de volteo y solidarizarlo con el aparato.<br \/>\n&#8211; Sistema de bloqueo PIN-LOCK desbloqueable \u00fanicamente con un \u00fatil espec\u00edfico que permite limitar el riesgo de apertura del mosquet\u00f3n por el usuario.<\/li>\n<li>F\u00e1cil de utilizar por el responsable:<br \/>\n&#8211; Sistema Keylock para evitar cualquier enganche involuntario del mosquet\u00f3n.<br \/>\n&#8211; Dos \u00fatiles de desbloqueo: para las manipulaciones repetitivas, una espiga de desbloqueo que se puede instalar directamente en un guante; para una utilizaci\u00f3n inmediata y ocasional, un anillo de desbloqueo que se puede llevar en un mosquet\u00f3n en el arn\u00e9s.<br \/>\n&#8211; Perfil en H que protege los marcados de la abrasi\u00f3n y asegura la mejor relaci\u00f3n resistencia\/ligereza.<\/li>\n<li>Disponible en cajas de 10 unidades con los dos \u00fatiles de desbloqueo o en embalaje individual con el anillo de desbloqueo \u00fanicamente.<\/li>\n<li>Materiales: aluminio<\/li>\n<li>Certificaciones: CE EN 362, CE EN 12275, EAC<\/li>\n<\/ul>\n<\/div>\n<div class=\"list\"><\/div>\n<\/div>\n","protected":false},"excerpt":{"rendered":"<p>Am\u2019D PIN-LOCK Mosquet\u00f3n de aluminio asim\u00e9trico, desbloqueable con un \u00fatil El mosquet\u00f3n de aluminio asim\u00e9trico Am&#8217;D PIN-LOCK est\u00e1 destinado para la utilizaci\u00f3n colectiva. Asegura la conexi\u00f3n del usuario gracias a su sistema de bloqueo PIN-LOCK, que \u00fanicamente puede ser abierto por el responsable gracias a un \u00fatil de desbloqueo espec\u00edfico. El Am&#8217;D PIN-LOCK se puede &hellip;<\/p>\n<p class=\"read-more\"> <a class=\"\" href=\"https:\/\/pangeatacticalandoutdoors.com\/index.php\/producto\/petzl-pin-lock\/\"> <span class=\"screen-reader-text\">PETZL-PIN LOCK<\/span> Leer m\u00e1s &raquo;<\/a><\/p>\n","protected":false},"featured_media":5365,"comment_status":"open","ping_status":"closed","template":"","meta":{"site-sidebar-layout":"default","site-content-layout":"default","ast-global-header-display":"","ast-main-header-display":"","ast-hfb-above-header-display":"","ast-hfb-below-header-display":"","ast-hfb-mobile-header-display":"","site-post-title":"","ast-breadcrumbs-content":"","ast-featured-img":"","footer-sml-layout":"","theme-transparent-header-meta":"default","adv-header-id-meta":"","stick-header-meta":"","header-above-stick-meta":"","header-main-stick-meta":"","header-below-stick-meta":""},"product_cat":[172,88],"product_tag":[],"class_list":["post-5364","product","type-product","status-publish","has-post-thumbnail","hentry","product_cat-mosquetones","product_cat-campismo"],"jetpack_sharing_enabled":true,"_links":{"self":[{"href":"https:\/\/pangeatacticalandoutdoors.com\/index.php\/wp-json\/wp\/v2\/product\/5364","targetHints":{"allow":["GET"]}}],"collection":[{"href":"https:\/\/pangeatacticalandoutdoors.com\/index.php\/wp-json\/wp\/v2\/product"}],"about":[{"href":"https:\/\/pangeatacticalandoutdoors.com\/index.php\/wp-json\/wp\/v2\/types\/product"}],"replies":[{"embeddable":true,"href":"https:\/\/pangeatacticalandoutdoors.com\/index.php\/wp-json\/wp\/v2\/comments?post=5364"}],"wp:featuredmedia":[{"embeddable":true,"href":"https:\/\/pangeatacticalandoutdoors.com\/index.php\/wp-json\/wp\/v2\/media\/5365"}],"wp:attachment":[{"href":"https:\/\/pangeatacticalandoutdoors.com\/index.php\/wp-json\/wp\/v2\/media?parent=5364"}],"wp:term":[{"taxonomy":"product_cat","embeddable":true,"href":"https:\/\/pangeatacticalandoutdoors.com\/index.php\/wp-json\/wp\/v2\/product_cat?post=5364"},{"taxonomy":"product_tag","embeddable":true,"href":"https:\/\/pangeatacticalandoutdoors.com\/index.php\/wp-json\/wp\/v2\/product_tag?post=5364"}],"curies":[{"name":"wp","href":"https:\/\/api.w.org\/{rel}","templated":true}]}}