{"id":5360,"date":"2022-01-13T13:02:56","date_gmt":"2022-01-13T19:02:56","guid":{"rendered":"https:\/\/pangeatacticalandoutdoors.com\/?post_type=product&#038;p=5360"},"modified":"2026-02-16T12:28:11","modified_gmt":"2026-02-16T18:28:11","slug":"petzl-amd-ball-lock-mosqueton-con-bloqueo-de-seguridad","status":"publish","type":"product","link":"https:\/\/pangeatacticalandoutdoors.com\/index.php\/producto\/petzl-amd-ball-lock-mosqueton-con-bloqueo-de-seguridad\/","title":{"rendered":"PETZL-AM&#8217;D BALL LOCK MOSQUET\u00d3N CON BLOQUEO DE SEGURIDAD"},"content":{"rendered":"<h1 class=\"productTitle\">Am\u2019D<\/h1>\n<p class=\"productSubtitle\"><em>Mosquet\u00f3n con bloqueo de seguridad en forma de D para conectar los aparatos al arn\u00e9s<\/em><\/p>\n<div class=\"productCaracteristiquesPosition inlineblock\">\n<p class=\"productCaracteristiques inlineblock\"><em>El mosquet\u00f3n asim\u00e9trico Am&#8217;D, de aluminio, tiene una forma en D m\u00e1s funcional para conectar un sistema de aseguramiento o llevar el material. Su ergonom\u00eda y su sistema Keylock facilitan las manipulaciones, incluso con guantes. El mosquet\u00f3n Am&#8217;D est\u00e1 disponible en tres sistemas de bloqueo: bloqueo manual SCREW-LOCK o bloqueos autom\u00e1ticos BALL-LOCK y TWIST-LOCK.<\/em><\/p>\n<\/div>\n","protected":false},"excerpt":{"rendered":"<p>Am\u2019D Mosquet\u00f3n con bloqueo de seguridad en forma de D para conectar los aparatos al arn\u00e9s El mosquet\u00f3n asim\u00e9trico Am&#8217;D, de aluminio, tiene una forma en D m\u00e1s funcional para conectar un sistema de aseguramiento o llevar el material. Su ergonom\u00eda y su sistema Keylock facilitan las manipulaciones, incluso con guantes. El mosquet\u00f3n Am&#8217;D est\u00e1 &hellip;<\/p>\n<p class=\"read-more\"> <a class=\"\" href=\"https:\/\/pangeatacticalandoutdoors.com\/index.php\/producto\/petzl-amd-ball-lock-mosqueton-con-bloqueo-de-seguridad\/\"> <span class=\"screen-reader-text\">PETZL-AM&#8217;D BALL LOCK MOSQUET\u00d3N CON BLOQUEO DE SEGURIDAD<\/span> Leer m\u00e1s &raquo;<\/a><\/p>\n","protected":false},"featured_media":5246,"comment_status":"open","ping_status":"closed","template":"","meta":{"site-sidebar-layout":"default","site-content-layout":"default","ast-global-header-display":"","ast-main-header-display":"","ast-hfb-above-header-display":"","ast-hfb-below-header-display":"","ast-hfb-mobile-header-display":"","site-post-title":"","ast-breadcrumbs-content":"","ast-featured-img":"","footer-sml-layout":"","theme-transparent-header-meta":"default","adv-header-id-meta":"","stick-header-meta":"","header-above-stick-meta":"","header-main-stick-meta":"","header-below-stick-meta":""},"product_cat":[172,88],"product_tag":[],"class_list":["post-5360","product","type-product","status-publish","has-post-thumbnail","hentry","product_cat-mosquetones","product_cat-campismo"],"jetpack_sharing_enabled":true,"_links":{"self":[{"href":"https:\/\/pangeatacticalandoutdoors.com\/index.php\/wp-json\/wp\/v2\/product\/5360","targetHints":{"allow":["GET"]}}],"collection":[{"href":"https:\/\/pangeatacticalandoutdoors.com\/index.php\/wp-json\/wp\/v2\/product"}],"about":[{"href":"https:\/\/pangeatacticalandoutdoors.com\/index.php\/wp-json\/wp\/v2\/types\/product"}],"replies":[{"embeddable":true,"href":"https:\/\/pangeatacticalandoutdoors.com\/index.php\/wp-json\/wp\/v2\/comments?post=5360"}],"wp:featuredmedia":[{"embeddable":true,"href":"https:\/\/pangeatacticalandoutdoors.com\/index.php\/wp-json\/wp\/v2\/media\/5246"}],"wp:attachment":[{"href":"https:\/\/pangeatacticalandoutdoors.com\/index.php\/wp-json\/wp\/v2\/media?parent=5360"}],"wp:term":[{"taxonomy":"product_cat","embeddable":true,"href":"https:\/\/pangeatacticalandoutdoors.com\/index.php\/wp-json\/wp\/v2\/product_cat?post=5360"},{"taxonomy":"product_tag","embeddable":true,"href":"https:\/\/pangeatacticalandoutdoors.com\/index.php\/wp-json\/wp\/v2\/product_tag?post=5360"}],"curies":[{"name":"wp","href":"https:\/\/api.w.org\/{rel}","templated":true}]}}