{"id":5354,"date":"2022-01-12T15:43:40","date_gmt":"2022-01-12T21:43:40","guid":{"rendered":"https:\/\/pangeatacticalandoutdoors.com\/?post_type=product&#038;p=5354"},"modified":"2026-03-09T09:32:13","modified_gmt":"2026-03-09T15:32:13","slug":"petzl-djinn-axess-paquete-de-6-cintas-express","status":"publish","type":"product","link":"https:\/\/pangeatacticalandoutdoors.com\/index.php\/producto\/petzl-djinn-axess-paquete-de-6-cintas-express\/","title":{"rendered":"PETZL-DJINN AXESS PAQUETE DE 6 CINTAS EXPRESS"},"content":{"rendered":"<h1 class=\"productTitle\">Pack de 6 cintas expr\u00e9s DJINN AXESS<\/h1>\n<p class=\"productSubtitle\"><em>Pack de seis cintas expr\u00e9s robustas para la escalada deportiva en pared<\/em><\/p>\n<div class=\"productCaracteristiquesPosition inlineblock\">\n<p class=\"productCaracteristiques inlineblock\"><em>Fiable y robusta, la cinta expr\u00e9s DJINN AXESS es especialmente adecuada para la escalada deportiva en pared. Los mosquetones DJINN disponen de una amplia zona de fricci\u00f3n de la cuerda, para limitar el rozamiento y ofrecer una mayor durabilidad del mosquet\u00f3n y de la cuerda. El dise\u00f1o del gatillo curvo permite estabilizar la cuerda y mosquetonear eficazmente. El sistema Keylock evita que el mosquet\u00f3n se enganche involuntariamente durante las manipulaciones. El pack est\u00e1 compuesto por seis cintas expr\u00e9s de 12 cm con mosquet\u00f3n DJINN curvo azul.<\/em><\/p>\n<h6>CARACTER\u00cdSTICAS:<\/h6>\n<div class=\"list\">\n<ul>\n<li>Cintas expr\u00e9s fiables y robustas:<br \/>\n&#8211; Gran fiabilidad del mecanismo del gatillo del mosquet\u00f3n DJINN.<br \/>\n&#8211; Secci\u00f3n en forma de H para ofrecer una relaci\u00f3n \u00f3ptima resistencia\/ligereza.<br \/>\n&#8211; Amplias superficies de contacto con la cuerda y el anclaje para favorecer el paso de la cuerda y reducir el desgaste del mosquet\u00f3n.<br \/>\n&#8211; Cinta AXESS robusta.<br \/>\n&#8211; Protector de cinta STRING para mantener el mosquet\u00f3n en posici\u00f3n el mosquet\u00f3n lado cuerda y proteger la cinta de la abrasi\u00f3n.<\/li>\n<li>Facilidad de mosquetoneo y desmosquetoneo:<br \/>\n&#8211; Gran abertura del gatillo para facilitar las manipulaciones.<br \/>\n&#8211; Sistema Keylock dise\u00f1ado para evitar que el mosquet\u00f3n se enganche involuntariamente durante las manipulaciones.<br \/>\n&#8211; Prensi\u00f3n f\u00e1cil, gracias al gran tama\u00f1o del mosquet\u00f3n.<\/li>\n<li>Disponible en 12 cm y mosquet\u00f3n DJINN curvo azul.<\/li>\n<\/ul>\n<\/div>\n<div class=\"list\">\n<ul>\n<li>Resistencia eje mayor: 23 kN<\/li>\n<li>Resistencia eje menor: 8 kN<\/li>\n<li>Resistencia gatillo abierto: 9 kN<\/li>\n<li>Abertura: 24 mm<\/li>\n<li>Abertura mosquet\u00f3n gatillo curvo: 27 mm<\/li>\n<li>Capacidad: 24 mm<\/li>\n<li>Materiales: mosquet\u00f3n de aluminio, cinta de poli\u00e9ster y STRING de caucho<\/li>\n<li>CE EN 12275 tipo B, UIAA y CE EN 566<\/li>\n<\/ul>\n<\/div>\n<\/div>\n","protected":false},"excerpt":{"rendered":"<p>Pack de 6 cintas expr\u00e9s DJINN AXESS Pack de seis cintas expr\u00e9s robustas para la escalada deportiva en pared Fiable y robusta, la cinta expr\u00e9s DJINN AXESS es especialmente adecuada para la escalada deportiva en pared. Los mosquetones DJINN disponen de una amplia zona de fricci\u00f3n de la cuerda, para limitar el rozamiento y ofrecer &hellip;<\/p>\n<p class=\"read-more\"> <a class=\"\" href=\"https:\/\/pangeatacticalandoutdoors.com\/index.php\/producto\/petzl-djinn-axess-paquete-de-6-cintas-express\/\"> <span class=\"screen-reader-text\">PETZL-DJINN AXESS PAQUETE DE 6 CINTAS EXPRESS<\/span> Leer m\u00e1s &raquo;<\/a><\/p>\n","protected":false},"featured_media":5271,"comment_status":"open","ping_status":"closed","template":"","meta":{"site-sidebar-layout":"default","site-content-layout":"default","ast-global-header-display":"","ast-main-header-display":"","ast-hfb-above-header-display":"","ast-hfb-below-header-display":"","ast-hfb-mobile-header-display":"","site-post-title":"","ast-breadcrumbs-content":"","ast-featured-img":"","footer-sml-layout":"","theme-transparent-header-meta":"default","adv-header-id-meta":"","stick-header-meta":"","header-above-stick-meta":"","header-main-stick-meta":"","header-below-stick-meta":""},"product_cat":[172,88],"product_tag":[],"class_list":["post-5354","product","type-product","status-publish","has-post-thumbnail","hentry","product_cat-mosquetones","product_cat-campismo"],"jetpack_sharing_enabled":true,"_links":{"self":[{"href":"https:\/\/pangeatacticalandoutdoors.com\/index.php\/wp-json\/wp\/v2\/product\/5354","targetHints":{"allow":["GET"]}}],"collection":[{"href":"https:\/\/pangeatacticalandoutdoors.com\/index.php\/wp-json\/wp\/v2\/product"}],"about":[{"href":"https:\/\/pangeatacticalandoutdoors.com\/index.php\/wp-json\/wp\/v2\/types\/product"}],"replies":[{"embeddable":true,"href":"https:\/\/pangeatacticalandoutdoors.com\/index.php\/wp-json\/wp\/v2\/comments?post=5354"}],"wp:featuredmedia":[{"embeddable":true,"href":"https:\/\/pangeatacticalandoutdoors.com\/index.php\/wp-json\/wp\/v2\/media\/5271"}],"wp:attachment":[{"href":"https:\/\/pangeatacticalandoutdoors.com\/index.php\/wp-json\/wp\/v2\/media?parent=5354"}],"wp:term":[{"taxonomy":"product_cat","embeddable":true,"href":"https:\/\/pangeatacticalandoutdoors.com\/index.php\/wp-json\/wp\/v2\/product_cat?post=5354"},{"taxonomy":"product_tag","embeddable":true,"href":"https:\/\/pangeatacticalandoutdoors.com\/index.php\/wp-json\/wp\/v2\/product_tag?post=5354"}],"curies":[{"name":"wp","href":"https:\/\/api.w.org\/{rel}","templated":true}]}}