{"id":5350,"date":"2022-01-12T15:29:50","date_gmt":"2022-01-12T21:29:50","guid":{"rendered":"https:\/\/pangeatacticalandoutdoors.com\/?post_type=product&#038;p=5350"},"modified":"2026-03-09T09:44:27","modified_gmt":"2026-03-09T15:44:27","slug":"petzl-freino-z-mosqueton-con-gancho-de-frenado-para-descensor","status":"publish","type":"product","link":"https:\/\/pangeatacticalandoutdoors.com\/index.php\/producto\/petzl-freino-z-mosqueton-con-gancho-de-frenado-para-descensor\/","title":{"rendered":"PETZL-FREINO Z MOSQUET\u00d3N CON GANCHO DE FRENADO PARA DESCENSOR"},"content":{"rendered":"<h1 class=\"productTitle\">FREINO Z<\/h1>\n<p class=\"productSubtitle\"><em>Mosquet\u00f3n con gancho de frenado para descensor<\/em><\/p>\n<div class=\"productCaracteristiquesPosition inlineblock\">\n<p class=\"productCaracteristiques inlineblock\"><em>El mosquet\u00f3n FREINO Z dispone de un gancho que permite a\u00f1adir frenado o modularlo durante el descenso. F\u00e1cil de utilizar, es compatible con los descensores autofrenantes I\u2019D S, I\u2019D L, I\u2019D EVAC y RIG. Una vez volteado, permite que el descensor no se pierda durante las transferencias del anillo portamaterial al punto de enganche ventral o al anclaje. El FREINO Z est\u00e1 provisto de un sistema de bloqueo autom\u00e1tico TRIACT-LOCK.<\/em><\/p>\n<h6>CARACTER\u00cdSTICAS:<\/h6>\n<div class=\"list\">\n<ul>\n<li>Control del frenado:<br \/>\n&#8211; El gancho ayuda a producir m\u00e1s fricci\u00f3n para, en caso de carga pesada, controlar mejor el descenso (situaci\u00f3n de rescate con dos personas).<br \/>\n&#8211; Utilizaci\u00f3n f\u00e1cil y modular. La cuerda se puede hacer entrar o salir del gancho de frenado r\u00e1pidamente y con una sola mano.<\/li>\n<li>Manipulaciones m\u00e1s f\u00e1ciles:<br \/>\n&#8211; La cuerda pasa f\u00e1cilmente por el gancho, sin abrir el mosquet\u00f3n.<br \/>\n&#8211; Sistema Keylock para evitar cualquier enganche involuntario del mosquet\u00f3n.<br \/>\n&#8211; Sistema de bloqueo autom\u00e1tico TRIACT-LOCK con desbloqueo de triple acci\u00f3n.<br \/>\n&#8211; Compatible para utilizarlo tanto en el arn\u00e9s como en el anclaje.<\/li>\n<li>Una vez volteado, permite que los descensores autofrenantes I\u2019D S, I\u2019D L y I\u2019D EVAC (1) o RIG (2) no se pierdan durante las transferencias del anillo portamaterial al punto de enganche ventral o al anclaje.(1) Versiones a partir del 2019.<br \/>\n(2) Versiones a partir del 2018.<\/li>\n<\/ul>\n<\/div>\n<div class=\"list\">\n<ul>\n<li>Materiales: aluminio<\/li>\n<li>Certificaciones: CE EN 362, EAC, NFPA 1983 Technical Use<\/li>\n<li>Abertura del gatillo para el gancho: 12 mm<\/li>\n<\/ul>\n<\/div>\n<\/div>\n","protected":false},"excerpt":{"rendered":"<p>FREINO Z Mosquet\u00f3n con gancho de frenado para descensor El mosquet\u00f3n FREINO Z dispone de un gancho que permite a\u00f1adir frenado o modularlo durante el descenso. F\u00e1cil de utilizar, es compatible con los descensores autofrenantes I\u2019D S, I\u2019D L, I\u2019D EVAC y RIG. Una vez volteado, permite que el descensor no se pierda durante las &hellip;<\/p>\n<p class=\"read-more\"> <a class=\"\" href=\"https:\/\/pangeatacticalandoutdoors.com\/index.php\/producto\/petzl-freino-z-mosqueton-con-gancho-de-frenado-para-descensor\/\"> <span class=\"screen-reader-text\">PETZL-FREINO Z MOSQUET\u00d3N CON GANCHO DE FRENADO PARA DESCENSOR<\/span> Leer m\u00e1s &raquo;<\/a><\/p>\n","protected":false},"featured_media":5351,"comment_status":"open","ping_status":"closed","template":"","meta":{"site-sidebar-layout":"default","site-content-layout":"default","ast-global-header-display":"","ast-main-header-display":"","ast-hfb-above-header-display":"","ast-hfb-below-header-display":"","ast-hfb-mobile-header-display":"","site-post-title":"","ast-breadcrumbs-content":"","ast-featured-img":"","footer-sml-layout":"","theme-transparent-header-meta":"default","adv-header-id-meta":"","stick-header-meta":"","header-above-stick-meta":"","header-main-stick-meta":"","header-below-stick-meta":""},"product_cat":[172,88],"product_tag":[],"class_list":["post-5350","product","type-product","status-publish","has-post-thumbnail","hentry","product_cat-mosquetones","product_cat-campismo"],"jetpack_sharing_enabled":true,"_links":{"self":[{"href":"https:\/\/pangeatacticalandoutdoors.com\/index.php\/wp-json\/wp\/v2\/product\/5350","targetHints":{"allow":["GET"]}}],"collection":[{"href":"https:\/\/pangeatacticalandoutdoors.com\/index.php\/wp-json\/wp\/v2\/product"}],"about":[{"href":"https:\/\/pangeatacticalandoutdoors.com\/index.php\/wp-json\/wp\/v2\/types\/product"}],"replies":[{"embeddable":true,"href":"https:\/\/pangeatacticalandoutdoors.com\/index.php\/wp-json\/wp\/v2\/comments?post=5350"}],"wp:featuredmedia":[{"embeddable":true,"href":"https:\/\/pangeatacticalandoutdoors.com\/index.php\/wp-json\/wp\/v2\/media\/5351"}],"wp:attachment":[{"href":"https:\/\/pangeatacticalandoutdoors.com\/index.php\/wp-json\/wp\/v2\/media?parent=5350"}],"wp:term":[{"taxonomy":"product_cat","embeddable":true,"href":"https:\/\/pangeatacticalandoutdoors.com\/index.php\/wp-json\/wp\/v2\/product_cat?post=5350"},{"taxonomy":"product_tag","embeddable":true,"href":"https:\/\/pangeatacticalandoutdoors.com\/index.php\/wp-json\/wp\/v2\/product_tag?post=5350"}],"curies":[{"name":"wp","href":"https:\/\/api.w.org\/{rel}","templated":true}]}}