{"id":5341,"date":"2022-01-12T14:41:16","date_gmt":"2022-01-12T20:41:16","guid":{"rendered":"https:\/\/pangeatacticalandoutdoors.com\/?post_type=product&#038;p=5341"},"modified":"2022-02-14T13:39:44","modified_gmt":"2022-02-14T19:39:44","slug":"petzl-actik-core-linterna-frontal-450-lumenes","status":"publish","type":"product","link":"https:\/\/pangeatacticalandoutdoors.com\/index.php\/producto\/petzl-actik-core-linterna-frontal-450-lumenes\/","title":{"rendered":"PETZL-ACTIK CORE LINTERNA FRONTAL 450 L\u00daMENES"},"content":{"rendered":"<h1 class=\"productTitle\">ACTIK<sup>\u00ae<\/sup>\u00a0CORE<\/h1>\n<p class=\"productSubtitle\"><em>Linterna frontal recargable, compacta y de haz luminoso m\u00faltiple con iluminaci\u00f3n roja, destinada a las actividades outdoor. 450 l\u00famenes<\/em><\/p>\n<div class=\"productCaracteristiquesPosition inlineblock\">\n<p class=\"productCaracteristiques inlineblock\"><em>La linterna frontal recargable ACTIK CORE ofrece una potencia de 450 l\u00famenes que, combinada con su haz luminoso, la hace id\u00f3nea para las actividades outdoor din\u00e1micas como el alpinismo, el running, el excursionismo y el vivac. La iluminaci\u00f3n roja permite conservar la visi\u00f3n nocturna y no deslumbrar durante los desplazamientos en grupo. La cinta reflectante permite ser visto de noche. Se sirve con la bater\u00eda CORE, la ACTIK CORE tambi\u00e9n es compatible con tres pilas AAA\/LR03 (no incluidas), gracias a la construcci\u00f3n HYBRID CONCEPT. Las fijaciones, disponibles como accesorio, permiten instalar la linterna en cualquier tipo de casco o en una bicicleta.<\/em><\/p>\n<h6>CARACTER\u00cdSTICAS:<\/h6>\n<div class=\"list\">\n<ul>\n<li>Ligera, compacta y potente:<br \/>\n&#8211; 450 l\u00famenes para 75 g.<br \/>\n&#8211; Dos tipos de haces luminosos (amplio o mixto) y varios niveles de iluminaci\u00f3n blanca que responden a las necesidades de una iluminaci\u00f3n eficiente para las actividades outdoor din\u00e1micas: visi\u00f3n de proximidad o de lejos y desplazamientos r\u00e1pidos.<br \/>\n&#8211; Iluminaci\u00f3n roja que permite conservar la visi\u00f3n nocturna y no deslumbrar en los desplazamientos en grupo.<br \/>\n&#8211; Cinta reflectante para que te vean bien de noche.<\/li>\n<li>Recargable y f\u00e1cil de utilizar:<br \/>\n&#8211; Bater\u00eda CORE recargable mediante un conector micro USB.<br \/>\n&#8211; Construcci\u00f3n HYBRID CONCEPT: se sirve con la bater\u00eda CORE, la ACTIK CORE tambi\u00e9n es compatible con tres pilas.<br \/>\n&#8211; Bot\u00f3n \u00fanico para seleccionar f\u00e1cil y r\u00e1pidamente el nivel o el color de iluminaci\u00f3n.<br \/>\n&#8211; Cinta el\u00e1stica amovible y lavable.<br \/>\n&#8211; Funci\u00f3n LOCK para evitar el encendido intempestivo durante el transporte\/almacenamiento.<\/li>\n<li>Compatible con fijaciones que permiten instalar la linterna en cualquier tipo de casco o en una bicicleta.<\/li>\n<\/ul>\n<\/div>\n<div class=\"list\">\n<ul>\n<li>Potencia: 450 l\u00famenes (ANSI\/PLATO FL 1)<\/li>\n<li>Peso: 75 g<\/li>\n<li>Tipo de haz luminoso: amplio o mixto<\/li>\n<li>Alimentaci\u00f3n: bater\u00eda CORE 1250 mAh (incluida)<\/li>\n<li>Tiempo de carga: 3 h<\/li>\n<li>Compatibilidad de las pilas: alcalinas, litio o Ni-MH<\/li>\n<li>Certificaciones: CE<\/li>\n<li>Estanqueidad: IPX4 (resistente a las proyecciones de agua)<\/li>\n<\/ul>\n<\/div>\n<\/div>\n","protected":false},"excerpt":{"rendered":"<p>ACTIK\u00ae\u00a0CORE Linterna frontal recargable, compacta y de haz luminoso m\u00faltiple con iluminaci\u00f3n roja, destinada a las actividades outdoor. 450 l\u00famenes La linterna frontal recargable ACTIK CORE ofrece una potencia de 450 l\u00famenes que, combinada con su haz luminoso, la hace id\u00f3nea para las actividades outdoor din\u00e1micas como el alpinismo, el running, el excursionismo y el &hellip;<\/p>\n<p class=\"read-more\"> <a class=\"\" href=\"https:\/\/pangeatacticalandoutdoors.com\/index.php\/producto\/petzl-actik-core-linterna-frontal-450-lumenes\/\"> <span class=\"screen-reader-text\">PETZL-ACTIK CORE LINTERNA FRONTAL 450 L\u00daMENES<\/span> Leer m\u00e1s &raquo;<\/a><\/p>\n","protected":false},"featured_media":5269,"comment_status":"open","ping_status":"closed","template":"","meta":{"site-sidebar-layout":"default","site-content-layout":"default","ast-global-header-display":"","ast-main-header-display":"","ast-hfb-above-header-display":"","ast-hfb-below-header-display":"","ast-hfb-mobile-header-display":"","site-post-title":"","ast-breadcrumbs-content":"","ast-featured-img":"","footer-sml-layout":"","theme-transparent-header-meta":"default","adv-header-id-meta":"","stick-header-meta":"","header-above-stick-meta":"","header-main-stick-meta":"","header-below-stick-meta":""},"product_cat":[335,88],"product_tag":[],"class_list":["post-5341","product","type-product","status-publish","has-post-thumbnail","hentry","product_cat-lamparas","product_cat-campismo"],"jetpack_sharing_enabled":true,"_links":{"self":[{"href":"https:\/\/pangeatacticalandoutdoors.com\/index.php\/wp-json\/wp\/v2\/product\/5341","targetHints":{"allow":["GET"]}}],"collection":[{"href":"https:\/\/pangeatacticalandoutdoors.com\/index.php\/wp-json\/wp\/v2\/product"}],"about":[{"href":"https:\/\/pangeatacticalandoutdoors.com\/index.php\/wp-json\/wp\/v2\/types\/product"}],"replies":[{"embeddable":true,"href":"https:\/\/pangeatacticalandoutdoors.com\/index.php\/wp-json\/wp\/v2\/comments?post=5341"}],"wp:featuredmedia":[{"embeddable":true,"href":"https:\/\/pangeatacticalandoutdoors.com\/index.php\/wp-json\/wp\/v2\/media\/5269"}],"wp:attachment":[{"href":"https:\/\/pangeatacticalandoutdoors.com\/index.php\/wp-json\/wp\/v2\/media?parent=5341"}],"wp:term":[{"taxonomy":"product_cat","embeddable":true,"href":"https:\/\/pangeatacticalandoutdoors.com\/index.php\/wp-json\/wp\/v2\/product_cat?post=5341"},{"taxonomy":"product_tag","embeddable":true,"href":"https:\/\/pangeatacticalandoutdoors.com\/index.php\/wp-json\/wp\/v2\/product_tag?post=5341"}],"curies":[{"name":"wp","href":"https:\/\/api.w.org\/{rel}","templated":true}]}}