{"id":5314,"date":"2022-01-07T15:38:17","date_gmt":"2022-01-07T21:38:17","guid":{"rendered":"https:\/\/pangeatacticalandoutdoors.com\/?post_type=product&#038;p=5314"},"modified":"2022-11-23T12:44:04","modified_gmt":"2022-11-23T18:44:04","slug":"petzl-tikkina-linterna-frontal-250-lumenes","status":"publish","type":"product","link":"https:\/\/pangeatacticalandoutdoors.com\/index.php\/producto\/petzl-tikkina-linterna-frontal-250-lumenes\/","title":{"rendered":"PETZL-TIKKINA LINTERNA FRONTAL 250 L\u00daMENES"},"content":{"rendered":"<h1 class=\"productTitle\">TIKKINA<sup>\u00ae<\/sup><\/h1>\n<p class=\"productSubtitle\"><em>Linterna frontal simple y compacta para una iluminaci\u00f3n de proximidad. 250 l\u00famenes<\/em><\/p>\n<div class=\"productCaracteristiquesPosition inlineblock\">\n<p class=\"productCaracteristiques inlineblock\"><em>La linterna frontal TIKKINA ofrece una potencia de 250 l\u00famenes y un haz luminoso amplio para una iluminaci\u00f3n de proximidad. Simple y compacta, es pr\u00e1ctica para las actividades outdoor como el camping, el excursionismo o los viajes. Se sirve con tres pilas, la TIKKINA tambi\u00e9n es compatible con la bater\u00eda CORE, gracias a la construcci\u00f3n HYBRID CONCEPT. Las fijaciones, disponibles como accesorio, permiten instalar la linterna en cualquier tipo de casco o bicicleta.<\/em><\/p>\n<h6>CARACTER\u00cdSTICAS:<\/h6>\n<div class=\"list\">\n<ul>\n<li>Ligera y compacta: s\u00f3lo 81 g.<\/li>\n<li>F\u00e1cil de utilizar:<br \/>\n&#8211; Tres niveles de iluminaci\u00f3n blanca: proximidad, desplazamientos y visi\u00f3n de lejos.<br \/>\n&#8211; Bot\u00f3n \u00fanico para seleccionar f\u00e1cil y r\u00e1pidamente el nivel de iluminaci\u00f3n.<br \/>\n&#8211; Construcci\u00f3n HYBRID CONCEPT: se sirve con tres pilas, la TIKKINA tambi\u00e9n es compatible con la bater\u00eda CORE.<br \/>\n&#8211; Cinta el\u00e1stica amovible y lavable.<\/li>\n<li>Compatible con fijaciones que permiten instalar la linterna en cualquier tipo de casco o en una bicicleta.<\/li>\n<\/ul>\n<\/div>\n<div class=\"list\">\n<ul>\n<li>Potencia: 250 l\u00famenes (ANSI\/PLATO FL 1)<\/li>\n<li>Peso: 81 g<\/li>\n<li>Tipo de haz luminoso: amplio<\/li>\n<li>Alimentaci\u00f3n: 3 pilas AAA\/LR03 (incluidas) o bater\u00eda CORE (disponible como accesorio)<\/li>\n<li>Compatibilidad de las pilas: alcalinas, litio o Ni-MH<\/li>\n<li>Certificaciones: CE<\/li>\n<li>Estanqueidad: IPX4 (resistente a las proyecciones de agua)<\/li>\n<\/ul>\n<\/div>\n<\/div>\n","protected":false},"excerpt":{"rendered":"<p>TIKKINA\u00ae Linterna frontal simple y compacta para una iluminaci\u00f3n de proximidad. 250 l\u00famenes La linterna frontal TIKKINA ofrece una potencia de 250 l\u00famenes y un haz luminoso amplio para una iluminaci\u00f3n de proximidad. Simple y compacta, es pr\u00e1ctica para las actividades outdoor como el camping, el excursionismo o los viajes. Se sirve con tres pilas, &hellip;<\/p>\n<p class=\"read-more\"> <a class=\"\" href=\"https:\/\/pangeatacticalandoutdoors.com\/index.php\/producto\/petzl-tikkina-linterna-frontal-250-lumenes\/\"> <span class=\"screen-reader-text\">PETZL-TIKKINA LINTERNA FRONTAL 250 L\u00daMENES<\/span> Leer m\u00e1s &raquo;<\/a><\/p>\n","protected":false},"featured_media":5284,"comment_status":"open","ping_status":"closed","template":"","meta":{"site-sidebar-layout":"default","site-content-layout":"default","ast-global-header-display":"","ast-main-header-display":"","ast-hfb-above-header-display":"","ast-hfb-below-header-display":"","ast-hfb-mobile-header-display":"","site-post-title":"","ast-breadcrumbs-content":"","ast-featured-img":"","footer-sml-layout":"","theme-transparent-header-meta":"default","adv-header-id-meta":"","stick-header-meta":"","header-above-stick-meta":"","header-main-stick-meta":"","header-below-stick-meta":""},"product_cat":[335,88],"product_tag":[],"class_list":["post-5314","product","type-product","status-publish","has-post-thumbnail","hentry","product_cat-lamparas","product_cat-campismo"],"jetpack_sharing_enabled":true,"_links":{"self":[{"href":"https:\/\/pangeatacticalandoutdoors.com\/index.php\/wp-json\/wp\/v2\/product\/5314","targetHints":{"allow":["GET"]}}],"collection":[{"href":"https:\/\/pangeatacticalandoutdoors.com\/index.php\/wp-json\/wp\/v2\/product"}],"about":[{"href":"https:\/\/pangeatacticalandoutdoors.com\/index.php\/wp-json\/wp\/v2\/types\/product"}],"replies":[{"embeddable":true,"href":"https:\/\/pangeatacticalandoutdoors.com\/index.php\/wp-json\/wp\/v2\/comments?post=5314"}],"wp:featuredmedia":[{"embeddable":true,"href":"https:\/\/pangeatacticalandoutdoors.com\/index.php\/wp-json\/wp\/v2\/media\/5284"}],"wp:attachment":[{"href":"https:\/\/pangeatacticalandoutdoors.com\/index.php\/wp-json\/wp\/v2\/media?parent=5314"}],"wp:term":[{"taxonomy":"product_cat","embeddable":true,"href":"https:\/\/pangeatacticalandoutdoors.com\/index.php\/wp-json\/wp\/v2\/product_cat?post=5314"},{"taxonomy":"product_tag","embeddable":true,"href":"https:\/\/pangeatacticalandoutdoors.com\/index.php\/wp-json\/wp\/v2\/product_tag?post=5314"}],"curies":[{"name":"wp","href":"https:\/\/api.w.org\/{rel}","templated":true}]}}