{"id":5299,"date":"2022-01-07T13:23:40","date_gmt":"2022-01-07T19:23:40","guid":{"rendered":"https:\/\/pangeatacticalandoutdoors.com\/?post_type=product&#038;p=5299"},"modified":"2026-03-09T09:36:38","modified_gmt":"2026-03-09T15:36:38","slug":"petzl-sama-arnes","status":"publish","type":"product","link":"https:\/\/pangeatacticalandoutdoors.com\/index.php\/producto\/petzl-sama-arnes\/","title":{"rendered":"PETZL-SAMA ARN\u00c9S"},"content":{"rendered":"<h1 class=\"productTitle\">SAMA<\/h1>\n<p class=\"productSubtitle\"><em>Arn\u00e9s para escalada en roc\u00f3dromo, en pared y grandes itinerarios<\/em><\/p>\n<div class=\"productCaracteristiquesPosition inlineblock\">\n<p class=\"productCaracteristiques inlineblock\"><em>Tanto en roc\u00f3dromo como en pared, \u00a1el SAMA es un arn\u00e9s confortable para tus sesiones de escalada deportiva! Las perneras con el\u00e1sticos permanecen bien ajustadas y el cintur\u00f3n, flexible y m\u00e1s estrecho delante, proporcionan una gran libertad de movimiento. Los cuatro anillos portamaterial ofrecen el espacio suficiente para llevar el equipo necesario en escalada deportiva.<\/em><\/p>\n<h6>CARACTER\u00cdSTICAS:<\/h6>\n<div class=\"list\">\n<ul>\n<li>Confort al llevarlo puesto:<br \/>\n&#8211; Cintur\u00f3n y perneras acolchados.<br \/>\n&#8211; Ancho cintur\u00f3n que ofrece una sujeci\u00f3n confortable.<br \/>\n&#8211; Construcci\u00f3n ENDOFRAME Technology que permite un excelente reparto de la carga.<\/li>\n<li>Gran libertad de movimiento:<br \/>\n&#8211; Cintur\u00f3n flexible y m\u00e1s fino delante.<br \/>\n&#8211; Perneras el\u00e1sticas que permiten mantener en todo momento el arn\u00e9s en su sitio.<br \/>\n&#8211; Perneras el\u00e1sticas y cintas de uni\u00f3n flexibles que proporcionan una movilidad m\u00e1xima en los desplazamientos.<\/li>\n<li>Capacidad de transportar material:<br \/>\n&#8211; Dos anillos portamaterial, delanteros, r\u00edgidos para facilitar el mosquetoneo y desmosquetoneo de las cintas.<br \/>\n&#8211; Dos anillos portamaterial, traseros, flexibles, que llevan el material hacia delante y son compatibles con llevar la mochila puesta.<br \/>\n&#8211; Un anillo posterior porta-accesorios como la bolsa de magnesio, calzado, maill\u00f3n, cuerda de izado&#8230;<\/li>\n<\/ul>\n<\/div>\n<div class=\"list\">\n<ul>\n<li>Materiales: poliamida, poli\u00e9ster, EVA, poliuretano, aluminio y polietileno de alta densidad<\/li>\n<li>Certificaciones: CE EN 12277 type C, UKCA, UIAA<\/li>\n<\/ul>\n<\/div>\n<\/div>\n","protected":false},"excerpt":{"rendered":"<p>SAMA Arn\u00e9s para escalada en roc\u00f3dromo, en pared y grandes itinerarios Tanto en roc\u00f3dromo como en pared, \u00a1el SAMA es un arn\u00e9s confortable para tus sesiones de escalada deportiva! Las perneras con el\u00e1sticos permanecen bien ajustadas y el cintur\u00f3n, flexible y m\u00e1s estrecho delante, proporcionan una gran libertad de movimiento. Los cuatro anillos portamaterial ofrecen &hellip;<\/p>\n<p class=\"read-more\"> <a class=\"\" href=\"https:\/\/pangeatacticalandoutdoors.com\/index.php\/producto\/petzl-sama-arnes\/\"> <span class=\"screen-reader-text\">PETZL-SAMA ARN\u00c9S<\/span> Leer m\u00e1s &raquo;<\/a><\/p>\n","protected":false},"featured_media":5261,"comment_status":"open","ping_status":"closed","template":"","meta":{"site-sidebar-layout":"default","site-content-layout":"default","ast-global-header-display":"","ast-main-header-display":"","ast-hfb-above-header-display":"","ast-hfb-below-header-display":"","ast-hfb-mobile-header-display":"","site-post-title":"","ast-breadcrumbs-content":"","ast-featured-img":"","footer-sml-layout":"","theme-transparent-header-meta":"default","adv-header-id-meta":"","stick-header-meta":"","header-above-stick-meta":"","header-main-stick-meta":"","header-below-stick-meta":""},"product_cat":[333,88],"product_tag":[],"class_list":["post-5299","product","type-product","status-publish","has-post-thumbnail","hentry","product_cat-arnes","product_cat-campismo"],"jetpack_sharing_enabled":true,"_links":{"self":[{"href":"https:\/\/pangeatacticalandoutdoors.com\/index.php\/wp-json\/wp\/v2\/product\/5299","targetHints":{"allow":["GET"]}}],"collection":[{"href":"https:\/\/pangeatacticalandoutdoors.com\/index.php\/wp-json\/wp\/v2\/product"}],"about":[{"href":"https:\/\/pangeatacticalandoutdoors.com\/index.php\/wp-json\/wp\/v2\/types\/product"}],"replies":[{"embeddable":true,"href":"https:\/\/pangeatacticalandoutdoors.com\/index.php\/wp-json\/wp\/v2\/comments?post=5299"}],"wp:featuredmedia":[{"embeddable":true,"href":"https:\/\/pangeatacticalandoutdoors.com\/index.php\/wp-json\/wp\/v2\/media\/5261"}],"wp:attachment":[{"href":"https:\/\/pangeatacticalandoutdoors.com\/index.php\/wp-json\/wp\/v2\/media?parent=5299"}],"wp:term":[{"taxonomy":"product_cat","embeddable":true,"href":"https:\/\/pangeatacticalandoutdoors.com\/index.php\/wp-json\/wp\/v2\/product_cat?post=5299"},{"taxonomy":"product_tag","embeddable":true,"href":"https:\/\/pangeatacticalandoutdoors.com\/index.php\/wp-json\/wp\/v2\/product_tag?post=5299"}],"curies":[{"name":"wp","href":"https:\/\/api.w.org\/{rel}","templated":true}]}}