{"id":5294,"date":"2022-01-07T13:10:37","date_gmt":"2022-01-07T19:10:37","guid":{"rendered":"https:\/\/pangeatacticalandoutdoors.com\/?post_type=product&#038;p=5294"},"modified":"2026-03-09T09:35:07","modified_gmt":"2026-03-09T15:35:07","slug":"petzl-ascension-puno-bloqueador-ergonomico","status":"publish","type":"product","link":"https:\/\/pangeatacticalandoutdoors.com\/index.php\/producto\/petzl-ascension-puno-bloqueador-ergonomico\/","title":{"rendered":"PETZL-ASCENSION PU\u00d1O BLOQUEADOR ERGON\u00d3MICO"},"content":{"rendered":"<h1 class=\"productTitle\">ASCENSION<\/h1>\n<p class=\"productSubtitle\"><em>Pu\u00f1o bloqueador ergon\u00f3mico<\/em><\/p>\n<div class=\"productCaracteristiquesPosition inlineblock\">\n<p class=\"productCaracteristiques inlineblock\"><em>El pu\u00f1o bloqueador ASCENSION, dise\u00f1ado para los ascensos por cuerda, se beneficia de una empu\u00f1adura moldeada y de una parte superior ergon\u00f3micas que permiten asegurar un agarre c\u00f3modo y potente durante las tracciones con una o dos manos. El pu\u00f1o bloqueador ASCENSION dispone de un amplio orificio inferior para conectar f\u00e1cilmente dos mosquetones para el elemento de amarre y el pedal.<\/em><\/p>\n<h6>CARACTER\u00cdSTICAS:<\/h6>\n<div class=\"list\">\n<ul>\n<li>Dise\u00f1ado para utilizarse para el ascenso por cuerda.<\/li>\n<li>F\u00e1cil de utilizar y eficaz:<br \/>\n&#8211; Empu\u00f1aduras moldeadas y ergon\u00f3micas que garantizan un buen agarre, c\u00f3modo y potente.<br \/>\n&#8211; Amplia abertura que permite agarrar f\u00e1cilmente la empu\u00f1adura, incluso con guantes gruesos.<br \/>\n&#8211; Parte superior ergon\u00f3mica para maximizar la potencia durante una tracci\u00f3n con las dos manos.<br \/>\n&#8211; Gatillo totalmente integrado en el cuerpo del bloqueador para evitar que se enganche accidentalmente.<br \/>\n&#8211; Leva dentada con ranura de evacuaci\u00f3n para optimizar el funcionamiento en cualquier condici\u00f3n (cuerda helada, embarrada&#8230;).<\/li>\n<li>Amplio orificio inferior para conectar f\u00e1cilmente los mosquetones del elemento de amarre PROGRESS y del pedal FOOTAPE o FOOTCORD.<br \/>\n&#8211; Orificio superior para mosquetonear la cuerda.<\/li>\n<li>Disponible en dos versiones, mano derecha y mano izquierda.<\/li>\n<\/ul>\n<\/div>\n<div class=\"list\">\n<ul>\n<li>Materiales: aluminio, acero inoxidable, pl\u00e1stico, caucho y nil\u00f3n<\/li>\n<li>Peso: 165 g<\/li>\n<li>Compatibilidad de la cuerda: 8 a 13 mm<\/li>\n<li>Certificaciones: CE EN 567, UKCA, UIAA<\/li>\n<\/ul>\n<\/div>\n<\/div>\n","protected":false},"excerpt":{"rendered":"<p>ASCENSION Pu\u00f1o bloqueador ergon\u00f3mico El pu\u00f1o bloqueador ASCENSION, dise\u00f1ado para los ascensos por cuerda, se beneficia de una empu\u00f1adura moldeada y de una parte superior ergon\u00f3micas que permiten asegurar un agarre c\u00f3modo y potente durante las tracciones con una o dos manos. El pu\u00f1o bloqueador ASCENSION dispone de un amplio orificio inferior para conectar f\u00e1cilmente &hellip;<\/p>\n<p class=\"read-more\"> <a class=\"\" href=\"https:\/\/pangeatacticalandoutdoors.com\/index.php\/producto\/petzl-ascension-puno-bloqueador-ergonomico\/\"> <span class=\"screen-reader-text\">PETZL-ASCENSION PU\u00d1O BLOQUEADOR ERGON\u00d3MICO<\/span> Leer m\u00e1s &raquo;<\/a><\/p>\n","protected":false},"featured_media":5298,"comment_status":"open","ping_status":"closed","template":"","meta":{"site-sidebar-layout":"default","site-content-layout":"default","ast-global-header-display":"","ast-main-header-display":"","ast-hfb-above-header-display":"","ast-hfb-below-header-display":"","ast-hfb-mobile-header-display":"","site-post-title":"","ast-breadcrumbs-content":"","ast-featured-img":"","footer-sml-layout":"","theme-transparent-header-meta":"default","adv-header-id-meta":"","stick-header-meta":"","header-above-stick-meta":"","header-main-stick-meta":"","header-below-stick-meta":""},"product_cat":[88,359],"product_tag":[],"class_list":["post-5294","product","type-product","status-publish","has-post-thumbnail","hentry","product_cat-campismo","product_cat-puno"],"jetpack_sharing_enabled":true,"_links":{"self":[{"href":"https:\/\/pangeatacticalandoutdoors.com\/index.php\/wp-json\/wp\/v2\/product\/5294","targetHints":{"allow":["GET"]}}],"collection":[{"href":"https:\/\/pangeatacticalandoutdoors.com\/index.php\/wp-json\/wp\/v2\/product"}],"about":[{"href":"https:\/\/pangeatacticalandoutdoors.com\/index.php\/wp-json\/wp\/v2\/types\/product"}],"replies":[{"embeddable":true,"href":"https:\/\/pangeatacticalandoutdoors.com\/index.php\/wp-json\/wp\/v2\/comments?post=5294"}],"wp:featuredmedia":[{"embeddable":true,"href":"https:\/\/pangeatacticalandoutdoors.com\/index.php\/wp-json\/wp\/v2\/media\/5298"}],"wp:attachment":[{"href":"https:\/\/pangeatacticalandoutdoors.com\/index.php\/wp-json\/wp\/v2\/media?parent=5294"}],"wp:term":[{"taxonomy":"product_cat","embeddable":true,"href":"https:\/\/pangeatacticalandoutdoors.com\/index.php\/wp-json\/wp\/v2\/product_cat?post=5294"},{"taxonomy":"product_tag","embeddable":true,"href":"https:\/\/pangeatacticalandoutdoors.com\/index.php\/wp-json\/wp\/v2\/product_tag?post=5294"}],"curies":[{"name":"wp","href":"https:\/\/api.w.org\/{rel}","templated":true}]}}