{"id":5241,"date":"2022-01-06T15:23:14","date_gmt":"2022-01-06T21:23:14","guid":{"rendered":"https:\/\/pangeatacticalandoutdoors.com\/?post_type=product&#038;p=5241"},"modified":"2026-03-09T12:39:00","modified_gmt":"2026-03-09T18:39:00","slug":"grabber-warmers-calentador-adhesivo-de-manos","status":"publish","type":"product","link":"https:\/\/pangeatacticalandoutdoors.com\/index.php\/producto\/grabber-warmers-calentador-adhesivo-de-manos\/","title":{"rendered":"GRABBER WARMERS-CALENTADOR ADHESIVO DE MANOS"},"content":{"rendered":"<p>La soluci\u00f3n perfecta para las manos en los d\u00edas fr\u00edos. Se colocan dentro del guante o en un bolsillo. Mantienen una temperatura media de 57\u00baC. M\u00faltiples aplicaciones en trabajos de construcci\u00f3n, vigilantes, polic\u00edas, ciclistas, monta\u00f1a, pesca, caza, esqu\u00ed, surf\u2026 \u00bfPor qu\u00e9 calientan? Los calentadores funcionan gracias a la reacci\u00f3n qu\u00edmica que se produce en su interior al contacto con el aire similar a la oxidaci\u00f3n. Est\u00e1n compuestos de polvo de hierro, agua, celulosa, carb\u00f3n activado, vermiculita y sales. El hierro se oxida en la bolsa, cuando se expone al ox\u00edgeno, y por lo tanto produce calor. La sal act\u00faa como un catalizador, el carb\u00f3n ayuda a dispersar el calor, la vermiculita se utiliza como aislante con el fin de retener el calor y la celulosa se agrega \u00fanicamente como relleno. Todos estos ingredientes est\u00e1n rodeados por una bolsa de polipropileno, que permite que el aire penetre en el interior a la vez que retiene la humedad. Atenci\u00f3n, se recomienda usar un guante t\u00e9rmico interior.<\/p>\n","protected":false},"excerpt":{"rendered":"<p>La soluci\u00f3n perfecta para las manos en los d\u00edas fr\u00edos. Se colocan dentro del guante o en un bolsillo. Mantienen una temperatura media de 57\u00baC. M\u00faltiples aplicaciones en trabajos de construcci\u00f3n, vigilantes, polic\u00edas, ciclistas, monta\u00f1a, pesca, caza, esqu\u00ed, surf\u2026 \u00bfPor qu\u00e9 calientan? Los calentadores funcionan gracias a la reacci\u00f3n qu\u00edmica que se produce en su &hellip;<\/p>\n<p class=\"read-more\"> <a class=\"\" href=\"https:\/\/pangeatacticalandoutdoors.com\/index.php\/producto\/grabber-warmers-calentador-adhesivo-de-manos\/\"> <span class=\"screen-reader-text\">GRABBER WARMERS-CALENTADOR ADHESIVO DE MANOS<\/span> Leer m\u00e1s &raquo;<\/a><\/p>\n","protected":false},"featured_media":5240,"comment_status":"open","ping_status":"closed","template":"","meta":{"site-sidebar-layout":"default","site-content-layout":"default","ast-global-header-display":"","ast-main-header-display":"","ast-hfb-above-header-display":"","ast-hfb-below-header-display":"","ast-hfb-mobile-header-display":"","site-post-title":"","ast-breadcrumbs-content":"","ast-featured-img":"","footer-sml-layout":"","theme-transparent-header-meta":"default","adv-header-id-meta":"","stick-header-meta":"","header-above-stick-meta":"","header-main-stick-meta":"","header-below-stick-meta":""},"product_cat":[88,356],"product_tag":[],"class_list":["post-5241","product","type-product","status-publish","has-post-thumbnail","hentry","product_cat-campismo","product_cat-productos-termicos"],"jetpack_sharing_enabled":true,"_links":{"self":[{"href":"https:\/\/pangeatacticalandoutdoors.com\/index.php\/wp-json\/wp\/v2\/product\/5241","targetHints":{"allow":["GET"]}}],"collection":[{"href":"https:\/\/pangeatacticalandoutdoors.com\/index.php\/wp-json\/wp\/v2\/product"}],"about":[{"href":"https:\/\/pangeatacticalandoutdoors.com\/index.php\/wp-json\/wp\/v2\/types\/product"}],"replies":[{"embeddable":true,"href":"https:\/\/pangeatacticalandoutdoors.com\/index.php\/wp-json\/wp\/v2\/comments?post=5241"}],"wp:featuredmedia":[{"embeddable":true,"href":"https:\/\/pangeatacticalandoutdoors.com\/index.php\/wp-json\/wp\/v2\/media\/5240"}],"wp:attachment":[{"href":"https:\/\/pangeatacticalandoutdoors.com\/index.php\/wp-json\/wp\/v2\/media?parent=5241"}],"wp:term":[{"taxonomy":"product_cat","embeddable":true,"href":"https:\/\/pangeatacticalandoutdoors.com\/index.php\/wp-json\/wp\/v2\/product_cat?post=5241"},{"taxonomy":"product_tag","embeddable":true,"href":"https:\/\/pangeatacticalandoutdoors.com\/index.php\/wp-json\/wp\/v2\/product_tag?post=5241"}],"curies":[{"name":"wp","href":"https:\/\/api.w.org\/{rel}","templated":true}]}}