{"id":5164,"date":"2021-12-28T11:52:04","date_gmt":"2021-12-28T17:52:04","guid":{"rendered":"https:\/\/pangeatacticalandoutdoors.com\/?post_type=product&#038;p=5164"},"modified":"2024-10-11T14:05:53","modified_gmt":"2024-10-11T19:05:53","slug":"gama-m2-piel-gamuza-con-lona","status":"publish","type":"product","link":"https:\/\/pangeatacticalandoutdoors.com\/index.php\/producto\/gama-m2-piel-gamuza-con-lona\/","title":{"rendered":"GAMA-M2 PIEL GAMUZA CON LONA"},"content":{"rendered":"<p><em>Calzado t\u00e1ctico Modelo M2 Gamuza. Es una bota ultra ligera, flexible y durable, ideal para diferentes actividades. Est\u00e1 compuesta por una suela elastom\u00e9rica que ayuda al desempe\u00f1o y comodidad del usuario durante la jornada de trabajo. Adem\u00e1s, tiene resistencia al resbalamiento. Cuenta con propiedades para una buena absorci\u00f3n de impactos y es ideal para pisos de poca a moderada abrasi\u00f3n.\u00a0<\/em><\/p>\n<h6>CARACTER\u00cdSTICAS:<\/h6>\n<ul>\n<li><strong>Corte:<\/strong> Vacuno<\/li>\n<li><strong style=\"font-size: 16px;\">Forro:\u00a0<\/strong><span style=\"font-size: 16px;\">Textil<\/span><\/li>\n<li><strong style=\"font-size: 16px;\">Suela:<\/strong><span style=\"font-size: 16px;\"> Atack Elastomero<\/span><\/li>\n<li><strong style=\"font-size: 16px;\">Construcci\u00f3n:\u00a0<\/strong><span style=\"font-size: 16px;\">Lock Stitcher<\/span><\/li>\n<li><strong style=\"font-size: 16px;\">Colores disponibles:<\/strong><span style=\"font-size: 16px;\"> Arena y Coyote<\/span><\/li>\n<li><strong style=\"font-size: 16px;\">Plantilla:\u00a0<\/strong><span style=\"font-size: 16px;\">Espuma de poliuretano antimic\u00f3tico<\/span><\/li>\n<\/ul>\n<p><strong>Recomendaciones de uso:<\/strong><\/p>\n<ul>\n<li>Condiciones h\u00famedas y secas<\/li>\n<li>Uso policiaco y militar<\/li>\n<li>Antiderrapante<\/li>\n<\/ul>\n<p><span class=\"JsGRdQ\">Todas nuestras botas t\u00e1cticas <\/span><span class=\"JsGRdQ\">est\u00e1n elaboradas de <\/span><span class=\"JsGRdQ\">piel corte vacuno<\/span><span class=\"JsGRdQ\"> por lo tanto es importante <\/span><strong><span class=\"JsGRdQ\">NO sumergirlas en agua y NO exponerlas directamente al calor.<\/span><\/strong><\/p>\n<p><em><strong><span class=\"JsGRdQ\">IMPORTANTE: No se har\u00e1n devoluciones en calzado maltratado por exceso de agua o expuesto al calor.<\/span><\/strong><\/em><\/p>\n","protected":false},"excerpt":{"rendered":"<p>Calzado t\u00e1ctico Modelo M2 Gamuza. Es una bota ultra ligera, flexible y durable, ideal para diferentes actividades. Est\u00e1 compuesta por una suela elastom\u00e9rica que ayuda al desempe\u00f1o y comodidad del usuario durante la jornada de trabajo. Adem\u00e1s, tiene resistencia al resbalamiento. Cuenta con propiedades para una buena absorci\u00f3n de impactos y es ideal para pisos &hellip;<\/p>\n<p class=\"read-more\"> <a class=\"\" href=\"https:\/\/pangeatacticalandoutdoors.com\/index.php\/producto\/gama-m2-piel-gamuza-con-lona\/\"> <span class=\"screen-reader-text\">GAMA-M2 PIEL GAMUZA CON LONA<\/span> Leer m\u00e1s &raquo;<\/a><\/p>\n","protected":false},"featured_media":5182,"comment_status":"open","ping_status":"closed","template":"","meta":{"site-sidebar-layout":"default","site-content-layout":"default","ast-global-header-display":"","ast-main-header-display":"","ast-hfb-above-header-display":"","ast-hfb-below-header-display":"","ast-hfb-mobile-header-display":"","site-post-title":"","ast-breadcrumbs-content":"","ast-featured-img":"","footer-sml-layout":"","theme-transparent-header-meta":"default","adv-header-id-meta":"","stick-header-meta":"","header-above-stick-meta":"","header-main-stick-meta":"","header-below-stick-meta":""},"product_cat":[139,89],"product_tag":[],"class_list":["post-5164","product","type-product","status-publish","has-post-thumbnail","hentry","product_cat-botas","product_cat-calzado"],"jetpack_sharing_enabled":true,"_links":{"self":[{"href":"https:\/\/pangeatacticalandoutdoors.com\/index.php\/wp-json\/wp\/v2\/product\/5164","targetHints":{"allow":["GET"]}}],"collection":[{"href":"https:\/\/pangeatacticalandoutdoors.com\/index.php\/wp-json\/wp\/v2\/product"}],"about":[{"href":"https:\/\/pangeatacticalandoutdoors.com\/index.php\/wp-json\/wp\/v2\/types\/product"}],"replies":[{"embeddable":true,"href":"https:\/\/pangeatacticalandoutdoors.com\/index.php\/wp-json\/wp\/v2\/comments?post=5164"}],"wp:featuredmedia":[{"embeddable":true,"href":"https:\/\/pangeatacticalandoutdoors.com\/index.php\/wp-json\/wp\/v2\/media\/5182"}],"wp:attachment":[{"href":"https:\/\/pangeatacticalandoutdoors.com\/index.php\/wp-json\/wp\/v2\/media?parent=5164"}],"wp:term":[{"taxonomy":"product_cat","embeddable":true,"href":"https:\/\/pangeatacticalandoutdoors.com\/index.php\/wp-json\/wp\/v2\/product_cat?post=5164"},{"taxonomy":"product_tag","embeddable":true,"href":"https:\/\/pangeatacticalandoutdoors.com\/index.php\/wp-json\/wp\/v2\/product_tag?post=5164"}],"curies":[{"name":"wp","href":"https:\/\/api.w.org\/{rel}","templated":true}]}}