{"id":5141,"date":"2021-12-27T14:05:36","date_gmt":"2021-12-27T20:05:36","guid":{"rendered":"https:\/\/pangeatacticalandoutdoors.com\/?post_type=product&#038;p=5141"},"modified":"2024-01-18T16:53:14","modified_gmt":"2024-01-18T22:53:14","slug":"jelly-belly-sports-beans-sin-cafeina","status":"publish","type":"product","link":"https:\/\/pangeatacticalandoutdoors.com\/index.php\/producto\/jelly-belly-sports-beans-sin-cafeina\/","title":{"rendered":"JELLY BELLY-SPORTS BEANS (SIN CAFE\u00cdNA)"},"content":{"rendered":"<p><em>Sport Beans Energizing Jelly Beans est\u00e1 formulado para ayudar a alimentar el cuerpo durante el ejercicio intenso. Se ha comprobado cl\u00ednicamente que maximiza el rendimiento deportivo, cada frijol est\u00e1 cargado de carbohidratos para combustible, electrolitos para ayudar a mantener el equilibrio de l\u00edquidos y vitaminas para optimizar la liberaci\u00f3n de energ\u00eda y proteger las c\u00e9lulas contra el da\u00f1o oxidativo. Saborizados con jugos de frutas reales y otros sabores naturales.<\/em><\/p>\n<h6>CARACTER\u00cdSTICAS:<\/h6>\n<ul>\n<li>Carbohidratos para alimentar tu cuerpo durante una actividad intensa.<\/li>\n<li>Electrolitos (sodio y potasio) vitales para mantener el equilibrio de l\u00edquidos<\/li>\n<li>Vitaminas B1, B2 y B3 para ayudar a quemar carbohidratos y grasas.<\/li>\n<li>Vitamina C para proteger los m\u00fasculos y las c\u00e9lulas contra el da\u00f1o oxidativo.<\/li>\n<li>Caca bolsita contiene 28g.<\/li>\n<li>Gluten free.<\/li>\n<li>Sin cafe\u00edna.<\/li>\n<\/ul>\n","protected":false},"excerpt":{"rendered":"<p>Sport Beans Energizing Jelly Beans est\u00e1 formulado para ayudar a alimentar el cuerpo durante el ejercicio intenso. Se ha comprobado cl\u00ednicamente que maximiza el rendimiento deportivo, cada frijol est\u00e1 cargado de carbohidratos para combustible, electrolitos para ayudar a mantener el equilibrio de l\u00edquidos y vitaminas para optimizar la liberaci\u00f3n de energ\u00eda y proteger las c\u00e9lulas &hellip;<\/p>\n<p class=\"read-more\"> <a class=\"\" href=\"https:\/\/pangeatacticalandoutdoors.com\/index.php\/producto\/jelly-belly-sports-beans-sin-cafeina\/\"> <span class=\"screen-reader-text\">JELLY BELLY-SPORTS BEANS (SIN CAFE\u00cdNA)<\/span> Leer m\u00e1s &raquo;<\/a><\/p>\n","protected":false},"featured_media":5148,"comment_status":"open","ping_status":"closed","template":"","meta":{"site-sidebar-layout":"default","site-content-layout":"default","ast-global-header-display":"","ast-main-header-display":"","ast-hfb-above-header-display":"","ast-hfb-below-header-display":"","ast-hfb-mobile-header-display":"","site-post-title":"","ast-breadcrumbs-content":"","ast-featured-img":"","footer-sml-layout":"","theme-transparent-header-meta":"default","adv-header-id-meta":"","stick-header-meta":"","header-above-stick-meta":"","header-main-stick-meta":"","header-below-stick-meta":""},"product_cat":[88,266],"product_tag":[],"class_list":["post-5141","product","type-product","status-publish","has-post-thumbnail","hentry","product_cat-campismo","product_cat-productos-energeticos"],"jetpack_sharing_enabled":true,"_links":{"self":[{"href":"https:\/\/pangeatacticalandoutdoors.com\/index.php\/wp-json\/wp\/v2\/product\/5141","targetHints":{"allow":["GET"]}}],"collection":[{"href":"https:\/\/pangeatacticalandoutdoors.com\/index.php\/wp-json\/wp\/v2\/product"}],"about":[{"href":"https:\/\/pangeatacticalandoutdoors.com\/index.php\/wp-json\/wp\/v2\/types\/product"}],"replies":[{"embeddable":true,"href":"https:\/\/pangeatacticalandoutdoors.com\/index.php\/wp-json\/wp\/v2\/comments?post=5141"}],"wp:featuredmedia":[{"embeddable":true,"href":"https:\/\/pangeatacticalandoutdoors.com\/index.php\/wp-json\/wp\/v2\/media\/5148"}],"wp:attachment":[{"href":"https:\/\/pangeatacticalandoutdoors.com\/index.php\/wp-json\/wp\/v2\/media?parent=5141"}],"wp:term":[{"taxonomy":"product_cat","embeddable":true,"href":"https:\/\/pangeatacticalandoutdoors.com\/index.php\/wp-json\/wp\/v2\/product_cat?post=5141"},{"taxonomy":"product_tag","embeddable":true,"href":"https:\/\/pangeatacticalandoutdoors.com\/index.php\/wp-json\/wp\/v2\/product_tag?post=5141"}],"curies":[{"name":"wp","href":"https:\/\/api.w.org\/{rel}","templated":true}]}}