{"id":5013,"date":"2021-12-13T14:42:23","date_gmt":"2021-12-13T20:42:23","guid":{"rendered":"https:\/\/pangeatacticalandoutdoors.com\/?post_type=product&#038;p=5013"},"modified":"2023-10-30T14:35:52","modified_gmt":"2023-10-30T20:35:52","slug":"smartwool-unisex-outdoor-mini-socks-ultra-light-cushion-2","status":"publish","type":"product","link":"https:\/\/pangeatacticalandoutdoors.com\/index.php\/producto\/smartwool-unisex-outdoor-mini-socks-ultra-light-cushion-2\/","title":{"rendered":"SMARTWOOL-UNISEX OUTDOOR MINI SOCKS ULTRA LIGHT CUSHION"},"content":{"rendered":"<p><em>Para aquellos que desean maximizar su tiempo al aire libre y minimizar la cantidad de calcetines en sus pies, el PhD\u00ae Outdoor Ultra Light Mini est\u00e1 hecho para ti.\u00a0Es liviano, pero pesado en tecnolog\u00eda, lo que lo convierte en la patada lateral ideal (hacia afuera).<\/em><\/p>\n<h6>CARACTER\u00cdSTICAS:<\/h6>\n<ul>\n<li>Sistema de ajuste \u00c9lite 4 Degree \u2122: Para un ajuste marcado y orientado al rendimiento con zona de flexi\u00f3n en la articulaci\u00f3n del tobillo.<\/li>\n<li>La tecnolog\u00eda Indestructawool \u2122 presenta un m\u00e9todo de construcci\u00f3n pendiente de patente para una durabilidad y comodidad excepcionales.<\/li>\n<li>Doctorado\u00ae: Construido para el rendimiento en el m\u00e1s alto grado.<\/li>\n<li>Shred Shield ayuda a reducir el desgaste de los dedos de los pies.<\/li>\n<li>Coj\u00edn ultraligero: El m\u00ednimo absoluto entre t\u00fa y tus zapatos.<\/li>\n<li>Zonas de malla mapeadas en el cuerpo para mayor transpirabilidad.<\/li>\n<li>Puntera Virtually Seamless \u2122 para mayor comodidad.<\/li>\n<li>Altura del calcet\u00edn:\u00a0Mini<\/li>\n<li>Composici\u00f3n: 48% lana merino, 48% nailon, 4% elastano<\/li>\n<\/ul>\n<h6>CUIDADOS:<\/h6>\n<ul>\n<li>Lavar a m\u00e1quina con agua tibia, del rev\u00e9s<\/li>\n<li>No usar blanqueador<\/li>\n<li>Utilizar\u00a0secadora a baja temperatura<\/li>\n<li>No planchar<\/li>\n<li>No lavar en seco<\/li>\n<\/ul>\n","protected":false},"excerpt":{"rendered":"<p>Para aquellos que desean maximizar su tiempo al aire libre y minimizar la cantidad de calcetines en sus pies, el PhD\u00ae Outdoor Ultra Light Mini est\u00e1 hecho para ti.\u00a0Es liviano, pero pesado en tecnolog\u00eda, lo que lo convierte en la patada lateral ideal (hacia afuera). CARACTER\u00cdSTICAS: Sistema de ajuste \u00c9lite 4 Degree \u2122: Para un &hellip;<\/p>\n<p class=\"read-more\"> <a class=\"\" href=\"https:\/\/pangeatacticalandoutdoors.com\/index.php\/producto\/smartwool-unisex-outdoor-mini-socks-ultra-light-cushion-2\/\"> <span class=\"screen-reader-text\">SMARTWOOL-UNISEX OUTDOOR MINI SOCKS ULTRA LIGHT CUSHION<\/span> Leer m\u00e1s &raquo;<\/a><\/p>\n","protected":false},"featured_media":5015,"comment_status":"open","ping_status":"closed","template":"","meta":{"site-sidebar-layout":"default","site-content-layout":"default","ast-global-header-display":"","ast-main-header-display":"","ast-hfb-above-header-display":"","ast-hfb-below-header-display":"","ast-hfb-mobile-header-display":"","site-post-title":"","ast-breadcrumbs-content":"","ast-featured-img":"","footer-sml-layout":"","theme-transparent-header-meta":"default","adv-header-id-meta":"","stick-header-meta":"","header-above-stick-meta":"","header-main-stick-meta":"","header-below-stick-meta":""},"product_cat":[339,88],"product_tag":[],"class_list":["post-5013","product","type-product","status-publish","has-post-thumbnail","hentry","product_cat-calcetines","product_cat-campismo"],"jetpack_sharing_enabled":true,"_links":{"self":[{"href":"https:\/\/pangeatacticalandoutdoors.com\/index.php\/wp-json\/wp\/v2\/product\/5013","targetHints":{"allow":["GET"]}}],"collection":[{"href":"https:\/\/pangeatacticalandoutdoors.com\/index.php\/wp-json\/wp\/v2\/product"}],"about":[{"href":"https:\/\/pangeatacticalandoutdoors.com\/index.php\/wp-json\/wp\/v2\/types\/product"}],"replies":[{"embeddable":true,"href":"https:\/\/pangeatacticalandoutdoors.com\/index.php\/wp-json\/wp\/v2\/comments?post=5013"}],"wp:featuredmedia":[{"embeddable":true,"href":"https:\/\/pangeatacticalandoutdoors.com\/index.php\/wp-json\/wp\/v2\/media\/5015"}],"wp:attachment":[{"href":"https:\/\/pangeatacticalandoutdoors.com\/index.php\/wp-json\/wp\/v2\/media?parent=5013"}],"wp:term":[{"taxonomy":"product_cat","embeddable":true,"href":"https:\/\/pangeatacticalandoutdoors.com\/index.php\/wp-json\/wp\/v2\/product_cat?post=5013"},{"taxonomy":"product_tag","embeddable":true,"href":"https:\/\/pangeatacticalandoutdoors.com\/index.php\/wp-json\/wp\/v2\/product_tag?post=5013"}],"curies":[{"name":"wp","href":"https:\/\/api.w.org\/{rel}","templated":true}]}}