{"id":5002,"date":"2021-12-13T13:59:39","date_gmt":"2021-12-13T19:59:39","guid":{"rendered":"https:\/\/pangeatacticalandoutdoors.com\/?post_type=product&#038;p=5002"},"modified":"2022-06-24T17:13:10","modified_gmt":"2022-06-24T22:13:10","slug":"smartwool-unisex-outdoor-mini-socks","status":"publish","type":"product","link":"https:\/\/pangeatacticalandoutdoors.com\/index.php\/producto\/smartwool-unisex-outdoor-mini-socks\/","title":{"rendered":"SMARTWOOL-UNISEX OUTDOOR MINI SOCKS"},"content":{"rendered":"<p><em>\u00bfBuscas un calcet\u00edn que lo tenga todo? No busque m\u00e1s. El PhD\u00ae Outdoor Medium Crew ofrece ajuste, comodidad y durabilidad envueltos en un calcet\u00edn inteligente. Estos calcetines de senderismo de alto rendimiento cuentan con la tecnolog\u00eda Indestructawool \u2122 para una durabilidad m\u00e1xima, el sistema de ajuste de \u00e9lite 4 Degree \u2122 de Smartwool para un ajuste marcado y su exclusiva puntera Virtually Seamless \u2122 para una comodidad extraordinaria en cualquier zapato de trail. Con una amortiguaci\u00f3n media para ayudar a brindar protecci\u00f3n contra impactos y m\u00e1xima comodidad en el sendero, este calcet\u00edn de senderismo de lana merino puede soportar cualquier caminata o actividad al aire libre.<\/em><\/p>\n<h6>CARACTER\u00cdSTICAS:<\/h6>\n<ul>\n<li id=\"tw-target-text\" class=\"tw-data-text tw-text-large XcVN5d tw-ta\" dir=\"ltr\" data-placeholder=\"Traducci\u00f3n\"><span lang=\"es\">Altura del calcet\u00edn: tripulaci\u00f3n<\/span><\/li>\n<li class=\"tw-data-text tw-text-large XcVN5d tw-ta\" dir=\"ltr\" data-placeholder=\"Traducci\u00f3n\"><span lang=\"es\">7,5 \u2033 de altura total<\/span><\/li>\n<li class=\"tw-data-text tw-text-large XcVN5d tw-ta\" dir=\"ltr\" data-placeholder=\"Traducci\u00f3n\"><span lang=\"es\">Punta pr\u00e1cticamente sin costuras \u2122 para mayor comodidad <\/span><\/li>\n<li class=\"tw-data-text tw-text-large XcVN5d tw-ta\" dir=\"ltr\" data-placeholder=\"Traducci\u00f3n\"><span lang=\"es\">Hecho en EE. UU. <\/span><\/li>\n<li class=\"tw-data-text tw-text-large XcVN5d tw-ta\" dir=\"ltr\" data-placeholder=\"Traducci\u00f3n\"><span lang=\"es\">De hilo importado: 65% lana merino, 33% nailon, 2% elastano<\/span><\/li>\n<\/ul>\n<h6>BENEFICIOS:<\/h6>\n<ul>\n<li id=\"tw-target-text\" class=\"tw-data-text tw-text-large XcVN5d tw-ta\" dir=\"ltr\" data-placeholder=\"Traducci\u00f3n\"><span lang=\"es\">Construido para el rendimiento en el m\u00e1s alto grado <\/span><\/li>\n<li class=\"tw-data-text tw-text-large XcVN5d tw-ta\" dir=\"ltr\" data-placeholder=\"Traducci\u00f3n\"><span lang=\"es\">Tal\u00f3n m\u00e1s estrecho y corte m\u00e1s ajustado <\/span><\/li>\n<li class=\"tw-data-text tw-text-large XcVN5d tw-ta\" dir=\"ltr\" data-placeholder=\"Traducci\u00f3n\"><span lang=\"es\">Sistema de ajuste Elite 4 Degree \u2122 Para un ajuste marcado y orientado al rendimiento con zona de flexi\u00f3n en la articulaci\u00f3n del tobillo <\/span><\/li>\n<li class=\"tw-data-text tw-text-large XcVN5d tw-ta\" dir=\"ltr\" data-placeholder=\"Traducci\u00f3n\"><span lang=\"es\">Indestructawool \u2122 La tecnolog\u00eda Indestructawool \u2122 presenta un m\u00e9todo de construcci\u00f3n pendiente de patente para una durabilidad y comodidad excepcionales <\/span><\/li>\n<li class=\"tw-data-text tw-text-large XcVN5d tw-ta\" dir=\"ltr\" data-placeholder=\"Traducci\u00f3n\"><span lang=\"es\">Ventilaci\u00f3n de malla Las zonas de ventilaci\u00f3n de malla proporcionan una gesti\u00f3n \u00f3ptima de la humedad y la m\u00e1xima transpirabilidad <\/span><\/li>\n<li class=\"tw-data-text tw-text-large XcVN5d tw-ta\" dir=\"ltr\" data-placeholder=\"Traducci\u00f3n\"><span lang=\"es\">Coj\u00edn mediano <\/span><\/li>\n<li class=\"tw-data-text tw-text-large XcVN5d tw-ta\" dir=\"ltr\" data-placeholder=\"Traducci\u00f3n\"><span lang=\"es\">Absorci\u00f3n de impacto media para condiciones variadas<\/span><\/li>\n<\/ul>\n","protected":false},"excerpt":{"rendered":"<p>\u00bfBuscas un calcet\u00edn que lo tenga todo? No busque m\u00e1s. El PhD\u00ae Outdoor Medium Crew ofrece ajuste, comodidad y durabilidad envueltos en un calcet\u00edn inteligente. Estos calcetines de senderismo de alto rendimiento cuentan con la tecnolog\u00eda Indestructawool \u2122 para una durabilidad m\u00e1xima, el sistema de ajuste de \u00e9lite 4 Degree \u2122 de Smartwool para un &hellip;<\/p>\n<p class=\"read-more\"> <a class=\"\" href=\"https:\/\/pangeatacticalandoutdoors.com\/index.php\/producto\/smartwool-unisex-outdoor-mini-socks\/\"> <span class=\"screen-reader-text\">SMARTWOOL-UNISEX OUTDOOR MINI SOCKS<\/span> Leer m\u00e1s &raquo;<\/a><\/p>\n","protected":false},"featured_media":5003,"comment_status":"open","ping_status":"closed","template":"","meta":{"site-sidebar-layout":"default","site-content-layout":"default","ast-global-header-display":"","ast-main-header-display":"","ast-hfb-above-header-display":"","ast-hfb-below-header-display":"","ast-hfb-mobile-header-display":"","site-post-title":"","ast-breadcrumbs-content":"","ast-featured-img":"","footer-sml-layout":"","theme-transparent-header-meta":"default","adv-header-id-meta":"","stick-header-meta":"","header-above-stick-meta":"","header-main-stick-meta":"","header-below-stick-meta":""},"product_cat":[339,88],"product_tag":[],"class_list":["post-5002","product","type-product","status-publish","has-post-thumbnail","hentry","product_cat-calcetines","product_cat-campismo"],"jetpack_sharing_enabled":true,"_links":{"self":[{"href":"https:\/\/pangeatacticalandoutdoors.com\/index.php\/wp-json\/wp\/v2\/product\/5002","targetHints":{"allow":["GET"]}}],"collection":[{"href":"https:\/\/pangeatacticalandoutdoors.com\/index.php\/wp-json\/wp\/v2\/product"}],"about":[{"href":"https:\/\/pangeatacticalandoutdoors.com\/index.php\/wp-json\/wp\/v2\/types\/product"}],"replies":[{"embeddable":true,"href":"https:\/\/pangeatacticalandoutdoors.com\/index.php\/wp-json\/wp\/v2\/comments?post=5002"}],"wp:featuredmedia":[{"embeddable":true,"href":"https:\/\/pangeatacticalandoutdoors.com\/index.php\/wp-json\/wp\/v2\/media\/5003"}],"wp:attachment":[{"href":"https:\/\/pangeatacticalandoutdoors.com\/index.php\/wp-json\/wp\/v2\/media?parent=5002"}],"wp:term":[{"taxonomy":"product_cat","embeddable":true,"href":"https:\/\/pangeatacticalandoutdoors.com\/index.php\/wp-json\/wp\/v2\/product_cat?post=5002"},{"taxonomy":"product_tag","embeddable":true,"href":"https:\/\/pangeatacticalandoutdoors.com\/index.php\/wp-json\/wp\/v2\/product_tag?post=5002"}],"curies":[{"name":"wp","href":"https:\/\/api.w.org\/{rel}","templated":true}]}}