{"id":4995,"date":"2021-12-13T12:55:33","date_gmt":"2021-12-13T18:55:33","guid":{"rendered":"https:\/\/pangeatacticalandoutdoors.com\/?post_type=product&#038;p=4995"},"modified":"2023-09-13T19:24:53","modified_gmt":"2023-09-14T00:24:53","slug":"smartwool-womans-outdoor-pttrn-mini-socks-light-cusion","status":"publish","type":"product","link":"https:\/\/pangeatacticalandoutdoors.com\/index.php\/producto\/smartwool-womans-outdoor-pttrn-mini-socks-light-cusion\/","title":{"rendered":"SMARTWOOL-WOMAN\u00b4S OUTDOOR PTTRN MINI SOCKS LIGHT CUSION"},"content":{"rendered":"<p><em>Ideales para largas caminatas de verano, las PHD OUTDOOR LIGHT MINI combinan soporte, elasticidad y recuperaci\u00f3n. Su tecnolog\u00eda INDESTRUCTAWOOL &#8211; te brinda la m\u00e1xima durabilidad, y el sistema 4 DEGREE te da un destacado ajuste. Su ligero amortiguador ofrece protecci\u00f3n contra el impacto del camino, mientras que los dedos est\u00e1n protegidos por sus costuras invisibles SEAMLESS que mejoran la comodidad notablemente.<\/em><\/p>\n<h6>Materiales:<br \/>\n58 % lana + 40 % Nylon + 2 % Elastano<\/h6>\n<p>&nbsp;<\/p>\n","protected":false},"excerpt":{"rendered":"<p>Ideales para largas caminatas de verano, las PHD OUTDOOR LIGHT MINI combinan soporte, elasticidad y recuperaci\u00f3n. Su tecnolog\u00eda INDESTRUCTAWOOL &#8211; te brinda la m\u00e1xima durabilidad, y el sistema 4 DEGREE te da un destacado ajuste. Su ligero amortiguador ofrece protecci\u00f3n contra el impacto del camino, mientras que los dedos est\u00e1n protegidos por sus costuras invisibles &hellip;<\/p>\n<p class=\"read-more\"> <a class=\"\" href=\"https:\/\/pangeatacticalandoutdoors.com\/index.php\/producto\/smartwool-womans-outdoor-pttrn-mini-socks-light-cusion\/\"> <span class=\"screen-reader-text\">SMARTWOOL-WOMAN\u00b4S OUTDOOR PTTRN MINI SOCKS LIGHT CUSION<\/span> Leer m\u00e1s &raquo;<\/a><\/p>\n","protected":false},"featured_media":4996,"comment_status":"open","ping_status":"closed","template":"","meta":{"site-sidebar-layout":"default","site-content-layout":"default","ast-global-header-display":"","ast-main-header-display":"","ast-hfb-above-header-display":"","ast-hfb-below-header-display":"","ast-hfb-mobile-header-display":"","site-post-title":"","ast-breadcrumbs-content":"","ast-featured-img":"","footer-sml-layout":"","theme-transparent-header-meta":"default","adv-header-id-meta":"","stick-header-meta":"","header-above-stick-meta":"","header-main-stick-meta":"","header-below-stick-meta":""},"product_cat":[339,88],"product_tag":[],"class_list":["post-4995","product","type-product","status-publish","has-post-thumbnail","hentry","product_cat-calcetines","product_cat-campismo"],"jetpack_sharing_enabled":true,"_links":{"self":[{"href":"https:\/\/pangeatacticalandoutdoors.com\/index.php\/wp-json\/wp\/v2\/product\/4995","targetHints":{"allow":["GET"]}}],"collection":[{"href":"https:\/\/pangeatacticalandoutdoors.com\/index.php\/wp-json\/wp\/v2\/product"}],"about":[{"href":"https:\/\/pangeatacticalandoutdoors.com\/index.php\/wp-json\/wp\/v2\/types\/product"}],"replies":[{"embeddable":true,"href":"https:\/\/pangeatacticalandoutdoors.com\/index.php\/wp-json\/wp\/v2\/comments?post=4995"}],"wp:featuredmedia":[{"embeddable":true,"href":"https:\/\/pangeatacticalandoutdoors.com\/index.php\/wp-json\/wp\/v2\/media\/4996"}],"wp:attachment":[{"href":"https:\/\/pangeatacticalandoutdoors.com\/index.php\/wp-json\/wp\/v2\/media?parent=4995"}],"wp:term":[{"taxonomy":"product_cat","embeddable":true,"href":"https:\/\/pangeatacticalandoutdoors.com\/index.php\/wp-json\/wp\/v2\/product_cat?post=4995"},{"taxonomy":"product_tag","embeddable":true,"href":"https:\/\/pangeatacticalandoutdoors.com\/index.php\/wp-json\/wp\/v2\/product_tag?post=4995"}],"curies":[{"name":"wp","href":"https:\/\/api.w.org\/{rel}","templated":true}]}}