{"id":4993,"date":"2021-12-13T12:18:21","date_gmt":"2021-12-13T18:18:21","guid":{"rendered":"https:\/\/pangeatacticalandoutdoors.com\/?post_type=product&#038;p=4993"},"modified":"2026-03-09T11:10:23","modified_gmt":"2026-03-09T17:10:23","slug":"smartwool-womans-run-capri-socks-light-elite-cushion","status":"publish","type":"product","link":"https:\/\/pangeatacticalandoutdoors.com\/index.php\/producto\/smartwool-womans-run-capri-socks-light-elite-cushion\/","title":{"rendered":"SMARTWOOL-WOMAN\u00b4S RUN CAPRI SOCKS LIGHT ELITE CUSHION"},"content":{"rendered":"<p><em>Hemos puesto toda nuestra inteligencia en estos nuevos y mejorados calcetines tobilleros bajos Run Zero Cushion Striped para mujer.\u00a0No interrumpir\u00e1 su paso, gracias a nuestra tecnolog\u00eda Indestructawool \u2122 dise\u00f1ada para mayor durabilidad y una leng\u00fceta de Aquiles dise\u00f1ada para ayudar a prevenir el deslizamiento de los calcetines.\u00a0Y al agregar nuestra nueva tecnolog\u00eda Shred Shield \u2122 a algunos de nuestros mejores calcetines para correr, se reduce el desgaste de los dedos de los pies, lo que lo ayuda a avanzar hacia la l\u00ednea de meta y lograr un mayor kilometraje.<\/em><\/p>\n<h6>CARACTER\u00cdSTICAS:<\/h6>\n<ul class=\"pdp-features-list\">\n<li class=\"pdp-features-list-item\">Altura del calcet\u00edn: tobillo bajo<\/li>\n<li class=\"pdp-features-list-item\">Tecnolog\u00eda Indestructawool \u2122 para una mayor durabilidad<\/li>\n<li class=\"pdp-features-list-item\">Sistema de ajuste de \u00e9lite 4 Degree \u2122 para un ajuste marcado y orientado al rendimiento<\/li>\n<li class=\"pdp-features-list-item\">La tecnolog\u00eda Shred Shield \u2122 reduce el desgaste de los dedos de los pies<\/li>\n<li class=\"pdp-features-list-item\">Zonas de malla mapeadas en el cuerpo para mayor transpirabilidad<\/li>\n<li class=\"pdp-features-list-item\">Puntera Virtually Seamless \u2122 para mayor comodidad<\/li>\n<li class=\"pdp-features-list-item\">Leng\u00fceta de Aquiles dise\u00f1ada para evitar que el calcet\u00edn se deslice hacia el interior del calzado<\/li>\n<li class=\"pdp-features-list-item\">Ajuste espec\u00edfico para mujeres;\u00a0tal\u00f3n m\u00e1s estrecho y corte m\u00e1s delgado<\/li>\n<li class=\"pdp-features-list-item\"><b>Fabricado en EE. UU. Con<\/b>\u00a0hilos importados: 49% lana merino, 47% nailon, 4% elastano<\/li>\n<li class=\"pdp-features-list-item\">Estilo: SW001410<\/li>\n<\/ul>\n<h6>BENEFICIOS:<\/h6>\n<ul>\n<li class=\"benefit pdp-benefits-benefit\">Sistema De Ajuste Elite 4 Degree \u2122: Para un ajuste marcado y orientado al rendimiento con zona de flexi\u00f3n en la articulaci\u00f3n del tobillo<\/li>\n<li class=\"pdp-benefits-benefit-name\">Indestructawool \u2122. La tecnolog\u00eda Indestructawool \u2122 presenta un m\u00e9todo de construcci\u00f3n pendiente de patente para una durabilidad y comodidad excepcionales<\/li>\n<li class=\"pdp-benefits-benefit-name\">Shred Shield \u2122: Ayuda a reducir el desgaste de los dedos de los pies<\/li>\n<li class=\"pdp-benefits-benefit-name\">Dedo Del Pie Virtually Seamless \u2122: Costuras de la puntera suavizadas para un ajuste y una comodidad \u00f3ptimos en el calzado<\/li>\n<li class=\"benefit pdp-benefits-benefit\">Ajuste espec\u00edfico para mujeres: Tal\u00f3n m\u00e1s estrecho y corte m\u00e1s delgado<\/li>\n<\/ul>\n<h6><strong>CUIDADOS:<\/strong><\/h6>\n<ul>\n<li>Lavar a m\u00e1quina con agua tibia, del rev\u00e9s<\/li>\n<li>No usa blanqueador<\/li>\n<li>Secar en secadora a baja temperatura<\/li>\n<li>No planchar<\/li>\n<li>No lavar en seco<\/li>\n<\/ul>\n","protected":false},"excerpt":{"rendered":"<p>Hemos puesto toda nuestra inteligencia en estos nuevos y mejorados calcetines tobilleros bajos Run Zero Cushion Striped para mujer.\u00a0No interrumpir\u00e1 su paso, gracias a nuestra tecnolog\u00eda Indestructawool \u2122 dise\u00f1ada para mayor durabilidad y una leng\u00fceta de Aquiles dise\u00f1ada para ayudar a prevenir el deslizamiento de los calcetines.\u00a0Y al agregar nuestra nueva tecnolog\u00eda Shred Shield \u2122 &hellip;<\/p>\n<p class=\"read-more\"> <a class=\"\" href=\"https:\/\/pangeatacticalandoutdoors.com\/index.php\/producto\/smartwool-womans-run-capri-socks-light-elite-cushion\/\"> <span class=\"screen-reader-text\">SMARTWOOL-WOMAN\u00b4S RUN CAPRI SOCKS LIGHT ELITE CUSHION<\/span> Leer m\u00e1s &raquo;<\/a><\/p>\n","protected":false},"featured_media":4994,"comment_status":"open","ping_status":"closed","template":"","meta":{"site-sidebar-layout":"default","site-content-layout":"default","ast-global-header-display":"","ast-main-header-display":"","ast-hfb-above-header-display":"","ast-hfb-below-header-display":"","ast-hfb-mobile-header-display":"","site-post-title":"","ast-breadcrumbs-content":"","ast-featured-img":"","footer-sml-layout":"","theme-transparent-header-meta":"default","adv-header-id-meta":"","stick-header-meta":"","header-above-stick-meta":"","header-main-stick-meta":"","header-below-stick-meta":""},"product_cat":[339,88],"product_tag":[],"class_list":["post-4993","product","type-product","status-publish","has-post-thumbnail","hentry","product_cat-calcetines","product_cat-campismo"],"jetpack_sharing_enabled":true,"_links":{"self":[{"href":"https:\/\/pangeatacticalandoutdoors.com\/index.php\/wp-json\/wp\/v2\/product\/4993","targetHints":{"allow":["GET"]}}],"collection":[{"href":"https:\/\/pangeatacticalandoutdoors.com\/index.php\/wp-json\/wp\/v2\/product"}],"about":[{"href":"https:\/\/pangeatacticalandoutdoors.com\/index.php\/wp-json\/wp\/v2\/types\/product"}],"replies":[{"embeddable":true,"href":"https:\/\/pangeatacticalandoutdoors.com\/index.php\/wp-json\/wp\/v2\/comments?post=4993"}],"wp:featuredmedia":[{"embeddable":true,"href":"https:\/\/pangeatacticalandoutdoors.com\/index.php\/wp-json\/wp\/v2\/media\/4994"}],"wp:attachment":[{"href":"https:\/\/pangeatacticalandoutdoors.com\/index.php\/wp-json\/wp\/v2\/media?parent=4993"}],"wp:term":[{"taxonomy":"product_cat","embeddable":true,"href":"https:\/\/pangeatacticalandoutdoors.com\/index.php\/wp-json\/wp\/v2\/product_cat?post=4993"},{"taxonomy":"product_tag","embeddable":true,"href":"https:\/\/pangeatacticalandoutdoors.com\/index.php\/wp-json\/wp\/v2\/product_tag?post=4993"}],"curies":[{"name":"wp","href":"https:\/\/api.w.org\/{rel}","templated":true}]}}