{"id":4976,"date":"2021-12-10T14:39:03","date_gmt":"2021-12-10T20:39:03","guid":{"rendered":"https:\/\/pangeatacticalandoutdoors.com\/?post_type=product&#038;p=4976"},"modified":"2021-12-10T14:39:03","modified_gmt":"2021-12-10T20:39:03","slug":"iron-guy-traje-de-bombero-kit","status":"publish","type":"product","link":"https:\/\/pangeatacticalandoutdoors.com\/index.php\/producto\/iron-guy-traje-de-bombero-kit\/","title":{"rendered":"IRON GUY-TRAJE DE BOMBERO (KIT)"},"content":{"rendered":"<p><em>Traje destinado a la protecci\u00f3n de los bomberos en sus trabajos de intervenci\u00f3n, frente a condiciones t\u00e9rmicas severas. El dise\u00f1o de esta prenda se centra en todos aquellos elementos que definen el concepto de la ergonom\u00eda como la m\u00e1s importante y destacable caracter\u00edstica del conjunto. Compuesto por pantal\u00f3n, chaquet\u00f3n, tirantes y monja.<\/em><\/p>\n<h6>CARACTER\u00cdSTICAS:<\/h6>\n<ul>\n<li><span style=\"color: #333333;\">Marca: Iron Guy<\/span><\/li>\n<li><span style=\"color: #333333;\">Tama\u00f1o: XXL, XL, L, M<\/span><\/li>\n<li><span style=\"color: #333333;\">Color: Azul marino, naranja para la opci\u00f3n.<\/span><\/li>\n<li><span style=\"color: #333333;\">Material: 100% algod\u00f3n retardante de fuego, recubierto PTEF kevlar, carbono fieltro, tela transpirable, cinta reflectante.<\/span><\/li>\n<li><span style=\"color: #333333;\">Peso Neto: 2.74 kg \/set<\/span><\/li>\n<li><span style=\"color: #333333;\">Capa: 4layers<\/span><\/li>\n<li><span style=\"color: #333333;\">Certificaci\u00f3n Europea<\/span><\/li>\n<\/ul>\n","protected":false},"excerpt":{"rendered":"<p>Traje destinado a la protecci\u00f3n de los bomberos en sus trabajos de intervenci\u00f3n, frente a condiciones t\u00e9rmicas severas. El dise\u00f1o de esta prenda se centra en todos aquellos elementos que definen el concepto de la ergonom\u00eda como la m\u00e1s importante y destacable caracter\u00edstica del conjunto. Compuesto por pantal\u00f3n, chaquet\u00f3n, tirantes y monja. CARACTER\u00cdSTICAS: Marca: Iron &hellip;<\/p>\n<p class=\"read-more\"> <a class=\"\" href=\"https:\/\/pangeatacticalandoutdoors.com\/index.php\/producto\/iron-guy-traje-de-bombero-kit\/\"> <span class=\"screen-reader-text\">IRON GUY-TRAJE DE BOMBERO (KIT)<\/span> Leer m\u00e1s &raquo;<\/a><\/p>\n","protected":false},"featured_media":4977,"comment_status":"open","ping_status":"closed","template":"","meta":{"site-sidebar-layout":"default","site-content-layout":"default","ast-global-header-display":"","ast-main-header-display":"","ast-hfb-above-header-display":"","ast-hfb-below-header-display":"","ast-hfb-mobile-header-display":"","site-post-title":"","ast-breadcrumbs-content":"","ast-featured-img":"","footer-sml-layout":"","theme-transparent-header-meta":"default","adv-header-id-meta":"","stick-header-meta":"","header-above-stick-meta":"","header-main-stick-meta":"","header-below-stick-meta":""},"product_cat":[87,338],"product_tag":[],"class_list":["post-4976","product","type-product","status-publish","has-post-thumbnail","hentry","product_cat-ropa","product_cat-traje-de-bombero"],"jetpack_sharing_enabled":true,"_links":{"self":[{"href":"https:\/\/pangeatacticalandoutdoors.com\/index.php\/wp-json\/wp\/v2\/product\/4976","targetHints":{"allow":["GET"]}}],"collection":[{"href":"https:\/\/pangeatacticalandoutdoors.com\/index.php\/wp-json\/wp\/v2\/product"}],"about":[{"href":"https:\/\/pangeatacticalandoutdoors.com\/index.php\/wp-json\/wp\/v2\/types\/product"}],"replies":[{"embeddable":true,"href":"https:\/\/pangeatacticalandoutdoors.com\/index.php\/wp-json\/wp\/v2\/comments?post=4976"}],"wp:featuredmedia":[{"embeddable":true,"href":"https:\/\/pangeatacticalandoutdoors.com\/index.php\/wp-json\/wp\/v2\/media\/4977"}],"wp:attachment":[{"href":"https:\/\/pangeatacticalandoutdoors.com\/index.php\/wp-json\/wp\/v2\/media?parent=4976"}],"wp:term":[{"taxonomy":"product_cat","embeddable":true,"href":"https:\/\/pangeatacticalandoutdoors.com\/index.php\/wp-json\/wp\/v2\/product_cat?post=4976"},{"taxonomy":"product_tag","embeddable":true,"href":"https:\/\/pangeatacticalandoutdoors.com\/index.php\/wp-json\/wp\/v2\/product_tag?post=4976"}],"curies":[{"name":"wp","href":"https:\/\/api.w.org\/{rel}","templated":true}]}}