{"id":4974,"date":"2021-12-10T14:23:07","date_gmt":"2021-12-10T20:23:07","guid":{"rendered":"https:\/\/pangeatacticalandoutdoors.com\/?post_type=product&#038;p=4974"},"modified":"2025-08-15T13:17:24","modified_gmt":"2025-08-15T19:17:24","slug":"ap-mascarilla-k90-30","status":"publish","type":"product","link":"https:\/\/pangeatacticalandoutdoors.com\/index.php\/producto\/ap-mascarilla-k90-30\/","title":{"rendered":"AP-MASCARILLA K90\/30 BLANCA"},"content":{"rendered":"<p><em>Es un respirador sencillo purificador con clip nasal y doble liga. Es totalmente anat\u00f3mico como todos nuestros respiradores AP, brinda un ajuste perfecto y protecci\u00f3n contra polvos y neblinas sin presencia de aceite. Su forma de dos paneles permite que el respirador sea doblado y guardado en el bolsillo.<\/em><\/p>\n<h6>CARACTER\u00cdSTICAS:<\/h6>\n<ul>\n<li style=\"text-align: justify;\"><span style=\"color: #333333;\">No obstaculiza la respiraci\u00f3n.<\/span><\/li>\n<li style=\"text-align: justify;\"><span style=\"color: #333333;\">Es un respirador desechable (libre de mantenimiento).<\/span><\/li>\n<li style=\"text-align: justify;\"><span style=\"color: #333333;\">Sus el\u00e1sticos no se deforman a altas temperaturas.<\/span><\/li>\n<li style=\"text-align: justify;\"><span style=\"color: #333333;\">Permite una respiraci\u00f3n f\u00e1cil, flexible, libre y c\u00f3moda.<\/span><\/li>\n<li style=\"text-align: justify;\"><span style=\"color: #333333;\">F\u00e1cil de ajustar al rostro debido a su forma anat\u00f3mica y ergon\u00f3mica caracter\u00edstica de los respiradores AP.<\/span><\/li>\n<li style=\"text-align: justify;\"><span style=\"color: #333333;\">Son muy livianos y no distorsionan la voz.<\/span><\/li>\n<li style=\"text-align: justify;\"><span style=\"color: #333333;\">Cuenta con clip nasal pl\u00e1stico el cual se moldea perfectamente al contorno facial.<\/span><\/li>\n<li style=\"text-align: justify;\"><span style=\"color: #333333;\">Interior del puente nasal acojinado.<\/span><\/li>\n<li style=\"text-align: justify;\"><span style=\"color: #333333;\">Gran resistencia a la deformaci\u00f3n ocasionada por la humedad y no se colapsa.<\/span><\/li>\n<li style=\"text-align: justify;\"><span style=\"color: #333333;\">Compatibilidad con otros equipos de seguridad como lo son lentes, tapones auditivos, cascos, escafandras, etc.<\/span><\/li>\n<li style=\"text-align: justify;\"><span style=\"color: #333333;\">Excelente relaci\u00f3n Costo \u2013 Eficiencia.<\/span><\/li>\n<li style=\"text-align: justify;\"><span style=\"color: #333333;\">Puede ser adicionado con v\u00e1lvula de exhalaci\u00f3n.<\/span><\/li>\n<\/ul>\n<h6 style=\"text-align: justify;\"><em><strong><span style=\"color: #333333;\">APLICACIONES:<\/span><\/strong><\/em><\/h6>\n<p style=\"text-align: justify;\"><span style=\"color: #333333;\">Se sugiere utilizar para aplicaciones como: trabajo de rectificado, pulido, barrido, fresado, trabajos con polvos de madera y otros trabajos que producen polvo donde no existe la presencia de neblinas de aceite.<\/span><\/p>\n<p style=\"text-align: justify;\"><span style=\"color: #333333;\">NO USAR en atm\u00f3sferas cuyo contenido de ox\u00edgeno sea menor a 19.5%. No usar en atm\u00f3sferas en las que el contaminante est\u00e9 en concentraciones IDLH (inmediatamente peligroso para la vida y la salud).<\/span><\/p>\n","protected":false},"excerpt":{"rendered":"<p>Es un respirador sencillo purificador con clip nasal y doble liga. Es totalmente anat\u00f3mico como todos nuestros respiradores AP, brinda un ajuste perfecto y protecci\u00f3n contra polvos y neblinas sin presencia de aceite. Su forma de dos paneles permite que el respirador sea doblado y guardado en el bolsillo. CARACTER\u00cdSTICAS: No obstaculiza la respiraci\u00f3n. Es &hellip;<\/p>\n<p class=\"read-more\"> <a class=\"\" href=\"https:\/\/pangeatacticalandoutdoors.com\/index.php\/producto\/ap-mascarilla-k90-30\/\"> <span class=\"screen-reader-text\">AP-MASCARILLA K90\/30 BLANCA<\/span> Leer m\u00e1s &raquo;<\/a><\/p>\n","protected":false},"featured_media":4975,"comment_status":"open","ping_status":"closed","template":"","meta":{"site-sidebar-layout":"default","site-content-layout":"default","ast-global-header-display":"","ast-main-header-display":"","ast-hfb-above-header-display":"","ast-hfb-below-header-display":"","ast-hfb-mobile-header-display":"","site-post-title":"","ast-breadcrumbs-content":"","ast-featured-img":"","footer-sml-layout":"","theme-transparent-header-meta":"default","adv-header-id-meta":"","stick-header-meta":"","header-above-stick-meta":"","header-main-stick-meta":"","header-below-stick-meta":""},"product_cat":[90,337],"product_tag":[],"class_list":["post-4974","product","type-product","status-publish","has-post-thumbnail","hentry","product_cat-accesorios","product_cat-proteccion-respiratoria"],"jetpack_sharing_enabled":true,"_links":{"self":[{"href":"https:\/\/pangeatacticalandoutdoors.com\/index.php\/wp-json\/wp\/v2\/product\/4974","targetHints":{"allow":["GET"]}}],"collection":[{"href":"https:\/\/pangeatacticalandoutdoors.com\/index.php\/wp-json\/wp\/v2\/product"}],"about":[{"href":"https:\/\/pangeatacticalandoutdoors.com\/index.php\/wp-json\/wp\/v2\/types\/product"}],"replies":[{"embeddable":true,"href":"https:\/\/pangeatacticalandoutdoors.com\/index.php\/wp-json\/wp\/v2\/comments?post=4974"}],"wp:featuredmedia":[{"embeddable":true,"href":"https:\/\/pangeatacticalandoutdoors.com\/index.php\/wp-json\/wp\/v2\/media\/4975"}],"wp:attachment":[{"href":"https:\/\/pangeatacticalandoutdoors.com\/index.php\/wp-json\/wp\/v2\/media?parent=4974"}],"wp:term":[{"taxonomy":"product_cat","embeddable":true,"href":"https:\/\/pangeatacticalandoutdoors.com\/index.php\/wp-json\/wp\/v2\/product_cat?post=4974"},{"taxonomy":"product_tag","embeddable":true,"href":"https:\/\/pangeatacticalandoutdoors.com\/index.php\/wp-json\/wp\/v2\/product_tag?post=4974"}],"curies":[{"name":"wp","href":"https:\/\/api.w.org\/{rel}","templated":true}]}}