{"id":4967,"date":"2021-12-10T13:57:11","date_gmt":"2021-12-10T19:57:11","guid":{"rendered":"https:\/\/pangeatacticalandoutdoors.com\/?post_type=product&#038;p=4967"},"modified":"2022-08-23T19:08:02","modified_gmt":"2022-08-24T00:08:02","slug":"ap-mascarilla-m15-p95-ca","status":"publish","type":"product","link":"https:\/\/pangeatacticalandoutdoors.com\/index.php\/producto\/ap-mascarilla-m15-p95-ca\/","title":{"rendered":"AP-MASCARILLA M15 P95\/CA"},"content":{"rendered":"<p><em>Es un respirador purificador de aire que contiene una combinaci\u00f3n de medio filtrante electroest\u00e1tico de alta tecnolog\u00eda con una eficiencia m\u00ednima del 95%, dise\u00f1ado para retener part\u00edculas y neblinas que contienen aceite y por otro lado un filtro de carb\u00f3n activado.<\/em><\/p>\n<h6>CARACTER\u00cdSTICAS:<\/h6>\n<ul>\n<li>No obstaculiza la respiraci\u00f3n.<\/li>\n<li>Es un respirador desechable (libre de mantenimiento).<\/li>\n<li>A prueba de aceite.<\/li>\n<li>Sus el\u00e1sticos no se deforman a altas temperaturas, brindan un ajuste confortable.<\/li>\n<li>Permite una respiraci\u00f3n f\u00e1cil y c\u00f3moda.<\/li>\n<li>Son muy livianos y no distorsionan la voz.<\/li>\n<li>F\u00e1cil de ajustar el rostro debido a su forma anat\u00f3mica y ergon\u00f3mica caracter\u00edstica. Aparte cuenta con un clip nasal pl\u00e1stico que brinda un sello confortable al dorso de la nariz.<\/li>\n<li>Gran resistencia a la deformaci\u00f3n ocasionada por la humedad.<\/li>\n<li>Se ajusta f\u00e1cilmente debajo de los ojos.<\/li>\n<li>Compatibilidad con otros equipos de seguridad como lo son lentes, tapones auditivos, cascos, escafandras, etc.<\/li>\n<li>Buena relaci\u00f3n Costo &#8211; Eficiencia.<\/li>\n<li>Cuenta con un filtro de carb\u00f3n activado para vapores org\u00e1nicos y ciertos gases \u00e1cidos en peque\u00f1as concentraciones.<\/li>\n<\/ul>\n<h6>APLICACIONES:<\/h6>\n<p>CONFIABLE EN SU USO PARA PROTECCI\u00d3N CONTRA HUMOS NEBLINAS Y PARTICULAS CON ACEITE.<\/p>\n<p>PROCESOS DE FUNDICION, SOLDADURA, PROCESOS INDUSTRIALES CON NEBLINAS DE ACEITE, APLICACI\u00d3N DE AGROQUIMICOS, PLAGUICIDAS.<\/p>\n<p>NO SE USE CONTRA PARTICULAS CUYO LIMITE MAXIMO PERMISIBLE DE EXPOSICION SEA MENOS A 0.05 mg\/m\u00b3 Y CUANDO LA CONCENTRACION DE OXIGENO SEA MENOR A 19.5%.<\/p>\n<h4>NORMA: CUMPLE CON LA NOM 116-STPS-1994 EN SU TIPO P-2, AS\u00cd COMO CON LOS PAR\u00c1METROS DE P95.<\/h4>\n<h4>ESTE RESPIRADOR NO SUMINISTRA OXIGENO<\/h4>\n","protected":false},"excerpt":{"rendered":"<p>Es un respirador purificador de aire que contiene una combinaci\u00f3n de medio filtrante electroest\u00e1tico de alta tecnolog\u00eda con una eficiencia m\u00ednima del 95%, dise\u00f1ado para retener part\u00edculas y neblinas que contienen aceite y por otro lado un filtro de carb\u00f3n activado. CARACTER\u00cdSTICAS: No obstaculiza la respiraci\u00f3n. Es un respirador desechable (libre de mantenimiento). A prueba &hellip;<\/p>\n<p class=\"read-more\"> <a class=\"\" href=\"https:\/\/pangeatacticalandoutdoors.com\/index.php\/producto\/ap-mascarilla-m15-p95-ca\/\"> <span class=\"screen-reader-text\">AP-MASCARILLA M15 P95\/CA<\/span> Leer m\u00e1s &raquo;<\/a><\/p>\n","protected":false},"featured_media":4968,"comment_status":"open","ping_status":"closed","template":"","meta":{"site-sidebar-layout":"default","site-content-layout":"default","ast-global-header-display":"","ast-main-header-display":"","ast-hfb-above-header-display":"","ast-hfb-below-header-display":"","ast-hfb-mobile-header-display":"","site-post-title":"","ast-breadcrumbs-content":"","ast-featured-img":"","footer-sml-layout":"","theme-transparent-header-meta":"default","adv-header-id-meta":"","stick-header-meta":"","header-above-stick-meta":"","header-main-stick-meta":"","header-below-stick-meta":""},"product_cat":[90,337],"product_tag":[],"class_list":["post-4967","product","type-product","status-publish","has-post-thumbnail","hentry","product_cat-accesorios","product_cat-proteccion-respiratoria"],"jetpack_sharing_enabled":true,"_links":{"self":[{"href":"https:\/\/pangeatacticalandoutdoors.com\/index.php\/wp-json\/wp\/v2\/product\/4967","targetHints":{"allow":["GET"]}}],"collection":[{"href":"https:\/\/pangeatacticalandoutdoors.com\/index.php\/wp-json\/wp\/v2\/product"}],"about":[{"href":"https:\/\/pangeatacticalandoutdoors.com\/index.php\/wp-json\/wp\/v2\/types\/product"}],"replies":[{"embeddable":true,"href":"https:\/\/pangeatacticalandoutdoors.com\/index.php\/wp-json\/wp\/v2\/comments?post=4967"}],"wp:featuredmedia":[{"embeddable":true,"href":"https:\/\/pangeatacticalandoutdoors.com\/index.php\/wp-json\/wp\/v2\/media\/4968"}],"wp:attachment":[{"href":"https:\/\/pangeatacticalandoutdoors.com\/index.php\/wp-json\/wp\/v2\/media?parent=4967"}],"wp:term":[{"taxonomy":"product_cat","embeddable":true,"href":"https:\/\/pangeatacticalandoutdoors.com\/index.php\/wp-json\/wp\/v2\/product_cat?post=4967"},{"taxonomy":"product_tag","embeddable":true,"href":"https:\/\/pangeatacticalandoutdoors.com\/index.php\/wp-json\/wp\/v2\/product_tag?post=4967"}],"curies":[{"name":"wp","href":"https:\/\/api.w.org\/{rel}","templated":true}]}}