{"id":4961,"date":"2021-12-10T13:40:20","date_gmt":"2021-12-10T19:40:20","guid":{"rendered":"https:\/\/pangeatacticalandoutdoors.com\/?post_type=product&#038;p=4961"},"modified":"2022-03-17T18:29:24","modified_gmt":"2022-03-18T00:29:24","slug":"ap-mascarilla-8g-n95","status":"publish","type":"product","link":"https:\/\/pangeatacticalandoutdoors.com\/index.php\/producto\/ap-mascarilla-8g-n95\/","title":{"rendered":"AP-MASCARILLA 8G N95"},"content":{"rendered":"<h6><span style=\"color: #333333;\"><strong>PART\u00cdCULAS NO T\u00d3XICAS<\/strong><\/span><\/h6>\n<p><em><span style=\"color: #333333;\">Es un respirador sencillo purificador con clip nasal y doble liga. Es totalmente anat\u00f3mico como todos nuestros respiradores AP y brinda un ajuste perfecto. El medio filtrante es para remover part\u00edculas mayores a 10 micras, estos pueden ser polvos libres de aceite. Se fabrica en tama\u00f1o mediano adaptable a cualquier cara.<\/span><\/em><\/p>\n<h6>CARACTER\u00cdSTICAS:<\/h6>\n<ul>\n<li><span style=\"color: #333333;\">Ligero.<\/span><\/li>\n<li><span style=\"color: #333333;\">Desechable.<\/span><\/li>\n<li><span style=\"color: #333333;\">Econ\u00f3mico.<\/span><\/li>\n<li><span style=\"color: #333333;\">No distorsiona la voz.<\/span><\/li>\n<li><span style=\"color: #333333;\">Anat\u00f3mico.<\/span><\/li>\n<li><span style=\"color: #333333;\">Cuenta con clip nasal.<\/span><\/li>\n<li><span style=\"color: #333333;\">No se deforma con la humedad.<\/span><\/li>\n<li><span style=\"color: #333333;\">Se puede doblar para comodidad del usuario y regresa a su forma original.<\/span><\/li>\n<\/ul>\n<h6>APLICACIONES:<\/h6>\n<p>Polvos molestos y part\u00edculas libres de aceite como madera, vidrio, harina, yeso, esmeril, fibras textiles, desperdicios, papel, cart\u00f3n, granos. Aplicable a industrias como la alimenticia, hospitalaria y electr\u00f3nica<\/p>\n<p>NO SE USE PARA PARTICULAS MENORES A 10 MICRAS, HUMOS METALICOS, ORGANICOS, ASBESTOS,Mascarillas SANDBLASTEO, PARTICULAS CON ACEITE, GASES Y VAPORES ORGANICOS.<\/p>\n","protected":false},"excerpt":{"rendered":"<p>PART\u00cdCULAS NO T\u00d3XICAS Es un respirador sencillo purificador con clip nasal y doble liga. Es totalmente anat\u00f3mico como todos nuestros respiradores AP y brinda un ajuste perfecto. El medio filtrante es para remover part\u00edculas mayores a 10 micras, estos pueden ser polvos libres de aceite. Se fabrica en tama\u00f1o mediano adaptable a cualquier cara. CARACTER\u00cdSTICAS: &hellip;<\/p>\n<p class=\"read-more\"> <a class=\"\" href=\"https:\/\/pangeatacticalandoutdoors.com\/index.php\/producto\/ap-mascarilla-8g-n95\/\"> <span class=\"screen-reader-text\">AP-MASCARILLA 8G N95<\/span> Leer m\u00e1s &raquo;<\/a><\/p>\n","protected":false},"featured_media":4962,"comment_status":"open","ping_status":"closed","template":"","meta":{"site-sidebar-layout":"default","site-content-layout":"default","ast-global-header-display":"","ast-main-header-display":"","ast-hfb-above-header-display":"","ast-hfb-below-header-display":"","ast-hfb-mobile-header-display":"","site-post-title":"","ast-breadcrumbs-content":"","ast-featured-img":"","footer-sml-layout":"","theme-transparent-header-meta":"default","adv-header-id-meta":"","stick-header-meta":"","header-above-stick-meta":"","header-main-stick-meta":"","header-below-stick-meta":""},"product_cat":[90,337],"product_tag":[],"class_list":["post-4961","product","type-product","status-publish","has-post-thumbnail","hentry","product_cat-accesorios","product_cat-proteccion-respiratoria"],"jetpack_sharing_enabled":true,"_links":{"self":[{"href":"https:\/\/pangeatacticalandoutdoors.com\/index.php\/wp-json\/wp\/v2\/product\/4961","targetHints":{"allow":["GET"]}}],"collection":[{"href":"https:\/\/pangeatacticalandoutdoors.com\/index.php\/wp-json\/wp\/v2\/product"}],"about":[{"href":"https:\/\/pangeatacticalandoutdoors.com\/index.php\/wp-json\/wp\/v2\/types\/product"}],"replies":[{"embeddable":true,"href":"https:\/\/pangeatacticalandoutdoors.com\/index.php\/wp-json\/wp\/v2\/comments?post=4961"}],"wp:featuredmedia":[{"embeddable":true,"href":"https:\/\/pangeatacticalandoutdoors.com\/index.php\/wp-json\/wp\/v2\/media\/4962"}],"wp:attachment":[{"href":"https:\/\/pangeatacticalandoutdoors.com\/index.php\/wp-json\/wp\/v2\/media?parent=4961"}],"wp:term":[{"taxonomy":"product_cat","embeddable":true,"href":"https:\/\/pangeatacticalandoutdoors.com\/index.php\/wp-json\/wp\/v2\/product_cat?post=4961"},{"taxonomy":"product_tag","embeddable":true,"href":"https:\/\/pangeatacticalandoutdoors.com\/index.php\/wp-json\/wp\/v2\/product_tag?post=4961"}],"curies":[{"name":"wp","href":"https:\/\/api.w.org\/{rel}","templated":true}]}}