{"id":4959,"date":"2021-12-10T13:25:52","date_gmt":"2021-12-10T19:25:52","guid":{"rendered":"https:\/\/pangeatacticalandoutdoors.com\/?post_type=product&#038;p=4959"},"modified":"2022-10-28T16:55:00","modified_gmt":"2022-10-28T21:55:00","slug":"bd-momentum-harness-mens-package","status":"publish","type":"product","link":"https:\/\/pangeatacticalandoutdoors.com\/index.php\/producto\/bd-momentum-harness-mens-package\/","title":{"rendered":"BD-MOMENTUM HARNESS MEN\u00b4S PACKAGE"},"content":{"rendered":"<p><em>Con todo lo que necesita para comenzar en el gimnasio o en el pe\u00f1asco, el paquete Black Diamond Momentum es un paquete completo y conveniente para escaladores vers\u00e1tiles, que incluye nuestro arn\u00e9s m\u00e1s popular para uso vers\u00e1til, el Momentum.<\/em><\/p>\n<h6>CARACTER\u00cdSTICAS:<\/h6>\n<ul>\n<li><span>Arn\u00e9s momentum<\/span><\/li>\n<li><span>Dispositivo de aseguramiento \/ rappel ATC-XP<\/span><\/li>\n<li><span>Mosquet\u00f3n de bloqueo Rocklock Screwgate<\/span><\/li>\n<li><span>Bolsa de tiza Mojo (color aleatorio)<\/span><\/li>\n<li><span>Tiza BD White Gold\u00a0<\/span><\/li>\n<\/ul>\n","protected":false},"excerpt":{"rendered":"<p>Con todo lo que necesita para comenzar en el gimnasio o en el pe\u00f1asco, el paquete Black Diamond Momentum es un paquete completo y conveniente para escaladores vers\u00e1tiles, que incluye nuestro arn\u00e9s m\u00e1s popular para uso vers\u00e1til, el Momentum. CARACTER\u00cdSTICAS: Arn\u00e9s momentum Dispositivo de aseguramiento \/ rappel ATC-XP Mosquet\u00f3n de bloqueo Rocklock Screwgate Bolsa de &hellip;<\/p>\n<p class=\"read-more\"> <a class=\"\" href=\"https:\/\/pangeatacticalandoutdoors.com\/index.php\/producto\/bd-momentum-harness-mens-package\/\"> <span class=\"screen-reader-text\">BD-MOMENTUM HARNESS MEN\u00b4S PACKAGE<\/span> Leer m\u00e1s &raquo;<\/a><\/p>\n","protected":false},"featured_media":4960,"comment_status":"open","ping_status":"closed","template":"","meta":{"site-sidebar-layout":"default","site-content-layout":"default","ast-global-header-display":"","ast-main-header-display":"","ast-hfb-above-header-display":"","ast-hfb-below-header-display":"","ast-hfb-mobile-header-display":"","site-post-title":"","ast-breadcrumbs-content":"","ast-featured-img":"","footer-sml-layout":"","theme-transparent-header-meta":"default","adv-header-id-meta":"","stick-header-meta":"","header-above-stick-meta":"","header-main-stick-meta":"","header-below-stick-meta":""},"product_cat":[333,290,88],"product_tag":[],"class_list":["post-4959","product","type-product","status-publish","has-post-thumbnail","hentry","product_cat-arnes","product_cat-escalada","product_cat-campismo"],"jetpack_sharing_enabled":true,"_links":{"self":[{"href":"https:\/\/pangeatacticalandoutdoors.com\/index.php\/wp-json\/wp\/v2\/product\/4959","targetHints":{"allow":["GET"]}}],"collection":[{"href":"https:\/\/pangeatacticalandoutdoors.com\/index.php\/wp-json\/wp\/v2\/product"}],"about":[{"href":"https:\/\/pangeatacticalandoutdoors.com\/index.php\/wp-json\/wp\/v2\/types\/product"}],"replies":[{"embeddable":true,"href":"https:\/\/pangeatacticalandoutdoors.com\/index.php\/wp-json\/wp\/v2\/comments?post=4959"}],"wp:featuredmedia":[{"embeddable":true,"href":"https:\/\/pangeatacticalandoutdoors.com\/index.php\/wp-json\/wp\/v2\/media\/4960"}],"wp:attachment":[{"href":"https:\/\/pangeatacticalandoutdoors.com\/index.php\/wp-json\/wp\/v2\/media?parent=4959"}],"wp:term":[{"taxonomy":"product_cat","embeddable":true,"href":"https:\/\/pangeatacticalandoutdoors.com\/index.php\/wp-json\/wp\/v2\/product_cat?post=4959"},{"taxonomy":"product_tag","embeddable":true,"href":"https:\/\/pangeatacticalandoutdoors.com\/index.php\/wp-json\/wp\/v2\/product_tag?post=4959"}],"curies":[{"name":"wp","href":"https:\/\/api.w.org\/{rel}","templated":true}]}}