{"id":4935,"date":"2021-12-08T18:41:14","date_gmt":"2021-12-09T00:41:14","guid":{"rendered":"https:\/\/pangeatacticalandoutdoors.com\/?post_type=product&#038;p=4935"},"modified":"2022-07-09T13:40:43","modified_gmt":"2022-07-09T18:40:43","slug":"bd-revolt-350-headlamp","status":"publish","type":"product","link":"https:\/\/pangeatacticalandoutdoors.com\/index.php\/producto\/bd-revolt-350-headlamp\/","title":{"rendered":"BD-REVOLT 350 HEADLAMP"},"content":{"rendered":"<p><em>La Black Diamond REVOLT es una l\u00e1mpara potente, vers\u00e1til y recargable que ahora viene completamente redise\u00f1ada para ser resistente al agua y con una bater\u00eda de iones de litio que le brinda una mayor autonom\u00eda\u00a0que sus versiones anteriores. Sus 350 l\u00famenes de potencia la hacen adaptable para cualquier misi\u00f3n nocturna. Su iluminaci\u00f3n de proximidad te proporciona una amplia \u00e1rea de luz para caminar por el sendero, y su modo de memoria te ofrece la opci\u00f3n de establecer el brillo al primer encendido. Cuenta con un medidor de potencia de tres niveles que evita que te sorprenda la falta de bater\u00eda.<\/em><\/p>\n<h6>CARACTER\u00cdSTICAS:<\/h6>\n<ul>\n<li>L\u00famenes 350<\/li>\n<li>Peso con bater\u00edas 90 gr<\/li>\n<li>M\u00e1xima distancia de iluminaci\u00f3n (Bater\u00edas alcalinas): 82m<\/li>\n<li>M\u00ednima distancia de iluminaci\u00f3n (Bater\u00edas alcalinas): 8m<\/li>\n<li>Tiempo de duraci\u00f3n de las bater\u00edas alcalinas (m\u00e1xima intensidad): 4H<\/li>\n<li>Tiempo de duraci\u00f3n de las bater\u00edas alcalinas (m\u00ednima intensidad): 200H<\/li>\n<li>Rango IPX (resistencia al agua): x4<\/li>\n<li>Luz roja<\/li>\n<li>Bater\u00edas 3 AAA alcalinas<\/li>\n<\/ul>\n","protected":false},"excerpt":{"rendered":"<p>La Black Diamond REVOLT es una l\u00e1mpara potente, vers\u00e1til y recargable que ahora viene completamente redise\u00f1ada para ser resistente al agua y con una bater\u00eda de iones de litio que le brinda una mayor autonom\u00eda\u00a0que sus versiones anteriores. Sus 350 l\u00famenes de potencia la hacen adaptable para cualquier misi\u00f3n nocturna. Su iluminaci\u00f3n de proximidad te &hellip;<\/p>\n<p class=\"read-more\"> <a class=\"\" href=\"https:\/\/pangeatacticalandoutdoors.com\/index.php\/producto\/bd-revolt-350-headlamp\/\"> <span class=\"screen-reader-text\">BD-REVOLT 350 HEADLAMP<\/span> Leer m\u00e1s &raquo;<\/a><\/p>\n","protected":false},"featured_media":4941,"comment_status":"open","ping_status":"closed","template":"","meta":{"site-sidebar-layout":"default","site-content-layout":"default","ast-global-header-display":"","ast-main-header-display":"","ast-hfb-above-header-display":"","ast-hfb-below-header-display":"","ast-hfb-mobile-header-display":"","site-post-title":"","ast-breadcrumbs-content":"","ast-featured-img":"","footer-sml-layout":"","theme-transparent-header-meta":"default","adv-header-id-meta":"","stick-header-meta":"","header-above-stick-meta":"","header-main-stick-meta":"","header-below-stick-meta":""},"product_cat":[335,88],"product_tag":[],"class_list":["post-4935","product","type-product","status-publish","has-post-thumbnail","hentry","product_cat-lamparas","product_cat-campismo"],"jetpack_sharing_enabled":true,"_links":{"self":[{"href":"https:\/\/pangeatacticalandoutdoors.com\/index.php\/wp-json\/wp\/v2\/product\/4935","targetHints":{"allow":["GET"]}}],"collection":[{"href":"https:\/\/pangeatacticalandoutdoors.com\/index.php\/wp-json\/wp\/v2\/product"}],"about":[{"href":"https:\/\/pangeatacticalandoutdoors.com\/index.php\/wp-json\/wp\/v2\/types\/product"}],"replies":[{"embeddable":true,"href":"https:\/\/pangeatacticalandoutdoors.com\/index.php\/wp-json\/wp\/v2\/comments?post=4935"}],"wp:featuredmedia":[{"embeddable":true,"href":"https:\/\/pangeatacticalandoutdoors.com\/index.php\/wp-json\/wp\/v2\/media\/4941"}],"wp:attachment":[{"href":"https:\/\/pangeatacticalandoutdoors.com\/index.php\/wp-json\/wp\/v2\/media?parent=4935"}],"wp:term":[{"taxonomy":"product_cat","embeddable":true,"href":"https:\/\/pangeatacticalandoutdoors.com\/index.php\/wp-json\/wp\/v2\/product_cat?post=4935"},{"taxonomy":"product_tag","embeddable":true,"href":"https:\/\/pangeatacticalandoutdoors.com\/index.php\/wp-json\/wp\/v2\/product_tag?post=4935"}],"curies":[{"name":"wp","href":"https:\/\/api.w.org\/{rel}","templated":true}]}}