{"id":4933,"date":"2021-12-08T18:24:26","date_gmt":"2021-12-09T00:24:26","guid":{"rendered":"https:\/\/pangeatacticalandoutdoors.com\/?post_type=product&#038;p=4933"},"modified":"2022-09-06T15:25:30","modified_gmt":"2022-09-06T20:25:30","slug":"bd-repo-chalk-bag","status":"publish","type":"product","link":"https:\/\/pangeatacticalandoutdoors.com\/index.php\/producto\/bd-repo-chalk-bag\/","title":{"rendered":"BD-REPO CHALK BAG"},"content":{"rendered":"<p><em>Black Diamond construy\u00f3 la bolsa de magnesia Repo, a partir de retazos de tela reutilizados de su maquiladora. Ahora, la nueva Repo tambi\u00e9n presenta una forma c\u00f3nica, un sistema de cierre mejorado y un tejido de mayor calidad. La bolsa tambi\u00e9n incluye un cintur\u00f3n con una hebilla de liberaci\u00f3n r\u00e1pida.<\/em><\/p>\n<h6>CARACTER\u00cdSTICAS:<\/h6>\n<ul>\n<li>Forma c\u00f3nica moderna con borde de alambre flexible hecha de materiales reutilizados.<\/li>\n<li>Interior forrado de vell\u00f3n con cierre de cord\u00f3n.<\/li>\n<li>Portacepillo.<\/li>\n<li>Cintur\u00f3n con hebilla de liberaci\u00f3n r\u00e1pida.<\/li>\n<li>Peso: 83 g.<\/li>\n<\/ul>\n","protected":false},"excerpt":{"rendered":"<p>Black Diamond construy\u00f3 la bolsa de magnesia Repo, a partir de retazos de tela reutilizados de su maquiladora. Ahora, la nueva Repo tambi\u00e9n presenta una forma c\u00f3nica, un sistema de cierre mejorado y un tejido de mayor calidad. La bolsa tambi\u00e9n incluye un cintur\u00f3n con una hebilla de liberaci\u00f3n r\u00e1pida. CARACTER\u00cdSTICAS: Forma c\u00f3nica moderna con &hellip;<\/p>\n<p class=\"read-more\"> <a class=\"\" href=\"https:\/\/pangeatacticalandoutdoors.com\/index.php\/producto\/bd-repo-chalk-bag\/\"> <span class=\"screen-reader-text\">BD-REPO CHALK BAG<\/span> Leer m\u00e1s &raquo;<\/a><\/p>\n","protected":false},"featured_media":4934,"comment_status":"open","ping_status":"closed","template":"","meta":{"site-sidebar-layout":"default","site-content-layout":"default","ast-global-header-display":"","ast-main-header-display":"","ast-hfb-above-header-display":"","ast-hfb-below-header-display":"","ast-hfb-mobile-header-display":"","site-post-title":"","ast-breadcrumbs-content":"","ast-featured-img":"","footer-sml-layout":"","theme-transparent-header-meta":"default","adv-header-id-meta":"","stick-header-meta":"","header-above-stick-meta":"","header-main-stick-meta":"","header-below-stick-meta":""},"product_cat":[331,290,88],"product_tag":[],"class_list":["post-4933","product","type-product","status-publish","has-post-thumbnail","hentry","product_cat-chalk-bag","product_cat-escalada","product_cat-campismo"],"jetpack_sharing_enabled":true,"_links":{"self":[{"href":"https:\/\/pangeatacticalandoutdoors.com\/index.php\/wp-json\/wp\/v2\/product\/4933","targetHints":{"allow":["GET"]}}],"collection":[{"href":"https:\/\/pangeatacticalandoutdoors.com\/index.php\/wp-json\/wp\/v2\/product"}],"about":[{"href":"https:\/\/pangeatacticalandoutdoors.com\/index.php\/wp-json\/wp\/v2\/types\/product"}],"replies":[{"embeddable":true,"href":"https:\/\/pangeatacticalandoutdoors.com\/index.php\/wp-json\/wp\/v2\/comments?post=4933"}],"wp:featuredmedia":[{"embeddable":true,"href":"https:\/\/pangeatacticalandoutdoors.com\/index.php\/wp-json\/wp\/v2\/media\/4934"}],"wp:attachment":[{"href":"https:\/\/pangeatacticalandoutdoors.com\/index.php\/wp-json\/wp\/v2\/media?parent=4933"}],"wp:term":[{"taxonomy":"product_cat","embeddable":true,"href":"https:\/\/pangeatacticalandoutdoors.com\/index.php\/wp-json\/wp\/v2\/product_cat?post=4933"},{"taxonomy":"product_tag","embeddable":true,"href":"https:\/\/pangeatacticalandoutdoors.com\/index.php\/wp-json\/wp\/v2\/product_tag?post=4933"}],"curies":[{"name":"wp","href":"https:\/\/api.w.org\/{rel}","templated":true}]}}