{"id":4929,"date":"2021-12-08T18:14:25","date_gmt":"2021-12-09T00:14:25","guid":{"rendered":"https:\/\/pangeatacticalandoutdoors.com\/?post_type=product&#038;p=4929"},"modified":"2024-04-12T16:15:50","modified_gmt":"2024-04-12T21:15:50","slug":"bd-oval-keylock-screwgate-biner","status":"publish","type":"product","link":"https:\/\/pangeatacticalandoutdoors.com\/index.php\/producto\/bd-oval-keylock-screwgate-biner\/","title":{"rendered":"BD-OVAL KEYLOCK SCREWGATE BINER POLISHED"},"content":{"rendered":"<p><em>Una nueva adici\u00f3n a la familia de ovales, este mosquet\u00f3n sim\u00e9trico es el modelo cl\u00e1sico, pero incorpora un dise\u00f1o de bloqueo sin trabas y agrega un cierre de rosca para su funcionalidad, lo que lo convierte en un mosquet\u00f3n esencial en tu rack.<\/em><\/p>\n<h6>CARACTER\u00cdSTICAS:<\/h6>\n<ul>\n<li>Dise\u00f1o de bloqueo de rosca sin enganches.<\/li>\n<li>Gran capacidad de carga.<\/li>\n<li>Dise\u00f1o sim\u00e9trico probado.<\/li>\n<li>Peso: 62 g<\/li>\n<li>Resistencia a puerta cerrada: 23 kN<\/li>\n<li>Resistencia a puerta abierta: 7 kN<\/li>\n<li>Resistencia del eje menor: 9 kN<\/li>\n<li>Abertura: 18 mm<\/li>\n<\/ul>\n","protected":false},"excerpt":{"rendered":"<p>Una nueva adici\u00f3n a la familia de ovales, este mosquet\u00f3n sim\u00e9trico es el modelo cl\u00e1sico, pero incorpora un dise\u00f1o de bloqueo sin trabas y agrega un cierre de rosca para su funcionalidad, lo que lo convierte en un mosquet\u00f3n esencial en tu rack. CARACTER\u00cdSTICAS: Dise\u00f1o de bloqueo de rosca sin enganches. Gran capacidad de carga. &hellip;<\/p>\n<p class=\"read-more\"> <a class=\"\" href=\"https:\/\/pangeatacticalandoutdoors.com\/index.php\/producto\/bd-oval-keylock-screwgate-biner\/\"> <span class=\"screen-reader-text\">BD-OVAL KEYLOCK SCREWGATE BINER POLISHED<\/span> Leer m\u00e1s &raquo;<\/a><\/p>\n","protected":false},"featured_media":4930,"comment_status":"open","ping_status":"closed","template":"","meta":{"site-sidebar-layout":"default","site-content-layout":"default","ast-global-header-display":"","ast-main-header-display":"","ast-hfb-above-header-display":"","ast-hfb-below-header-display":"","ast-hfb-mobile-header-display":"","site-post-title":"","ast-breadcrumbs-content":"","ast-featured-img":"","footer-sml-layout":"","theme-transparent-header-meta":"default","adv-header-id-meta":"","stick-header-meta":"","header-above-stick-meta":"","header-main-stick-meta":"","header-below-stick-meta":""},"product_cat":[290,172,88],"product_tag":[],"class_list":["post-4929","product","type-product","status-publish","has-post-thumbnail","hentry","product_cat-escalada","product_cat-mosquetones","product_cat-campismo"],"jetpack_sharing_enabled":true,"_links":{"self":[{"href":"https:\/\/pangeatacticalandoutdoors.com\/index.php\/wp-json\/wp\/v2\/product\/4929","targetHints":{"allow":["GET"]}}],"collection":[{"href":"https:\/\/pangeatacticalandoutdoors.com\/index.php\/wp-json\/wp\/v2\/product"}],"about":[{"href":"https:\/\/pangeatacticalandoutdoors.com\/index.php\/wp-json\/wp\/v2\/types\/product"}],"replies":[{"embeddable":true,"href":"https:\/\/pangeatacticalandoutdoors.com\/index.php\/wp-json\/wp\/v2\/comments?post=4929"}],"wp:featuredmedia":[{"embeddable":true,"href":"https:\/\/pangeatacticalandoutdoors.com\/index.php\/wp-json\/wp\/v2\/media\/4930"}],"wp:attachment":[{"href":"https:\/\/pangeatacticalandoutdoors.com\/index.php\/wp-json\/wp\/v2\/media?parent=4929"}],"wp:term":[{"taxonomy":"product_cat","embeddable":true,"href":"https:\/\/pangeatacticalandoutdoors.com\/index.php\/wp-json\/wp\/v2\/product_cat?post=4929"},{"taxonomy":"product_tag","embeddable":true,"href":"https:\/\/pangeatacticalandoutdoors.com\/index.php\/wp-json\/wp\/v2\/product_tag?post=4929"}],"curies":[{"name":"wp","href":"https:\/\/api.w.org\/{rel}","templated":true}]}}