{"id":4900,"date":"2021-12-08T18:10:19","date_gmt":"2021-12-09T00:10:19","guid":{"rendered":"https:\/\/pangeatacticalandoutdoors.com\/?post_type=product&#038;p=4900"},"modified":"2026-03-09T09:52:00","modified_gmt":"2026-03-09T15:52:00","slug":"bd-momentum-climbing-shoes","status":"publish","type":"product","link":"https:\/\/pangeatacticalandoutdoors.com\/index.php\/producto\/bd-momentum-climbing-shoes\/","title":{"rendered":"BD-MOMENTUM CLIMBING SHOES"},"content":{"rendered":"<p><em>Black Diamond decidi\u00f3 echar manos a la obra para crear su l\u00ednea de calzado de escalada. Las Momentum Men&#8217;s son las gatas construidas para brindarte una m\u00e1xima comodidad, sin dejar de lado el rendimiento. Cuentan con tecnolog\u00eda Enginereed Knit para una transpiraci\u00f3n excepcional y una perfecta elasticidad donde m\u00e1s la necesitas. Su goma patentada te da la flexi\u00f3n y soporte perfectos para una sesi\u00f3n de entrenamiento o rutas moderadas; tiene una entresuela ultrasuave para conservar la sensibilidad.<\/em><\/p>\n<h6>CARACTER\u00cdSTICAS:<\/h6>\n<ul>\n<li>Uso: Principiantes.<\/li>\n<li>Neutro, plano.<\/li>\n<li>Tecnolog\u00eda Engineered Knit en la parte superior para una transpirabilidad y comodidad excepcionales.<\/li>\n<li>Caucho de 4.3mm para un agarre superior y consistencia \u00f3ptima.<\/li>\n<li>Entresuela suave y flexible.<\/li>\n<li>Dos correas de velcro para un ajuste ideal.<\/li>\n<li>Cierre: Velcro<\/li>\n<\/ul>\n","protected":false},"excerpt":{"rendered":"<p>Black Diamond decidi\u00f3 echar manos a la obra para crear su l\u00ednea de calzado de escalada. Las Momentum Men&#8217;s son las gatas construidas para brindarte una m\u00e1xima comodidad, sin dejar de lado el rendimiento. Cuentan con tecnolog\u00eda Enginereed Knit para una transpiraci\u00f3n excepcional y una perfecta elasticidad donde m\u00e1s la necesitas. Su goma patentada te &hellip;<\/p>\n<p class=\"read-more\"> <a class=\"\" href=\"https:\/\/pangeatacticalandoutdoors.com\/index.php\/producto\/bd-momentum-climbing-shoes\/\"> <span class=\"screen-reader-text\">BD-MOMENTUM CLIMBING SHOES<\/span> Leer m\u00e1s &raquo;<\/a><\/p>\n","protected":false},"featured_media":4927,"comment_status":"open","ping_status":"closed","template":"","meta":{"site-sidebar-layout":"default","site-content-layout":"default","ast-global-header-display":"","ast-main-header-display":"","ast-hfb-above-header-display":"","ast-hfb-below-header-display":"","ast-hfb-mobile-header-display":"","site-post-title":"","ast-breadcrumbs-content":"","ast-featured-img":"","footer-sml-layout":"","theme-transparent-header-meta":"default","adv-header-id-meta":"","stick-header-meta":"","header-above-stick-meta":"","header-main-stick-meta":"","header-below-stick-meta":""},"product_cat":[290,88,292],"product_tag":[],"class_list":["post-4900","product","type-product","status-publish","has-post-thumbnail","hentry","product_cat-escalada","product_cat-campismo","product_cat-tenis"],"jetpack_sharing_enabled":true,"_links":{"self":[{"href":"https:\/\/pangeatacticalandoutdoors.com\/index.php\/wp-json\/wp\/v2\/product\/4900","targetHints":{"allow":["GET"]}}],"collection":[{"href":"https:\/\/pangeatacticalandoutdoors.com\/index.php\/wp-json\/wp\/v2\/product"}],"about":[{"href":"https:\/\/pangeatacticalandoutdoors.com\/index.php\/wp-json\/wp\/v2\/types\/product"}],"replies":[{"embeddable":true,"href":"https:\/\/pangeatacticalandoutdoors.com\/index.php\/wp-json\/wp\/v2\/comments?post=4900"}],"wp:featuredmedia":[{"embeddable":true,"href":"https:\/\/pangeatacticalandoutdoors.com\/index.php\/wp-json\/wp\/v2\/media\/4927"}],"wp:attachment":[{"href":"https:\/\/pangeatacticalandoutdoors.com\/index.php\/wp-json\/wp\/v2\/media?parent=4900"}],"wp:term":[{"taxonomy":"product_cat","embeddable":true,"href":"https:\/\/pangeatacticalandoutdoors.com\/index.php\/wp-json\/wp\/v2\/product_cat?post=4900"},{"taxonomy":"product_tag","embeddable":true,"href":"https:\/\/pangeatacticalandoutdoors.com\/index.php\/wp-json\/wp\/v2\/product_tag?post=4900"}],"curies":[{"name":"wp","href":"https:\/\/api.w.org\/{rel}","templated":true}]}}