{"id":4863,"date":"2021-12-08T11:56:05","date_gmt":"2021-12-08T17:56:05","guid":{"rendered":"https:\/\/pangeatacticalandoutdoors.com\/?post_type=product&#038;p=4863"},"modified":"2023-12-27T18:21:51","modified_gmt":"2023-12-28T00:21:51","slug":"bd-momentum-harness","status":"publish","type":"product","link":"https:\/\/pangeatacticalandoutdoors.com\/index.php\/producto\/bd-momentum-harness\/","title":{"rendered":"BD-MOMENTUM HARNESS"},"content":{"rendered":"<p><em>Para las escaladoras vers\u00e1tiles que saben que el tiempo que pasan jugando con las perneras y ajustando el cintur\u00f3n es una p\u00e9rdida de tiempo, el arn\u00e9s Black Diamond Momentum para mujeres ofrece un dise\u00f1o que ahorra tiempo para todos los estilos de escalada.\u00a0Una hebilla de cintur\u00f3n de ajuste de velocidad preenhebrada ahorra tiempo y elimina los errores al abrocharse, mientras que Dual Core Construction \u2122 pone \u00e9nfasis en la comodidad, incluso cuando est\u00e1s apostado en un seguro colgante.\u00a0Los perneras TrakFIT se ajustan f\u00e1cilmente para los d\u00edas fr\u00edos de oto\u00f1o en el risco o los d\u00edas de verano ardientes en largos largos, y cuatro portamateriales moldeados a presi\u00f3n y un lazo de transporte hacen de este nuestro todoterreno m\u00e1s popular.<\/em><\/p>\n<h6>CARACTER\u00cdSTICAS:<\/h6>\n<ul>\n<li>Hebilla de cintur\u00f3n de ajuste de velocidad con rosca previa<\/li>\n<li>Cintur\u00f3n en forma de meg\u00e1fono construido con Dual Core Construction \u2122<\/li>\n<li>Ajuste trakFIT \u2122 para una f\u00e1cil personalizaci\u00f3n del lazo de las piernas<\/li>\n<li>Elevador el\u00e1stico trasero ajustable<\/li>\n<li>Cuatro portamateriales moldeados a presi\u00f3n<\/li>\n<li>Bucle de transporte<\/li>\n<li>Aumento espec\u00edfico para mujeres<\/li>\n<\/ul>\n","protected":false},"excerpt":{"rendered":"<p>Para las escaladoras vers\u00e1tiles que saben que el tiempo que pasan jugando con las perneras y ajustando el cintur\u00f3n es una p\u00e9rdida de tiempo, el arn\u00e9s Black Diamond Momentum para mujeres ofrece un dise\u00f1o que ahorra tiempo para todos los estilos de escalada.\u00a0Una hebilla de cintur\u00f3n de ajuste de velocidad preenhebrada ahorra tiempo y elimina &hellip;<\/p>\n<p class=\"read-more\"> <a class=\"\" href=\"https:\/\/pangeatacticalandoutdoors.com\/index.php\/producto\/bd-momentum-harness\/\"> <span class=\"screen-reader-text\">BD-MOMENTUM HARNESS<\/span> Leer m\u00e1s &raquo;<\/a><\/p>\n","protected":false},"featured_media":4885,"comment_status":"open","ping_status":"closed","template":"","meta":{"site-sidebar-layout":"default","site-content-layout":"default","ast-global-header-display":"","ast-main-header-display":"","ast-hfb-above-header-display":"","ast-hfb-below-header-display":"","ast-hfb-mobile-header-display":"","site-post-title":"","ast-breadcrumbs-content":"","ast-featured-img":"","footer-sml-layout":"","theme-transparent-header-meta":"default","adv-header-id-meta":"","stick-header-meta":"","header-above-stick-meta":"","header-main-stick-meta":"","header-below-stick-meta":""},"product_cat":[333,290,88],"product_tag":[],"class_list":["post-4863","product","type-product","status-publish","has-post-thumbnail","hentry","product_cat-arnes","product_cat-escalada","product_cat-campismo"],"jetpack_sharing_enabled":true,"_links":{"self":[{"href":"https:\/\/pangeatacticalandoutdoors.com\/index.php\/wp-json\/wp\/v2\/product\/4863","targetHints":{"allow":["GET"]}}],"collection":[{"href":"https:\/\/pangeatacticalandoutdoors.com\/index.php\/wp-json\/wp\/v2\/product"}],"about":[{"href":"https:\/\/pangeatacticalandoutdoors.com\/index.php\/wp-json\/wp\/v2\/types\/product"}],"replies":[{"embeddable":true,"href":"https:\/\/pangeatacticalandoutdoors.com\/index.php\/wp-json\/wp\/v2\/comments?post=4863"}],"wp:featuredmedia":[{"embeddable":true,"href":"https:\/\/pangeatacticalandoutdoors.com\/index.php\/wp-json\/wp\/v2\/media\/4885"}],"wp:attachment":[{"href":"https:\/\/pangeatacticalandoutdoors.com\/index.php\/wp-json\/wp\/v2\/media?parent=4863"}],"wp:term":[{"taxonomy":"product_cat","embeddable":true,"href":"https:\/\/pangeatacticalandoutdoors.com\/index.php\/wp-json\/wp\/v2\/product_cat?post=4863"},{"taxonomy":"product_tag","embeddable":true,"href":"https:\/\/pangeatacticalandoutdoors.com\/index.php\/wp-json\/wp\/v2\/product_tag?post=4863"}],"curies":[{"name":"wp","href":"https:\/\/api.w.org\/{rel}","templated":true}]}}