{"id":4854,"date":"2021-12-07T11:37:36","date_gmt":"2021-12-07T17:37:36","guid":{"rendered":"https:\/\/pangeatacticalandoutdoors.com\/?post_type=product&#038;p=4854"},"modified":"2023-11-15T17:35:43","modified_gmt":"2023-11-15T23:35:43","slug":"bd-mojo-chalk-bag","status":"publish","type":"product","link":"https:\/\/pangeatacticalandoutdoors.com\/index.php\/producto\/bd-mojo-chalk-bag\/","title":{"rendered":"BD-MOJO CHALK BAG"},"content":{"rendered":"<p><em>Con un dise\u00f1o cil\u00edndrico cl\u00e1sico, un borde de alambre flexible y un cierre mejorado, la bolsa de tiza Black Diamond Mojo es nuestra bolsa de tiza para la funcionalidad diaria, desde las rocas hasta las paredes grandes.\u00a0El cintur\u00f3n de cinta incluido con una hebilla de liberaci\u00f3n r\u00e1pida permite poner y quitar r\u00e1pidamente.<\/em><\/p>\n<h6>CARACTER\u00cdSTICAS:<\/h6>\n<ul>\n<li><span>Forma cil\u00edndrica cl\u00e1sica con borde de alambre flexible<\/span><\/li>\n<li><span>Interior forrado de vell\u00f3n con cierre de cord\u00f3n de cincha<\/span><\/li>\n<li><span>Portaescobillas<\/span><\/li>\n<li><span>Cintur\u00f3n de cincha con hebilla de liberaci\u00f3n r\u00e1pida<\/span><\/li>\n<li><span>S \/ M y M \/ L<\/span><\/li>\n<\/ul>\n","protected":false},"excerpt":{"rendered":"<p>Con un dise\u00f1o cil\u00edndrico cl\u00e1sico, un borde de alambre flexible y un cierre mejorado, la bolsa de tiza Black Diamond Mojo es nuestra bolsa de tiza para la funcionalidad diaria, desde las rocas hasta las paredes grandes.\u00a0El cintur\u00f3n de cinta incluido con una hebilla de liberaci\u00f3n r\u00e1pida permite poner y quitar r\u00e1pidamente. CARACTER\u00cdSTICAS: Forma cil\u00edndrica &hellip;<\/p>\n<p class=\"read-more\"> <a class=\"\" href=\"https:\/\/pangeatacticalandoutdoors.com\/index.php\/producto\/bd-mojo-chalk-bag\/\"> <span class=\"screen-reader-text\">BD-MOJO CHALK BAG<\/span> Leer m\u00e1s &raquo;<\/a><\/p>\n","protected":false},"featured_media":4860,"comment_status":"open","ping_status":"closed","template":"","meta":{"site-sidebar-layout":"default","site-content-layout":"default","ast-global-header-display":"","ast-main-header-display":"","ast-hfb-above-header-display":"","ast-hfb-below-header-display":"","ast-hfb-mobile-header-display":"","site-post-title":"","ast-breadcrumbs-content":"","ast-featured-img":"","footer-sml-layout":"","theme-transparent-header-meta":"default","adv-header-id-meta":"","stick-header-meta":"","header-above-stick-meta":"","header-main-stick-meta":"","header-below-stick-meta":""},"product_cat":[331,88],"product_tag":[],"class_list":["post-4854","product","type-product","status-publish","has-post-thumbnail","hentry","product_cat-chalk-bag","product_cat-campismo"],"jetpack_sharing_enabled":true,"_links":{"self":[{"href":"https:\/\/pangeatacticalandoutdoors.com\/index.php\/wp-json\/wp\/v2\/product\/4854","targetHints":{"allow":["GET"]}}],"collection":[{"href":"https:\/\/pangeatacticalandoutdoors.com\/index.php\/wp-json\/wp\/v2\/product"}],"about":[{"href":"https:\/\/pangeatacticalandoutdoors.com\/index.php\/wp-json\/wp\/v2\/types\/product"}],"replies":[{"embeddable":true,"href":"https:\/\/pangeatacticalandoutdoors.com\/index.php\/wp-json\/wp\/v2\/comments?post=4854"}],"wp:featuredmedia":[{"embeddable":true,"href":"https:\/\/pangeatacticalandoutdoors.com\/index.php\/wp-json\/wp\/v2\/media\/4860"}],"wp:attachment":[{"href":"https:\/\/pangeatacticalandoutdoors.com\/index.php\/wp-json\/wp\/v2\/media?parent=4854"}],"wp:term":[{"taxonomy":"product_cat","embeddable":true,"href":"https:\/\/pangeatacticalandoutdoors.com\/index.php\/wp-json\/wp\/v2\/product_cat?post=4854"},{"taxonomy":"product_tag","embeddable":true,"href":"https:\/\/pangeatacticalandoutdoors.com\/index.php\/wp-json\/wp\/v2\/product_tag?post=4854"}],"curies":[{"name":"wp","href":"https:\/\/api.w.org\/{rel}","templated":true}]}}