{"id":4847,"date":"2021-12-06T13:08:40","date_gmt":"2021-12-06T19:08:40","guid":{"rendered":"https:\/\/pangeatacticalandoutdoors.com\/?post_type=product&#038;p=4847"},"modified":"2021-12-14T18:07:08","modified_gmt":"2021-12-15T00:07:08","slug":"bd-litewire-carabiner","status":"publish","type":"product","link":"https:\/\/pangeatacticalandoutdoors.com\/index.php\/producto\/bd-litewire-carabiner\/","title":{"rendered":"BD-LITEWIRE CARABINER"},"content":{"rendered":"<p><em>El mosquet\u00f3n presenta una construcci\u00f3n forjada en caliente, lo que nos permite eliminar el peso donde no es necesario y agregar material donde la durabilidad es clave. Cuenta con una canastilla que sostiene la eslinga de un Camalot, y le agrega durabilidad no s\u00f3lo al mosquet\u00f3n, sino tambi\u00e9n a su cuerda. Adem\u00e1s de que se ha optimizado el borde de la nariz para permitir un enganche eficiente, lo que hace que el LiteWire sea un mosquet\u00f3n ultra resistente esperando a ser utilizado.<\/em><\/p>\n<h6>CARACTER\u00cdSTICAS:<\/h6>\n<ul>\n<li>Ideal para la escalada tradicional.<\/li>\n<li>Forjado en caliente para una construcci\u00f3n m\u00e1s ligera.<\/li>\n<li>Mayor superficie de soporte de la cuerda que aumenta su durabilidad.<\/li>\n<li>La geometr\u00eda de su nariz permite un f\u00e1cil y eficiente desenganche.<\/li>\n<li>Peso: 32 g<\/li>\n<li>Resistencia a puerta cerrada: 24 kN<\/li>\n<li>Resistencia a puerta abierta: 8 kN<\/li>\n<li>Resistencia menor del eje: 8 kN<\/li>\n<li>Apertura de puerta: 23 mm<\/li>\n<\/ul>\n","protected":false},"excerpt":{"rendered":"<p>El mosquet\u00f3n presenta una construcci\u00f3n forjada en caliente, lo que nos permite eliminar el peso donde no es necesario y agregar material donde la durabilidad es clave. Cuenta con una canastilla que sostiene la eslinga de un Camalot, y le agrega durabilidad no s\u00f3lo al mosquet\u00f3n, sino tambi\u00e9n a su cuerda. Adem\u00e1s de que se &hellip;<\/p>\n<p class=\"read-more\"> <a class=\"\" href=\"https:\/\/pangeatacticalandoutdoors.com\/index.php\/producto\/bd-litewire-carabiner\/\"> <span class=\"screen-reader-text\">BD-LITEWIRE CARABINER<\/span> Leer m\u00e1s &raquo;<\/a><\/p>\n","protected":false},"featured_media":4848,"comment_status":"open","ping_status":"closed","template":"","meta":{"site-sidebar-layout":"default","site-content-layout":"default","ast-global-header-display":"","ast-main-header-display":"","ast-hfb-above-header-display":"","ast-hfb-below-header-display":"","ast-hfb-mobile-header-display":"","site-post-title":"","ast-breadcrumbs-content":"","ast-featured-img":"","footer-sml-layout":"","theme-transparent-header-meta":"default","adv-header-id-meta":"","stick-header-meta":"","header-above-stick-meta":"","header-main-stick-meta":"","header-below-stick-meta":""},"product_cat":[172,88],"product_tag":[],"class_list":["post-4847","product","type-product","status-publish","has-post-thumbnail","hentry","product_cat-mosquetones","product_cat-campismo"],"jetpack_sharing_enabled":true,"_links":{"self":[{"href":"https:\/\/pangeatacticalandoutdoors.com\/index.php\/wp-json\/wp\/v2\/product\/4847","targetHints":{"allow":["GET"]}}],"collection":[{"href":"https:\/\/pangeatacticalandoutdoors.com\/index.php\/wp-json\/wp\/v2\/product"}],"about":[{"href":"https:\/\/pangeatacticalandoutdoors.com\/index.php\/wp-json\/wp\/v2\/types\/product"}],"replies":[{"embeddable":true,"href":"https:\/\/pangeatacticalandoutdoors.com\/index.php\/wp-json\/wp\/v2\/comments?post=4847"}],"wp:featuredmedia":[{"embeddable":true,"href":"https:\/\/pangeatacticalandoutdoors.com\/index.php\/wp-json\/wp\/v2\/media\/4848"}],"wp:attachment":[{"href":"https:\/\/pangeatacticalandoutdoors.com\/index.php\/wp-json\/wp\/v2\/media?parent=4847"}],"wp:term":[{"taxonomy":"product_cat","embeddable":true,"href":"https:\/\/pangeatacticalandoutdoors.com\/index.php\/wp-json\/wp\/v2\/product_cat?post=4847"},{"taxonomy":"product_tag","embeddable":true,"href":"https:\/\/pangeatacticalandoutdoors.com\/index.php\/wp-json\/wp\/v2\/product_tag?post=4847"}],"curies":[{"name":"wp","href":"https:\/\/api.w.org\/{rel}","templated":true}]}}