{"id":4845,"date":"2021-12-06T12:59:32","date_gmt":"2021-12-06T18:59:32","guid":{"rendered":"https:\/\/pangeatacticalandoutdoors.com\/?post_type=product&#038;p=4845"},"modified":"2022-09-01T16:52:12","modified_gmt":"2022-09-01T21:52:12","slug":"bd-liteforge-screwgate-carabiner","status":"publish","type":"product","link":"https:\/\/pangeatacticalandoutdoors.com\/index.php\/producto\/bd-liteforge-screwgate-carabiner\/","title":{"rendered":"BD-LITEFORGE SCREWGATE CARABINER"},"content":{"rendered":"<p><em>Un mosquet\u00f3n con cierre de rosca multifuncional, ligero y compacto, el Black Diamond HotForge Screwgate presenta una construcci\u00f3n forjada en caliente, lo que permite eliminar el peso donde no se necesita y agrega material donde la durabilidad es clave, y una nariz de perfil bajo que no se engancha y que es f\u00e1cil de cerrar y limpiar. Ideal para usar en belays, top roping o siempre que necesite un mosquet\u00f3n de confianza, el HotForge acomoda un enganche y est\u00e1 dise\u00f1ado para misiones de escalada diarias que requieren confiabilidad y durabilidad.<\/em><\/p>\n<h6>CARACTER\u00cdSTICAS:<\/h6>\n<ul>\n<li>Forjado en caliente para una construcci\u00f3n m\u00e1s ligera.<\/li>\n<li>Nariz con cerradura que previene enganches.<\/li>\n<li>Forma funcional f\u00e1cil de sostener.<\/li>\n<li>Cierre de rosca.<\/li>\n<li>Tipo B &#8220;B\u00e1sico&#8221;, conector de bloqueo.<\/li>\n<li>Peso: 50 g<\/li>\n<li>Resistencia a puerta cerrada: 24 kN<\/li>\n<li>Resistencia a puerta abierta: 8 kN<\/li>\n<li>Resistencia menor del eje: 8 kN<\/li>\n<li>Apertura de puerta: 18 mm<\/li>\n<\/ul>\n","protected":false},"excerpt":{"rendered":"<p>Un mosquet\u00f3n con cierre de rosca multifuncional, ligero y compacto, el Black Diamond HotForge Screwgate presenta una construcci\u00f3n forjada en caliente, lo que permite eliminar el peso donde no se necesita y agrega material donde la durabilidad es clave, y una nariz de perfil bajo que no se engancha y que es f\u00e1cil de cerrar &hellip;<\/p>\n<p class=\"read-more\"> <a class=\"\" href=\"https:\/\/pangeatacticalandoutdoors.com\/index.php\/producto\/bd-liteforge-screwgate-carabiner\/\"> <span class=\"screen-reader-text\">BD-LITEFORGE SCREWGATE CARABINER<\/span> Leer m\u00e1s &raquo;<\/a><\/p>\n","protected":false},"featured_media":4846,"comment_status":"open","ping_status":"closed","template":"","meta":{"site-sidebar-layout":"default","site-content-layout":"default","ast-global-header-display":"","ast-main-header-display":"","ast-hfb-above-header-display":"","ast-hfb-below-header-display":"","ast-hfb-mobile-header-display":"","site-post-title":"","ast-breadcrumbs-content":"","ast-featured-img":"","footer-sml-layout":"","theme-transparent-header-meta":"default","adv-header-id-meta":"","stick-header-meta":"","header-above-stick-meta":"","header-main-stick-meta":"","header-below-stick-meta":""},"product_cat":[172,88],"product_tag":[],"class_list":["post-4845","product","type-product","status-publish","has-post-thumbnail","hentry","product_cat-mosquetones","product_cat-campismo"],"jetpack_sharing_enabled":true,"_links":{"self":[{"href":"https:\/\/pangeatacticalandoutdoors.com\/index.php\/wp-json\/wp\/v2\/product\/4845","targetHints":{"allow":["GET"]}}],"collection":[{"href":"https:\/\/pangeatacticalandoutdoors.com\/index.php\/wp-json\/wp\/v2\/product"}],"about":[{"href":"https:\/\/pangeatacticalandoutdoors.com\/index.php\/wp-json\/wp\/v2\/types\/product"}],"replies":[{"embeddable":true,"href":"https:\/\/pangeatacticalandoutdoors.com\/index.php\/wp-json\/wp\/v2\/comments?post=4845"}],"wp:featuredmedia":[{"embeddable":true,"href":"https:\/\/pangeatacticalandoutdoors.com\/index.php\/wp-json\/wp\/v2\/media\/4846"}],"wp:attachment":[{"href":"https:\/\/pangeatacticalandoutdoors.com\/index.php\/wp-json\/wp\/v2\/media?parent=4845"}],"wp:term":[{"taxonomy":"product_cat","embeddable":true,"href":"https:\/\/pangeatacticalandoutdoors.com\/index.php\/wp-json\/wp\/v2\/product_cat?post=4845"},{"taxonomy":"product_tag","embeddable":true,"href":"https:\/\/pangeatacticalandoutdoors.com\/index.php\/wp-json\/wp\/v2\/product_tag?post=4845"}],"curies":[{"name":"wp","href":"https:\/\/api.w.org\/{rel}","templated":true}]}}