{"id":4843,"date":"2021-12-06T12:51:58","date_gmt":"2021-12-06T18:51:58","guid":{"rendered":"https:\/\/pangeatacticalandoutdoors.com\/?post_type=product&#038;p=4843"},"modified":"2026-03-09T09:49:36","modified_gmt":"2026-03-09T15:49:36","slug":"dm-hotforge-quickpack","status":"publish","type":"product","link":"https:\/\/pangeatacticalandoutdoors.com\/index.php\/producto\/dm-hotforge-quickpack\/","title":{"rendered":"BD-HOTFORGE QUICKPACK"},"content":{"rendered":"<p><em>Un paquete de seis anillas, cada una con un nuevo mosquet\u00f3n HotForge de puerta recta en la parte superior y de puerta curva en el inferior, as\u00ed como una duradera banda tipo Dogbone de poli\u00e9ster. El Black Diamond HotForge Quickdraw es la anilla de valor superior con funcionalidad de bloqueo. El dise\u00f1o ligero combinado con una construcci\u00f3n forjada en caliente reduce los inconvenientes mientras escalas tu ruta. Su inserci\u00f3n Straitjacket mantiene al mosquet\u00f3n inferior en la posici\u00f3n \u00f3ptima de enganche.<\/em><\/p>\n<h6>CARACTER\u00cdSTICAS:<\/h6>\n<ul>\n<li>Nuevo HotForge de puerta recta en la parte superior y el redise\u00f1ado HotForge de puerta curva en la parte inferior.<\/li>\n<li>HotForge inferior con codificaci\u00f3n de color para una identificaci\u00f3n visual m\u00e1s f\u00e1cil.<\/li>\n<li>Puertas duales que facilitan el enganche y desenganche.<\/li>\n<li>Equipado con un Dogbone de poli\u00e9ster de 18 mm con refuerzo Straitjacket.<\/li>\n<li>Contenido: 6 piezas.<\/li>\n<li>Peso: 618 g (21.6 oz) por 6.<\/li>\n<li>Resistencia a puerta cerrada: 24 kN (5,395 lbf)<\/li>\n<li>Resistencia a puerta abierta: 8 kN (1798 lbf)<\/li>\n<li>Resistencia menor del eje: 8 kN (1798 lbf)<\/li>\n<li>Apertura de puerta:<\/li>\n<li>Hotforge straight: 22 mm (0.87 in)<\/li>\n<li>Hotforge bent: 24 mm (0.95 in)<\/li>\n<li>Peso: 12 cm: 618 g<\/li>\n<\/ul>\n","protected":false},"excerpt":{"rendered":"<p>Un paquete de seis anillas, cada una con un nuevo mosquet\u00f3n HotForge de puerta recta en la parte superior y de puerta curva en el inferior, as\u00ed como una duradera banda tipo Dogbone de poli\u00e9ster. El Black Diamond HotForge Quickdraw es la anilla de valor superior con funcionalidad de bloqueo. El dise\u00f1o ligero combinado con &hellip;<\/p>\n<p class=\"read-more\"> <a class=\"\" href=\"https:\/\/pangeatacticalandoutdoors.com\/index.php\/producto\/dm-hotforge-quickpack\/\"> <span class=\"screen-reader-text\">BD-HOTFORGE QUICKPACK<\/span> Leer m\u00e1s &raquo;<\/a><\/p>\n","protected":false},"featured_media":4844,"comment_status":"open","ping_status":"closed","template":"","meta":{"site-sidebar-layout":"default","site-content-layout":"default","ast-global-header-display":"","ast-main-header-display":"","ast-hfb-above-header-display":"","ast-hfb-below-header-display":"","ast-hfb-mobile-header-display":"","site-post-title":"","ast-breadcrumbs-content":"","ast-featured-img":"","footer-sml-layout":"","theme-transparent-header-meta":"default","adv-header-id-meta":"","stick-header-meta":"","header-above-stick-meta":"","header-main-stick-meta":"","header-below-stick-meta":""},"product_cat":[172,88],"product_tag":[],"class_list":["post-4843","product","type-product","status-publish","has-post-thumbnail","hentry","product_cat-mosquetones","product_cat-campismo"],"jetpack_sharing_enabled":true,"_links":{"self":[{"href":"https:\/\/pangeatacticalandoutdoors.com\/index.php\/wp-json\/wp\/v2\/product\/4843","targetHints":{"allow":["GET"]}}],"collection":[{"href":"https:\/\/pangeatacticalandoutdoors.com\/index.php\/wp-json\/wp\/v2\/product"}],"about":[{"href":"https:\/\/pangeatacticalandoutdoors.com\/index.php\/wp-json\/wp\/v2\/types\/product"}],"replies":[{"embeddable":true,"href":"https:\/\/pangeatacticalandoutdoors.com\/index.php\/wp-json\/wp\/v2\/comments?post=4843"}],"wp:featuredmedia":[{"embeddable":true,"href":"https:\/\/pangeatacticalandoutdoors.com\/index.php\/wp-json\/wp\/v2\/media\/4844"}],"wp:attachment":[{"href":"https:\/\/pangeatacticalandoutdoors.com\/index.php\/wp-json\/wp\/v2\/media?parent=4843"}],"wp:term":[{"taxonomy":"product_cat","embeddable":true,"href":"https:\/\/pangeatacticalandoutdoors.com\/index.php\/wp-json\/wp\/v2\/product_cat?post=4843"},{"taxonomy":"product_tag","embeddable":true,"href":"https:\/\/pangeatacticalandoutdoors.com\/index.php\/wp-json\/wp\/v2\/product_tag?post=4843"}],"curies":[{"name":"wp","href":"https:\/\/api.w.org\/{rel}","templated":true}]}}